{"id":129,"date":"2019-12-13T06:50:21","date_gmt":"2019-12-13T06:50:21","guid":{"rendered":"https:\/\/mealwormmachine.com\/?page_id=129"},"modified":"2023-03-29T14:29:49","modified_gmt":"2023-03-29T06:29:49","slug":"about","status":"publish","type":"page","link":"https:\/\/hanger-machine.com\/de\/about\/","title":{"rendered":"\u00dcber uns"},"content":{"rendered":"<div class=\"kk-star-ratings kksr-auto kksr-align-left kksr-valign-top\"     data-payload='{&quot;align&quot;:&quot;left&quot;,&quot;id&quot;:&quot;512&quot;,&quot;slug&quot;:&quot;default&quot;,&quot;valign&quot;:&quot;top&quot;,&quot;ignore&quot;:&quot;&quot;,&quot;reference&quot;:&quot;auto&quot;,&quot;class&quot;:&quot;&quot;,&quot;count&quot;:&quot;17&quot;,&quot;legendonly&quot;:&quot;&quot;,&quot;readonly&quot;:&quot;&quot;,&quot;score&quot;:&quot;4.9&quot;,&quot;starsonly&quot;:&quot;&quot;,&quot;best&quot;:&quot;5&quot;,&quot;gap&quot;:&quot;5&quot;,&quot;greet&quot;:&quot;Rate this post&quot;,&quot;legend&quot;:&quot;4.9\\\/5 - (17 votes)&quot;,&quot;size&quot;:&quot;24&quot;,&quot;title&quot;:&quot;HIGH-SPEED HANGER MACHINE&quot;,&quot;width&quot;:&quot;139.6&quot;,&quot;_legend&quot;:&quot;{score}\\\/{best} - ({count} {votes})&quot;,&quot;font_factor&quot;:&quot;1.25&quot;}'>              <div class=\"kksr-stars\">      <div class=\"kksr-stars-inactive\">             <div class=\"kksr-star\" data-star=\"1\" style=\"padding-right: 5px\">               <div class=\"kksr-icon\" style=\"width: 24px; height: 24px;\"><\/div>         <\/div>             <div class=\"kksr-star\" data-star=\"2\" style=\"padding-right: 5px\">               <div class=\"kksr-icon\" style=\"width: 24px; height: 24px;\"><\/div>         <\/div>             <div class=\"kksr-star\" data-star=\"3\" style=\"padding-right: 5px\">               <div class=\"kksr-icon\" style=\"width: 24px; height: 24px;\"><\/div>         <\/div>             <div class=\"kksr-star\" data-star=\"4\" style=\"padding-right: 5px\">               <div class=\"kksr-icon\" style=\"width: 24px; height: 24px;\"><\/div>         <\/div>             <div class=\"kksr-star\" data-star=\"5\" style=\"padding-right: 5px\">               <div class=\"kksr-icon\" style=\"width: 24px; height: 24px;\"><\/div>         <\/div>     <\/div>      <div class=\"kksr-stars-active\" style=\"width: 139.6px;\">             <div class=\"kksr-star\" style=\"padding-right: 5px\">               <div class=\"kksr-icon\" style=\"width: 24px; height: 24px;\"><\/div>         <\/div>             <div class=\"kksr-star\" style=\"padding-right: 5px\">               <div class=\"kksr-icon\" style=\"width: 24px; height: 24px;\"><\/div>         <\/div>             <div class=\"kksr-star\" style=\"padding-right: 5px\">               <div class=\"kksr-icon\" style=\"width: 24px; height: 24px;\"><\/div>         <\/div>             <div class=\"kksr-star\" style=\"padding-right: 5px\">               <div class=\"kksr-icon\" style=\"width: 24px; height: 24px;\"><\/div>         <\/div>             <div class=\"kksr-star\" style=\"padding-right: 5px\">               <div class=\"kksr-icon\" style=\"width: 24px; height: 24px;\"><\/div>         <\/div>     <\/div> <\/div>                   <div class=\"kksr-legend\" style=\"font-size: 19.2px;\">             Die Bekleidungsindustrie Chinas hat von 2000 bis heute drei Entwicklungsphasen durchlaufen, n\u00e4mlich die Beschleunigungsphase, die Phase der schnellen Entwicklung und die Phase der stabilen Entwicklung mit niedriger Geschwindigkeit. Tats\u00e4chlich steigt nicht nur in China, sondern auch in verschiedenen L\u00e4ndern die Nachfrage nach Bekleidung.    <\/div>     <\/div> \t\t<div data-elementor-type=\"wp-page\" data-elementor-id=\"129\" class=\"elementor elementor-129\" data-elementor-post-type=\"page\"> \t\t\t\t\t\t<section class=\"elementor-section elementor-top-section elementor-element elementor-element-17d151af elementor-section-full_width elementor-section-height-min-height elementor-section-height-default elementor-section-items-middle\" data-id=\"17d151af\" data-element_type=\"section\" data-e-type=\"section\"> \t\t\t\t\t\t<div class=\"elementor-container elementor-column-gap-default\"> \t\t\t\t\t<div class=\"elementor-column elementor-col-100 elementor-top-column elementor-element elementor-element-67311eda\" data-id=\"67311eda\" data-element_type=\"column\" data-e-type=\"column\"> \t\t\t<div class=\"elementor-widget-wrap elementor-element-populated\"> \t\t\t\t\t\t<div class=\"elementor-element elementor-element-7dab401f elementor-view-default elementor-widget elementor-widget-icon\" data-id=\"7dab401f\" data-element_type=\"widget\" data-e-type=\"widget\" data-widget_type=\"icon.default\"> \t\t\t\t\t\t\t<div class=\"elementor-icon-wrapper\"> \t\t\t<a class=\"elementor-icon elementor-animation-sink\" href=\"#down\"> \t\t\t<svg xmlns=\"http:\/\/www.w3.org\/2000\/svg\" width=\"22.141\" height=\"41.0008\" viewbox=\"0 0 22.141 41.0008\"><title>1<\/title><g id=\"f1d121dd-2fd6-488e-ab66-46a3ffdb65e0\" data-name=\"Layer 2\"><g id=\"a8bf0207-953c-4a3d-9d70-d9875ea768f4\" data-name=\"Layer 1\"><path d=\"M.333,30.727A1.1165,1.1165,0,0,1,1.904,29.14l8.047,8.047V1.127A1.1178,1.1178,0,0,1,11.062,0a1.1314,1.1314,0,0,1,1.127,1.127v36.06l8.032-8.047a1.1393,1.1393,0,0,1,1.587,0,1.1119,1.1119,0,0,1,0,1.587l-9.952,9.952a1.12,1.12,0,0,1-1.571,0Z\"><\/path><\/g><\/g><\/svg>\t\t\t<\/a> \t\t<\/div> \t\t\t\t\t\t<\/div> \t\t\t\t\t<\/div> \t\t<\/div> \t\t\t\t\t<\/div> \t\t<\/section> \t\t\t\t<section class=\"elementor-section elementor-top-section elementor-element elementor-element-a6d9e22 elementor-section-height-min-height elementor-section-boxed elementor-section-height-default elementor-section-items-middle\" data-id=\"a6d9e22\" data-element_type=\"section\" data-e-type=\"section\"> \t\t\t\t\t\t<div class=\"elementor-container elementor-column-gap-default\"> \t\t\t\t\t<div class=\"elementor-column elementor-col-100 elementor-top-column elementor-element elementor-element-2b10870\" data-id=\"2b10870\" data-element_type=\"column\" data-e-type=\"column\"> \t\t\t<div class=\"elementor-widget-wrap elementor-element-populated\"> \t\t\t\t\t\t<div class=\"elementor-element elementor-element-9a566cc elementor-widget elementor-widget-heading\" data-id=\"9a566cc\" data-element_type=\"widget\" data-e-type=\"widget\" data-widget_type=\"heading.default\"> \t\t\t\t\t<h1 class=\"elementor-heading-title elementor-size-default\">\u00dcber uns<\/h1>\t\t\t\t<\/div> \t\t\t\t\t<\/div> \t\t<\/div> \t\t\t\t\t<\/div> \t\t<\/section> \t\t\t\t<section class=\"elementor-section elementor-top-section elementor-element elementor-element-84853f5 elementor-section-full_width elementor-section-content-middle elementor-section-height-default elementor-section-height-default\" data-id=\"84853f5\" data-element_type=\"section\" data-e-type=\"section\"> \t\t\t\t\t\t<div class=\"elementor-container elementor-column-gap-no\"> \t\t\t\t\t<div class=\"elementor-column elementor-col-33 elementor-top-column elementor-element elementor-element-5ecbc4cf\" data-id=\"5ecbc4cf\" data-element_type=\"column\" data-e-type=\"column\"> \t\t\t<div class=\"elementor-widget-wrap elementor-element-populated\"> \t\t\t\t\t\t<div class=\"elementor-element elementor-element-bb2db9c elementor-widget elementor-widget-text-editor\" data-id=\"bb2db9c\" data-element_type=\"widget\" data-e-type=\"widget\" data-widget_type=\"text-editor.default\"> \t\t\t\t\t\t\t\t\t<p>Unsere Geschichte<\/p>\t\t\t\t\t\t\t\t<\/div> \t\t\t\t<div class=\"elementor-element elementor-element-7fb4feb6 elementor-widget elementor-widget-heading\" data-id=\"7fb4feb6\" data-element_type=\"widget\" data-e-type=\"widget\" data-widget_type=\"heading.default\"> \t\t\t\t\t<h3 class=\"elementor-heading-title elementor-size-default\">\u00dcber Shuliy<\/h3>\t\t\t\t<\/div> \t\t\t\t<div class=\"elementor-element elementor-element-173d67e6 elementor-widget-divider--view-line elementor-widget elementor-widget-divider\" data-id=\"173d67e6\" data-element_type=\"widget\" data-e-type=\"widget\" data-widget_type=\"divider.default\"> \t\t\t\t\t\t\t<div class=\"elementor-divider\"> \t\t\t<span class=\"elementor-divider-separator\"> \t\t\t\t\t\t<\/span> \t\t<\/div> \t\t\t\t\t\t<\/div> \t\t\t\t\t<\/div> \t\t<\/div> \t\t\t\t<div class=\"elementor-column elementor-col-33 elementor-top-column elementor-element elementor-element-45319428\" data-id=\"45319428\" data-element_type=\"column\" data-e-type=\"column\"> \t\t\t<div class=\"elementor-widget-wrap elementor-element-populated\"> \t\t\t\t\t\t<div class=\"elementor-element elementor-element-5b33aa37 elementor-widget elementor-widget-text-editor\" data-id=\"5b33aa37\" data-element_type=\"widget\" data-e-type=\"widget\" data-widget_type=\"text-editor.default\"> \t\t\t\t\t\t\t\t\t<p>Shuliy Machinery Co., Ltd. wurde 2011 gegr\u00fcndet und hat seinen Sitz in Zhengzhou, China, mit bequemen Transportm\u00f6glichkeiten und einer wundersch\u00f6nen Landschaft. Nach jahrelanger Erfahrung verbessern wir die Maschine kontinuierlich, um hervorragende Leistung und gute Qualit\u00e4t zu erreichen.<\/p><h2>Unser Gesch\u00e4ftsumfang<\/h2><ol><li><p class=\"translation-block\"><b><\/b><strong>Produktions- und Fertigungsmaschinen.<\/strong> Wir sind der Hersteller und Lieferant von Maschinen mit einem sehr professionellen mechanischen F&amp;E-Team. Jedes Jahr investieren wir viel Geld in Maschinenmodernisierung und Forschung und Entwicklung, um den Kunden fortschrittlichere Maschinen anbieten zu k\u00f6nnen.<\/p><\/li><li><strong>Maschinenverkauf.<\/strong> Derzeit werden unsere Maschinen in viele L\u00e4nder auf der ganzen Welt verkauft und wir haben gute Kooperationsbeziehungen mit mehr als 80 L\u00e4ndern aufgebaut. Zum Beispiel: Vereinigte Staaten, Vereinigtes K\u00f6nigreich, Usbekistan, Nigeria, Tunesien, Indien, Pakistan, T\u00fcrkei, Algerien usw.<\/li><li><strong>Fabrikplanung.<\/strong> Wir k\u00f6nnen Kunden bei der Planung von Fabriken, der Berechnung der Fabrikfl\u00e4che, dem Zeichnen von Fabrikgrundrissen und 3D-Zeichnungen usw. unterst\u00fctzen.<\/li><li><strong>Personalvermittler.<\/strong> Viele Altkunden sind zu unseren Vermittlern geworden, sie sind daf\u00fcr verantwortlich, Kunden an uns weiterzuempfehlen, und wir zahlen ihnen entsprechende Provisionen. Der Prozess, Agent zu werden, ist nicht kompliziert, und wenn Sie diese Absicht haben, k\u00f6nnen Sie sie unserem Vertriebsleiter mitteilen.<\/li><\/ol><h2>Unsere Mission<\/h2><p>Aus der Perspektive des Marktes und der Bed\u00fcrfnisse der Kunden helfen wir Unternehmen und ihren Produkten, ein gutes Image aufzubauen, den Marktraum zu erweitern, um Wettbewerbsvorteile zu schaffen, und die immateriellen Verm\u00f6genswerte von Unternehmen zu verbessern.\u00a0Bieten Sie Ihren Kunden fortschrittliche Technologie und Maschinen von ausgezeichneter Qualit\u00e4t.<\/p><p>Shuliy\u00a0Machinery freut sich auf die Zusammenarbeit mit Ihnen!<\/p>\t\t\t\t\t\t\t\t<\/div> \t\t\t\t\t<\/div> \t\t<\/div> \t\t\t\t<div class=\"elementor-column elementor-col-33 elementor-top-column elementor-element elementor-element-5e260f5a\" data-id=\"5e260f5a\" data-element_type=\"column\" data-e-type=\"column\"> \t\t\t<div class=\"elementor-widget-wrap elementor-element-populated\"> \t\t\t\t\t\t<div class=\"elementor-element elementor-element-3af51e20 elementor-widget elementor-widget-image\" data-id=\"3af51e20\" data-element_type=\"widget\" data-e-type=\"widget\" data-widget_type=\"image.default\"> \t\t\t\t\t\t\t\t\t\t\t\t\t\t\t<img fetchpriority=\"high\" decoding=\"async\" width=\"720\" height=\"540\" src=\"https:\/\/hanger-machine.com\/wp-content\/uploads\/2019\/12\/company-building.jpg\" class=\"attachment-full size-full wp-image-318\" alt=\"Firmenaufbau\" srcset=\"https:\/\/hanger-machine.com\/wp-content\/uploads\/2019\/12\/company-building.jpg 720w, https:\/\/hanger-machine.com\/wp-content\/uploads\/2019\/12\/company-building-300x225.jpg 300w\" sizes=\"(max-width: 720px) 100vw, 720px\" \/>\t\t\t\t\t\t\t\t\t\t\t\t\t\t\t<\/div> \t\t\t\t<div class=\"elementor-element elementor-element-e9ae595 elementor-widget elementor-widget-image\" data-id=\"e9ae595\" data-element_type=\"widget\" data-e-type=\"widget\" data-widget_type=\"image.default\"> \t\t\t\t\t\t\t\t\t\t\t\t\t\t\t<img decoding=\"async\" width=\"1200\" height=\"500\" src=\"https:\/\/hanger-machine.com\/wp-content\/uploads\/2019\/12\/certificate.jpg\" class=\"attachment-full size-full wp-image-319\" alt=\"Zertifikat\" srcset=\"https:\/\/hanger-machine.com\/wp-content\/uploads\/2019\/12\/certificate.jpg 1200w, https:\/\/hanger-machine.com\/wp-content\/uploads\/2019\/12\/certificate-300x125.jpg 300w, https:\/\/hanger-machine.com\/wp-content\/uploads\/2019\/12\/certificate-768x320.jpg 768w\" sizes=\"(max-width: 1200px) 100vw, 1200px\" \/>\t\t\t\t\t\t\t\t\t\t\t\t\t\t\t<\/div> \t\t\t\t<div class=\"elementor-element elementor-element-cda1e3e elementor-widget elementor-widget-image\" data-id=\"cda1e3e\" data-element_type=\"widget\" data-e-type=\"widget\" data-widget_type=\"image.default\"> \t\t\t\t\t\t\t\t\t\t\t\t\t\t\t<img decoding=\"async\" width=\"2048\" height=\"1365\" src=\"https:\/\/hanger-machine.com\/wp-content\/uploads\/2019\/12\/shuliy-group-scaled.jpg\" class=\"attachment-full size-full wp-image-320\" alt=\"Schulgruppe\" srcset=\"https:\/\/hanger-machine.com\/wp-content\/uploads\/2019\/12\/shuliy-group-scaled.jpg 2048w, https:\/\/hanger-machine.com\/wp-content\/uploads\/2019\/12\/shuliy-group-300x200.jpg 300w, https:\/\/hanger-machine.com\/wp-content\/uploads\/2019\/12\/shuliy-group-1620x1080.jpg 1620w, https:\/\/hanger-machine.com\/wp-content\/uploads\/2019\/12\/shuliy-group-768x512.jpg 768w, https:\/\/hanger-machine.com\/wp-content\/uploads\/2019\/12\/shuliy-group-1536x1024.jpg 1536w\" sizes=\"(max-width: 2048px) 100vw, 2048px\" \/>\t\t\t\t\t\t\t\t\t\t\t\t\t\t\t<\/div> \t\t\t\t\t<\/div> \t\t<\/div> \t\t\t\t\t<\/div> \t\t<\/section> \t\t\t\t<section class=\"elementor-section elementor-top-section elementor-element elementor-element-3b0d1f38 elementor-section-full_width elementor-section-height-min-height elementor-section-items-stretch elementor-section-height-default\" data-id=\"3b0d1f38\" data-element_type=\"section\" data-e-type=\"section\" data-settings=\"{&quot;background_background&quot;:&quot;classic&quot;}\"> \t\t\t\t\t\t<div class=\"elementor-container elementor-column-gap-default\"> \t\t\t\t\t<div class=\"elementor-column elementor-col-100 elementor-top-column elementor-element elementor-element-4a27ea18\" data-id=\"4a27ea18\" data-element_type=\"column\" data-e-type=\"column\"> \t\t\t<div class=\"elementor-widget-wrap elementor-element-populated\"> \t\t\t\t\t\t<div class=\"elementor-element elementor-element-5de3513a elementor-widget elementor-widget-heading\" data-id=\"5de3513a\" data-element_type=\"widget\" data-e-type=\"widget\" data-widget_type=\"heading.default\"> \t\t\t\t\t<h2 class=\"elementor-heading-title elementor-size-default\">Der <br>Blog.<\/h2>\t\t\t\t<\/div> \t\t\t\t<div class=\"elementor-element elementor-element-26173a1 elementor-widget-divider--view-line elementor-widget elementor-widget-divider\" data-id=\"26173a1\" data-element_type=\"widget\" data-e-type=\"widget\" data-widget_type=\"divider.default\"> \t\t\t\t\t\t\t<div class=\"elementor-divider\"> \t\t\t<span class=\"elementor-divider-separator\"> \t\t\t\t\t\t<\/span> \t\t<\/div> \t\t\t\t\t\t<\/div> \t\t\t\t<div class=\"elementor-element elementor-element-589eea38 elementor-posts--align-left elementor-grid-3 elementor-grid-tablet-2 elementor-grid-mobile-1 elementor-posts--thumbnail-top elementor-posts__hover-gradient elementor-widget elementor-widget-posts\" data-id=\"589eea38\" data-element_type=\"widget\" data-e-type=\"widget\" data-settings=\"{&quot;cards_row_gap&quot;:{&quot;unit&quot;:&quot;px&quot;,&quot;size&quot;:30,&quot;sizes&quot;:[]},&quot;cards_columns&quot;:&quot;3&quot;,&quot;cards_columns_tablet&quot;:&quot;2&quot;,&quot;cards_columns_mobile&quot;:&quot;1&quot;,&quot;cards_row_gap_tablet&quot;:{&quot;unit&quot;:&quot;px&quot;,&quot;size&quot;:&quot;&quot;,&quot;sizes&quot;:[]},&quot;cards_row_gap_mobile&quot;:{&quot;unit&quot;:&quot;px&quot;,&quot;size&quot;:&quot;&quot;,&quot;sizes&quot;:[]}}\" data-widget_type=\"posts.cards\"> \t\t\t\t<div class=\"elementor-widget-container\"> \t\t\t\t\t\t\t<div class=\"elementor-posts-container elementor-posts elementor-posts--skin-cards elementor-grid\" role=\"list\"> \t\t\t\t<article class=\"elementor-post elementor-grid-item post-1907 post type-post status-publish format-standard has-post-thumbnail hentry category-news tag-hanger tag-wire-hanger\" role=\"listitem\"> \t\t\t<div class=\"elementor-post__card\"> \t\t\t\t<a class=\"elementor-post__thumbnail__link\" href=\"https:\/\/hanger-machine.com\/de\/hanger-forming-machine-for-wire-bending\/\" tabindex=\"-1\" ><div class=\"elementor-post__thumbnail\"><img loading=\"lazy\" decoding=\"async\" width=\"720\" height=\"540\" src=\"https:\/\/hanger-machine.com\/wp-content\/uploads\/2026\/04\/automatic-hanger-making-machine.webp\" class=\"attachment-medium size-medium wp-image-1918\" alt=\"automatische Kleiderb\u00fcgelherstellungsmaschine\" srcset=\"https:\/\/hanger-machine.com\/wp-content\/uploads\/2026\/04\/automatic-hanger-making-machine.webp 720w, https:\/\/hanger-machine.com\/wp-content\/uploads\/2026\/04\/automatic-hanger-making-machine-16x12.webp 16w\" sizes=\"(max-width: 720px) 100vw, 720px\" \/><\/div><\/a> \t\t\t\t<div class=\"elementor-post__text\"> \t\t\t\t<h3 class=\"elementor-post__title\"> \t\t\t<a href=\"https:\/\/hanger-machine.com\/de\/hanger-forming-machine-for-wire-bending\/\" > \t\t\t\tWarum die automatische Kleiderb\u00fcgel-Formmaschine die manuelle Biegung ersetzt?\t\t\t<\/a> \t\t<\/h3> \t\t\t\t<div class=\"elementor-post__excerpt\"> \t\t\t<p>Dieser Artikel erkl\u00e4rt, warum automatische H\u00e4ngermaschinen das manuelle Biegen ersetzen, und hebt die Kernvorteile der H\u00e4ngerformmaschine f\u00fcr Drahtbiegen hervor.<\/p> \t\t<\/div> \t\t \t\t<a class=\"elementor-post__read-more\" href=\"https:\/\/hanger-machine.com\/de\/hanger-forming-machine-for-wire-bending\/\" aria-label=\"Read more about Why Automatic Hanger Forming Machine Replaces Manual Bending\uff1f\" tabindex=\"-1\" > \t\t\t\t\t<\/a>  \t\t\t\t<\/div> \t\t\t\t<div class=\"elementor-post__meta-data\"> \t\t\t\t\t<span class=\"elementor-post-date\"> \t\t\t20. April, 2026\t\t<\/span> \t\t\t\t<\/div> \t\t\t\t\t<\/div> \t\t<\/article> \t\t\t\t<article class=\"elementor-post elementor-grid-item post-1895 post type-post status-publish format-standard has-post-thumbnail hentry category-news tag-clothes-hanger tag-hanger\" role=\"listitem\"> \t\t\t<div class=\"elementor-post__card\"> \t\t\t\t<a class=\"elementor-post__thumbnail__link\" href=\"https:\/\/hanger-machine.com\/de\/hanger-production-machine-to-lebanon\/\" tabindex=\"-1\" ><div class=\"elementor-post__thumbnail\"><img loading=\"lazy\" decoding=\"async\" width=\"720\" height=\"540\" src=\"https:\/\/hanger-machine.com\/wp-content\/uploads\/2026\/04\/hanger-forming-machine-for-sale.webp\" class=\"attachment-medium size-medium wp-image-1903\" alt=\"Kleiderb\u00fcgelformmaschine zu verkaufen\" srcset=\"https:\/\/hanger-machine.com\/wp-content\/uploads\/2026\/04\/hanger-forming-machine-for-sale.webp 720w, https:\/\/hanger-machine.com\/wp-content\/uploads\/2026\/04\/hanger-forming-machine-for-sale-16x12.webp 16w\" sizes=\"(max-width: 720px) 100vw, 720px\" \/><\/div><\/a> \t\t\t\t<div class=\"elementor-post__text\"> \t\t\t\t<h3 class=\"elementor-post__title\"> \t\t\t<a href=\"https:\/\/hanger-machine.com\/de\/hanger-production-machine-to-lebanon\/\" > \t\t\t\tAufh\u00e4nger Produktionsmaschine nach Libanon geliefert\t\t\t<\/a> \t\t<\/h3> \t\t\t\t<div class=\"elementor-post__excerpt\"> \t\t\t<p>Unsere Aufh\u00e4nger-Produktionsmaschine, die von einem libanesischen Aufh\u00e4ngerhersteller bestellt wurde, um veraltete Ger\u00e4te zu ersetzen, wurde hergestellt, getestet, verpackt und versendet, inklusive After-Sales-Support.<\/p> \t\t<\/div> \t\t \t\t<a class=\"elementor-post__read-more\" href=\"https:\/\/hanger-machine.com\/de\/hanger-production-machine-to-lebanon\/\" aria-label=\"Read more about Hanger Production Machine Shipped to Lebanon\" tabindex=\"-1\" > \t\t\t\t\t<\/a>  \t\t\t\t<\/div> \t\t\t\t<div class=\"elementor-post__meta-data\"> \t\t\t\t\t<span class=\"elementor-post-date\"> \t\t\t9. April, 2026\t\t<\/span> \t\t\t\t<\/div> \t\t\t\t\t<\/div> \t\t<\/article> \t\t\t\t<article class=\"elementor-post elementor-grid-item post-512 post type-post status-publish format-standard has-post-thumbnail hentry category-shuliy-wire-hanger-machine tag-clothes-hanger tag-hanger tag-wire-hanger\" role=\"listitem\"> \t\t\t<div class=\"elementor-post__card\"> \t\t\t\t<a class=\"elementor-post__thumbnail__link\" href=\"https:\/\/hanger-machine.com\/de\/high-speed-hanger-machine\/\" tabindex=\"-1\" ><div class=\"elementor-post__thumbnail\"><img loading=\"lazy\" decoding=\"async\" width=\"750\" height=\"606\" src=\"https:\/\/hanger-machine.com\/wp-content\/uploads\/2020\/07\/Shuliy-high-speed-hanger-machine-1.jpg\" class=\"attachment-medium size-medium wp-image-873\" alt=\"Shuliy Hochgeschwindigkeits-Kleiderb\u00fcgelmaschine\" \/><\/div><\/a> \t\t\t\t<div class=\"elementor-post__text\"> \t\t\t\t<h3 class=\"elementor-post__title\"> \t\t\t<a href=\"https:\/\/hanger-machine.com\/de\/high-speed-hanger-machine\/\" > \t\t\t\tHOCHGESCHWINDIGKEITS-AUFH\u00c4NGERMASCHINE\t\t\t<\/a> \t\t<\/h3> \t\t\t\t<div class=\"elementor-post__excerpt\"> \t\t\t<p>Die Kleiderb\u00fcgelmaschine (Draht-Kleiderb\u00fcgelmaschine) ist eine professionelle Ausr\u00fcstung, mit der der Draht schnell zu Kleiderb\u00fcgeln gebogen werden kann. Diese Maschine kann verschiedene Arten von Kleiderb\u00fcgeln herstellen, Sie k\u00f6nnen frei w\u00e4hlen.<\/p> \t\t<\/div> \t\t \t\t<a class=\"elementor-post__read-more\" href=\"https:\/\/hanger-machine.com\/de\/high-speed-hanger-machine\/\" aria-label=\"Read more about HIGH-SPEED HANGER MACHINE\" tabindex=\"-1\" > \t\t\t\t\t<\/a>  \t\t\t\t<\/div> \t\t\t\t<div class=\"elementor-post__meta-data\"> \t\t\t\t\t<span class=\"elementor-post-date\"> \t\t\t7. April 2026\t\t<\/span> \t\t\t\t<\/div> \t\t\t\t\t<\/div> \t\t<\/article> \t\t\t\t<\/div> \t\t \t\t\t\t\t\t<\/div> \t\t\t\t<\/div> \t\t\t\t\t<\/div> \t\t<\/div> \t\t\t\t\t<\/div> \t\t<\/section> \t\t\t\t<\/div>","protected":false},"excerpt":{"rendered":"<p>1 About Us Our story About Shuliy Shuliy Machinery Co., Ltd. was established in 2011 and is located in Zhengzhou, China with convenient transportation and beautiful scenery. After years of experience, we continue to improve the machine to achieve excellent performance and good quality. Our business scope Production and manufacturing machines. We are the manufacturer [&hellip;]<\/p>\n","protected":false},"author":1,"featured_media":0,"parent":0,"menu_order":0,"comment_status":"closed","ping_status":"closed","template":"","meta":{"footnotes":""},"class_list":["post-129","page","type-page","status-publish","hentry"],"_links":{"self":[{"href":"https:\/\/hanger-machine.com\/de\/wp-json\/wp\/v2\/pages\/129","targetHints":{"allow":["GET"]}}],"collection":[{"href":"https:\/\/hanger-machine.com\/de\/wp-json\/wp\/v2\/pages"}],"about":[{"href":"https:\/\/hanger-machine.com\/de\/wp-json\/wp\/v2\/types\/page"}],"author":[{"embeddable":true,"href":"https:\/\/hanger-machine.com\/de\/wp-json\/wp\/v2\/users\/1"}],"replies":[{"embeddable":true,"href":"https:\/\/hanger-machine.com\/de\/wp-json\/wp\/v2\/comments?post=129"}],"version-history":[{"count":0,"href":"https:\/\/hanger-machine.com\/de\/wp-json\/wp\/v2\/pages\/129\/revisions"}],"wp:attachment":[{"href":"https:\/\/hanger-machine.com\/de\/wp-json\/wp\/v2\/media?parent=129"}],"curies":[{"name":"wp","href":"https:\/\/api.w.org\/{rel}","templated":true}]}}