{"id":2,"date":"2019-12-12T02:45:15","date_gmt":"2019-12-12T02:45:15","guid":{"rendered":"https:\/\/mealwormmachine.com\/?page_id=2"},"modified":"2024-07-22T11:34:34","modified_gmt":"2024-07-22T03:34:34","slug":"home-page","status":"publish","type":"page","link":"https:\/\/hanger-machine.com\/de\/","title":{"rendered":"Homepage"},"content":{"rendered":"<div data-elementor-type=\"wp-page\" data-elementor-id=\"2\" class=\"elementor elementor-2\" data-elementor-post-type=\"page\"> \t\t\t\t<div class=\"elementor-element elementor-element-8e3ce1b e-con-full e-flex e-con e-parent\" data-id=\"8e3ce1b\" data-element_type=\"container\" data-e-type=\"container\" data-settings=\"{&quot;background_background&quot;:&quot;classic&quot;}\"> \t\t\t\t<div class=\"elementor-element elementor-element-f593880 elementor-widget elementor-widget-heading\" data-id=\"f593880\" data-element_type=\"widget\" data-e-type=\"widget\" data-widget_type=\"heading.default\"> \t\t\t\t\t<h2 class=\"elementor-heading-title elementor-size-xxl\">Verschiedene Arten von Maschinen zur Herstellung von Drahtb\u00fcgeln <br>Erf\u00fcllen Sie die unterschiedlichen Bed\u00fcrfnisse der Kunden<\/h2>\t\t\t\t<\/div> \t\t\t\t<\/div> \t\t<div class=\"elementor-element elementor-element-dfee823 e-flex e-con-boxed e-con e-parent\" data-id=\"dfee823\" data-element_type=\"container\" data-e-type=\"container\" data-settings=\"{&quot;background_background&quot;:&quot;classic&quot;}\"> \t\t\t\t\t<div class=\"e-con-inner\"> \t\t\t\t<div class=\"elementor-element elementor-element-3bb9a23 elementor-widget elementor-widget-heading\" data-id=\"3bb9a23\" data-element_type=\"widget\" data-e-type=\"widget\" data-widget_type=\"heading.default\"> \t\t\t\t\t<h3 class=\"elementor-heading-title elementor-size-default\">Suchen Sie die Kleiderb\u00fcgelmaschine? <br>Kontaktieren Sie uns f\u00fcr Details<\/h3>\t\t\t\t<\/div> \t\t\t\t<div class=\"elementor-element elementor-element-4d7f70a elementor-align-right elementor-mobile-align-center btn-getquote elementor-widget elementor-widget-button\" data-id=\"4d7f70a\" data-element_type=\"widget\" data-e-type=\"widget\" data-widget_type=\"button.default\"> \t\t\t\t\t\t\t\t\t\t<a class=\"elementor-button elementor-button-link elementor-size-lg\" href=\"#\"> \t\t\t\t\t\t<span class=\"elementor-button-content-wrapper\"> \t\t\t\t\t\t<span class=\"elementor-button-icon\"> \t\t\t\t<svg aria-hidden=\"true\" class=\"e-font-icon-svg e-fas-angle-double-right\" viewbox=\"0 0 448 512\" xmlns=\"http:\/\/www.w3.org\/2000\/svg\"><path d=\"M224.3 273l-136 136c-9.4 9.4-24.6 9.4-33.9 0l-22.6-22.6c-9.4-9.4-9.4-24.6 0-33.9l96.4-96.4-96.4-96.4c-9.4-9.4-9.4-24.6 0-33.9L54.3 103c9.4-9.4 24.6-9.4 33.9 0l136 136c9.5 9.4 9.5 24.6.1 34zm192-34l-136-136c-9.4-9.4-24.6-9.4-33.9 0l-22.6 22.6c-9.4 9.4-9.4 24.6 0 33.9l96.4 96.4-96.4 96.4c-9.4 9.4-9.4 24.6 0 33.9l22.6 22.6c9.4 9.4 24.6 9.4 33.9 0l136-136c9.4-9.2 9.4-24.4 0-33.8z\"><\/path><\/svg>\t\t\t<\/span> \t\t\t\t\t\t\t\t\t<span class=\"elementor-button-text\">Holen Sie sich Details<\/span> \t\t\t\t\t<\/span> \t\t\t\t\t<\/a> \t\t\t\t\t\t\t\t<\/div> \t\t\t\t\t<\/div> \t\t\t\t<\/div> \t\t<div class=\"elementor-element elementor-element-b84bef7 e-flex e-con-boxed e-con e-parent\" data-id=\"b84bef7\" data-element_type=\"container\" data-e-type=\"container\"> \t\t\t\t\t<div class=\"e-con-inner\"> \t\t<div class=\"elementor-element elementor-element-edb7e6c e-con-full e-flex e-con e-child\" data-id=\"edb7e6c\" data-element_type=\"container\" data-e-type=\"container\"> \t\t\t\t<div class=\"elementor-element elementor-element-6150cc6 elementor-widget elementor-widget-heading\" data-id=\"6150cc6\" data-element_type=\"widget\" data-e-type=\"widget\" data-widget_type=\"heading.default\"> \t\t\t\t\t<h3 class=\"elementor-heading-title elementor-size-default\"><a href=\"https:\/\/hanger-machine.com\/de\/wire-hanger-making-machine\/\">Kurze Einf\u00fchrung der Kleiderb\u00fcgelherstellungsmaschine<\/a><\/h3>\t\t\t\t<\/div> \t\t\t\t<div class=\"elementor-element elementor-element-ee991cc elementor-widget-divider--view-line elementor-widget elementor-widget-divider\" data-id=\"ee991cc\" data-element_type=\"widget\" data-e-type=\"widget\" data-widget_type=\"divider.default\"> \t\t\t\t\t\t\t<div class=\"elementor-divider\"> \t\t\t<span class=\"elementor-divider-separator\"> \t\t\t\t\t\t<\/span> \t\t<\/div> \t\t\t\t\t\t<\/div> \t\t\t\t<div class=\"elementor-element elementor-element-2a52774 elementor-widget elementor-widget-text-editor\" data-id=\"2a52774\" data-element_type=\"widget\" data-e-type=\"widget\" data-widget_type=\"text-editor.default\"> \t\t\t\t\t\t\t\t\t<p>Die Kleiderb\u00fcgelmaschine (Draht-Kleiderb\u00fcgelmaschine) ist eine professionelle Ausr\u00fcstung, mit der der Draht schnell zu Kleiderb\u00fcgeln gebogen werden kann. Diese Maschine kann verschiedene Arten von Kleiderb\u00fcgeln herstellen, Sie k\u00f6nnen frei w\u00e4hlen.<\/p>\t\t\t\t\t\t\t\t<\/div> \t\t\t\t<div class=\"elementor-element elementor-element-43ebef0 elementor-align-left elementor-mobile-align-center elementor-widget elementor-widget-button\" data-id=\"43ebef0\" data-element_type=\"widget\" data-e-type=\"widget\" data-widget_type=\"button.default\"> \t\t\t\t\t\t\t\t\t\t<a class=\"elementor-button elementor-button-link elementor-size-md\" href=\"https:\/\/hanger-machine.com\/de\/wire-hanger-making-machine\/\"> \t\t\t\t\t\t<span class=\"elementor-button-content-wrapper\"> \t\t\t\t\t\t<span class=\"elementor-button-icon\"> \t\t\t\t<svg aria-hidden=\"true\" class=\"e-font-icon-svg e-fas-angle-double-right\" viewbox=\"0 0 448 512\" xmlns=\"http:\/\/www.w3.org\/2000\/svg\"><path d=\"M224.3 273l-136 136c-9.4 9.4-24.6 9.4-33.9 0l-22.6-22.6c-9.4-9.4-9.4-24.6 0-33.9l96.4-96.4-96.4-96.4c-9.4-9.4-9.4-24.6 0-33.9L54.3 103c9.4-9.4 24.6-9.4 33.9 0l136 136c9.5 9.4 9.5 24.6.1 34zm192-34l-136-136c-9.4-9.4-24.6-9.4-33.9 0l-22.6 22.6c-9.4 9.4-9.4 24.6 0 33.9l96.4 96.4-96.4 96.4c-9.4 9.4-9.4 24.6 0 33.9l22.6 22.6c9.4 9.4 24.6 9.4 33.9 0l136-136c9.4-9.2 9.4-24.4 0-33.8z\"><\/path><\/svg>\t\t\t<\/span> \t\t\t\t\t\t\t\t\t<span class=\"elementor-button-text\">Mehr lesen<\/span> \t\t\t\t\t<\/span> \t\t\t\t\t<\/a> \t\t\t\t\t\t\t\t<\/div> \t\t\t\t<\/div> \t\t<div class=\"elementor-element elementor-element-6c42eb6 e-con-full e-flex e-con e-child\" data-id=\"6c42eb6\" data-element_type=\"container\" data-e-type=\"container\"> \t\t\t\t<div class=\"elementor-element elementor-element-0c0a73f elementor-widget elementor-widget-image\" data-id=\"0c0a73f\" data-element_type=\"widget\" data-e-type=\"widget\" data-widget_type=\"image.default\"> \t\t\t\t\t\t\t\t\t\t\t\t\t\t\t<img fetchpriority=\"high\" decoding=\"async\" width=\"720\" height=\"540\" src=\"https:\/\/hanger-machine.com\/wp-content\/uploads\/2019\/12\/cloth-hanger-making-machine-2.jpg\" class=\"attachment-full size-full wp-image-269\" alt=\"Kleiderb\u00fcgel-Herstellungsmaschine (2)\" srcset=\"https:\/\/hanger-machine.com\/wp-content\/uploads\/2019\/12\/cloth-hanger-making-machine-2.jpg 720w, https:\/\/hanger-machine.com\/wp-content\/uploads\/2019\/12\/cloth-hanger-making-machine-2-300x225.jpg 300w\" sizes=\"(max-width: 720px) 100vw, 720px\" \/>\t\t\t\t\t\t\t\t\t\t\t\t\t\t\t<\/div> \t\t\t\t<\/div> \t\t\t\t\t<\/div> \t\t\t\t<\/div> \t\t<div class=\"elementor-element elementor-element-9f0143f e-flex e-con-boxed e-con e-parent\" data-id=\"9f0143f\" data-element_type=\"container\" data-e-type=\"container\"> \t\t\t\t\t<div class=\"e-con-inner\"> \t\t<div class=\"elementor-element elementor-element-f57806c e-con-full e-flex e-con e-child\" data-id=\"f57806c\" data-element_type=\"container\" data-e-type=\"container\"> \t\t\t\t<div class=\"elementor-element elementor-element-7b43e82 elementor-widget elementor-widget-image\" data-id=\"7b43e82\" data-element_type=\"widget\" data-e-type=\"widget\" data-widget_type=\"image.default\"> \t\t\t\t\t\t\t\t\t\t\t\t\t\t\t<img decoding=\"async\" width=\"800\" height=\"531\" src=\"https:\/\/hanger-machine.com\/wp-content\/uploads\/2019\/12\/cloth-hangers.jpg\" class=\"attachment-large size-large wp-image-270\" alt=\"Kleiderb\u00fcgel\" srcset=\"https:\/\/hanger-machine.com\/wp-content\/uploads\/2019\/12\/cloth-hangers.jpg 800w, https:\/\/hanger-machine.com\/wp-content\/uploads\/2019\/12\/cloth-hangers-300x199.jpg 300w, https:\/\/hanger-machine.com\/wp-content\/uploads\/2019\/12\/cloth-hangers-768x510.jpg 768w\" sizes=\"(max-width: 800px) 100vw, 800px\" \/>\t\t\t\t\t\t\t\t\t\t\t\t\t\t\t<\/div> \t\t\t\t<\/div> \t\t<div class=\"elementor-element elementor-element-f58408f e-con-full e-flex e-con e-child\" data-id=\"f58408f\" data-element_type=\"container\" data-e-type=\"container\"> \t\t\t\t<div class=\"elementor-element elementor-element-36fdfd7 elementor-widget elementor-widget-heading\" data-id=\"36fdfd7\" data-element_type=\"widget\" data-e-type=\"widget\" data-widget_type=\"heading.default\"> \t\t\t\t\t<h3 class=\"elementor-heading-title elementor-size-default\"><a href=\"https:\/\/hanger-machine.com\/de\/the-prospect-of-hanger-making-machine\/\">Die Aussicht auf eine Kleiderb\u00fcgelherstellungsmaschine<\/a><\/h3>\t\t\t\t<\/div> \t\t\t\t<div class=\"elementor-element elementor-element-30019de elementor-widget-divider--view-line elementor-widget elementor-widget-divider\" data-id=\"30019de\" data-element_type=\"widget\" data-e-type=\"widget\" data-widget_type=\"divider.default\"> \t\t\t\t\t\t\t<div class=\"elementor-divider\"> \t\t\t<span class=\"elementor-divider-separator\"> \t\t\t\t\t\t<\/span> \t\t<\/div> \t\t\t\t\t\t<\/div> \t\t\t\t<div class=\"elementor-element elementor-element-29cefa5 elementor-widget elementor-widget-text-editor\" data-id=\"29cefa5\" data-element_type=\"widget\" data-e-type=\"widget\" data-widget_type=\"text-editor.default\"> \t\t\t\t\t\t\t\t\t<p>In den letzten Jahren hat der Aufschwung der Bekleidungsindustrie der Kleiderb\u00fcgelindustrie eine gl\u00e4nzende Zukunft beschert. Unabh\u00e4ngig davon, ob es um das Trocknen und Aufbewahren von Kleidung geht, werden Kleiderb\u00fcgel ben\u00f6tigt, was einen breiten Markt f\u00fcr die Herstellung und Verwendung von Kleiderb\u00fcgeln mit sich bringt.<\/p>\t\t\t\t\t\t\t\t<\/div> \t\t\t\t<div class=\"elementor-element elementor-element-89c9712 elementor-align-left elementor-mobile-align-center elementor-widget elementor-widget-button\" data-id=\"89c9712\" data-element_type=\"widget\" data-e-type=\"widget\" data-widget_type=\"button.default\"> \t\t\t\t\t\t\t\t\t\t<a class=\"elementor-button elementor-button-link elementor-size-md\" href=\"https:\/\/hanger-machine.com\/de\/the-prospect-of-hanger-making-machine\/\"> \t\t\t\t\t\t<span class=\"elementor-button-content-wrapper\"> \t\t\t\t\t\t<span class=\"elementor-button-icon\"> \t\t\t\t<svg aria-hidden=\"true\" class=\"e-font-icon-svg e-fas-angle-double-right\" viewbox=\"0 0 448 512\" xmlns=\"http:\/\/www.w3.org\/2000\/svg\"><path d=\"M224.3 273l-136 136c-9.4 9.4-24.6 9.4-33.9 0l-22.6-22.6c-9.4-9.4-9.4-24.6 0-33.9l96.4-96.4-96.4-96.4c-9.4-9.4-9.4-24.6 0-33.9L54.3 103c9.4-9.4 24.6-9.4 33.9 0l136 136c9.5 9.4 9.5 24.6.1 34zm192-34l-136-136c-9.4-9.4-24.6-9.4-33.9 0l-22.6 22.6c-9.4 9.4-9.4 24.6 0 33.9l96.4 96.4-96.4 96.4c-9.4 9.4-9.4 24.6 0 33.9l22.6 22.6c9.4 9.4 24.6 9.4 33.9 0l136-136c9.4-9.2 9.4-24.4 0-33.8z\"><\/path><\/svg>\t\t\t<\/span> \t\t\t\t\t\t\t\t\t<span class=\"elementor-button-text\">Mehr lesen<\/span> \t\t\t\t\t<\/span> \t\t\t\t\t<\/a> \t\t\t\t\t\t\t\t<\/div> \t\t\t\t<\/div> \t\t\t\t\t<\/div> \t\t\t\t<\/div> \t\t<div class=\"elementor-element elementor-element-abe38d4 e-flex e-con-boxed e-con e-parent\" data-id=\"abe38d4\" data-element_type=\"container\" data-e-type=\"container\"> \t\t\t\t\t<div class=\"e-con-inner\"> \t\t<div class=\"elementor-element elementor-element-fbcee5a e-con-full e-flex e-con e-child\" data-id=\"fbcee5a\" data-element_type=\"container\" data-e-type=\"container\"> \t\t\t\t<div class=\"elementor-element elementor-element-b0a113c elementor-widget elementor-widget-heading\" data-id=\"b0a113c\" data-element_type=\"widget\" data-e-type=\"widget\" data-widget_type=\"heading.default\"> \t\t\t\t\t<h3 class=\"elementor-heading-title elementor-size-default\"><a href=\"https:\/\/hanger-machine.com\/de\/about\/\">Warum sollten Sie sich f\u00fcr Shuliy Machinery Co., Ltd. entscheiden?<\/a><\/h3>\t\t\t\t<\/div> \t\t\t\t<div class=\"elementor-element elementor-element-ae00f9c elementor-widget-divider--view-line elementor-widget elementor-widget-divider\" data-id=\"ae00f9c\" data-element_type=\"widget\" data-e-type=\"widget\" data-widget_type=\"divider.default\"> \t\t\t\t\t\t\t<div class=\"elementor-divider\"> \t\t\t<span class=\"elementor-divider-separator\"> \t\t\t\t\t\t<\/span> \t\t<\/div> \t\t\t\t\t\t<\/div> \t\t\t\t<div class=\"elementor-element elementor-element-b0ff9f5 elementor-widget elementor-widget-text-editor\" data-id=\"b0ff9f5\" data-element_type=\"widget\" data-e-type=\"widget\" data-widget_type=\"text-editor.default\"> \t\t\t\t\t\t\t\t\t<p>1. Professionelles Forschungs- und Entwicklungsteam f\u00fcr Ausr\u00fcstung.<br \/>2. Ausgezeichnete Maschinenqualit\u00e4t.<br \/>3. Angemessene Rohstoffpreise.<br \/>4. Durchdachter Kundendienst.<\/p>\t\t\t\t\t\t\t\t<\/div> \t\t\t\t<div class=\"elementor-element elementor-element-b8f9bb4 elementor-align-left elementor-mobile-align-center elementor-widget elementor-widget-button\" data-id=\"b8f9bb4\" data-element_type=\"widget\" data-e-type=\"widget\" data-widget_type=\"button.default\"> \t\t\t\t\t\t\t\t\t\t<a class=\"elementor-button elementor-button-link elementor-size-md\" href=\"https:\/\/hanger-machine.com\/de\/about\/\"> \t\t\t\t\t\t<span class=\"elementor-button-content-wrapper\"> \t\t\t\t\t\t<span class=\"elementor-button-icon\"> \t\t\t\t<svg aria-hidden=\"true\" class=\"e-font-icon-svg e-fas-angle-double-right\" viewbox=\"0 0 448 512\" xmlns=\"http:\/\/www.w3.org\/2000\/svg\"><path d=\"M224.3 273l-136 136c-9.4 9.4-24.6 9.4-33.9 0l-22.6-22.6c-9.4-9.4-9.4-24.6 0-33.9l96.4-96.4-96.4-96.4c-9.4-9.4-9.4-24.6 0-33.9L54.3 103c9.4-9.4 24.6-9.4 33.9 0l136 136c9.5 9.4 9.5 24.6.1 34zm192-34l-136-136c-9.4-9.4-24.6-9.4-33.9 0l-22.6 22.6c-9.4 9.4-9.4 24.6 0 33.9l96.4 96.4-96.4 96.4c-9.4 9.4-9.4 24.6 0 33.9l22.6 22.6c9.4 9.4 24.6 9.4 33.9 0l136-136c9.4-9.2 9.4-24.4 0-33.8z\"><\/path><\/svg>\t\t\t<\/span> \t\t\t\t\t\t\t\t\t<span class=\"elementor-button-text\">\u00dcber die Firma Shuliy<\/span> \t\t\t\t\t<\/span> \t\t\t\t\t<\/a> \t\t\t\t\t\t\t\t<\/div> \t\t\t\t<\/div> \t\t<div class=\"elementor-element elementor-element-8f2e5ce e-con-full e-flex e-con e-child\" data-id=\"8f2e5ce\" data-element_type=\"container\" data-e-type=\"container\"> \t\t\t\t<div class=\"elementor-element elementor-element-c0b96a1 elementor-widget elementor-widget-image\" data-id=\"c0b96a1\" data-element_type=\"widget\" data-e-type=\"widget\" data-widget_type=\"image.default\"> \t\t\t\t\t\t\t\t\t\t\t\t\t\t\t<img decoding=\"async\" width=\"720\" height=\"540\" src=\"https:\/\/hanger-machine.com\/wp-content\/uploads\/2020\/01\/shuliy-machinery.jpg\" class=\"attachment-full size-full wp-image-480\" alt=\"Schulmaschinen\" srcset=\"https:\/\/hanger-machine.com\/wp-content\/uploads\/2020\/01\/shuliy-machinery.jpg 720w, https:\/\/hanger-machine.com\/wp-content\/uploads\/2020\/01\/shuliy-machinery-300x225.jpg 300w\" sizes=\"(max-width: 720px) 100vw, 720px\" \/>\t\t\t\t\t\t\t\t\t\t\t\t\t\t\t<\/div> \t\t\t\t<\/div> \t\t\t\t\t<\/div> \t\t\t\t<\/div> \t\t<div class=\"elementor-element elementor-element-498f740 e-flex e-con-boxed e-con e-parent\" data-id=\"498f740\" data-element_type=\"container\" data-e-type=\"container\" data-settings=\"{&quot;background_background&quot;:&quot;gradient&quot;,&quot;shape_divider_bottom&quot;:&quot;arrow&quot;}\"> \t\t\t\t\t<div class=\"e-con-inner\"> \t\t\t\t<div class=\"elementor-shape elementor-shape-bottom\" aria-hidden=\"true\" data-negative=\"false\"> \t\t\t<svg xmlns=\"http:\/\/www.w3.org\/2000\/svg\" viewbox=\"0 0 700 10\" preserveaspectratio=\"none\"> \t<path class=\"elementor-shape-fill\" d=\"M350,10L340,0h20L350,10z\"\/> <\/svg>\t\t<\/div> \t\t\t\t<div class=\"elementor-element elementor-element-7250353 elementor-widget elementor-widget-heading\" data-id=\"7250353\" data-element_type=\"widget\" data-e-type=\"widget\" data-widget_type=\"heading.default\"> \t\t\t\t\t<h3 class=\"elementor-heading-title elementor-size-default\">Das beste Video zur Kleiderb\u00fcgel-Maschinenarbeit<\/h3>\t\t\t\t<\/div> \t\t\t\t<div class=\"elementor-element elementor-element-65ef5b6 elementor-widget elementor-widget-video\" data-id=\"65ef5b6\" data-element_type=\"widget\" data-e-type=\"widget\" data-settings=\"{&quot;youtube_url&quot;:&quot;https:\\\/\\\/youtu.be\\\/NsF3KUSInD0&quot;,&quot;video_type&quot;:&quot;youtube&quot;,&quot;controls&quot;:&quot;yes&quot;}\" data-widget_type=\"video.default\"> \t\t\t\t\t\t\t<div class=\"elementor-wrapper elementor-open-inline\"> \t\t\t<div class=\"elementor-video\"><\/div>\t\t<\/div> \t\t\t\t\t\t<\/div> \t\t\t\t<div class=\"elementor-element elementor-element-f43d9bc elementor-testimonial--skin-default elementor-testimonial--layout-image_inline elementor-testimonial--align-center elementor-arrows-yes elementor-pagination-type-bullets elementor-widget elementor-widget-testimonial-carousel\" data-id=\"f43d9bc\" data-element_type=\"widget\" data-e-type=\"widget\" data-settings=\"{&quot;show_arrows&quot;:&quot;yes&quot;,&quot;pagination&quot;:&quot;bullets&quot;,&quot;speed&quot;:500,&quot;autoplay&quot;:&quot;yes&quot;,&quot;autoplay_speed&quot;:5000,&quot;loop&quot;:&quot;yes&quot;,&quot;pause_on_hover&quot;:&quot;yes&quot;,&quot;pause_on_interaction&quot;:&quot;yes&quot;,&quot;space_between&quot;:{&quot;unit&quot;:&quot;px&quot;,&quot;size&quot;:10,&quot;sizes&quot;:[]},&quot;space_between_tablet&quot;:{&quot;unit&quot;:&quot;px&quot;,&quot;size&quot;:10,&quot;sizes&quot;:[]},&quot;space_between_mobile&quot;:{&quot;unit&quot;:&quot;px&quot;,&quot;size&quot;:10,&quot;sizes&quot;:[]}}\" data-widget_type=\"testimonial-carousel.default\"> \t\t\t\t\t\t\t\t\t\t<div class=\"elementor-main-swiper swiper\" role=\"region\" aria-roledescription=\"carousel\" aria-label=\"Folien\"> \t\t\t\t<div class=\"swiper-wrapper\"> \t\t\t\t\t\t\t\t\t\t\t<div class=\"swiper-slide\" role=\"group\" aria-roledescription=\"slide\"> \t\t\t\t\t\t\t\t\t<div class=\"elementor-testimonial\"> \t\t\t\t\t\t\t<div class=\"elementor-testimonial__content\"> \t\t\t\t\t<div class=\"elementor-testimonial__text\"> \t\t\t\t\t\tSeit dem Einsatz der Kleiderb\u00fcgelmaschine von Shuliy hat sich die Arbeitseffizienz erheblich verbessert.\t\t\t\t\t<\/div> \t\t\t\t\t\t\t\t\t<\/div> \t\t\t\t\t\t<div class=\"elementor-testimonial__footer\"> \t\t\t\t\t\t\t\t\t<div class=\"elementor-testimonial__image\"> \t\t\t\t\t\t<img decoding=\"async\" src=\"https:\/\/hanger-machine.com\/wp-content\/uploads\/2019\/12\/groomsman3.jpg\" alt=\"John Doe\"> \t\t\t\t\t\t\t\t\t\t\t<\/div> \t\t\t\t\t\t\t\t<cite class=\"elementor-testimonial__cite\"><span class=\"elementor-testimonial__name\">John Doe<\/span><span class=\"elementor-testimonial__title\">Selbstst\u00e4ndig<\/span><\/cite>\t\t\t<\/div> \t\t<\/div> \t\t\t\t\t\t\t\t<\/div> \t\t\t\t\t\t\t\t\t\t\t<div class=\"swiper-slide\" role=\"group\" aria-roledescription=\"slide\"> \t\t\t\t\t\t\t\t\t<div class=\"elementor-testimonial\"> \t\t\t\t\t\t\t<div class=\"elementor-testimonial__content\"> \t\t\t\t\t<div class=\"elementor-testimonial__text\"> \t\t\t\t\t\tDie Zusammenarbeit mit Shuliy ist sehr angenehm und die Verk\u00e4ufer sind sehr professionell.\t\t\t\t\t<\/div> \t\t\t\t\t\t\t\t\t<\/div> \t\t\t\t\t\t<div class=\"elementor-testimonial__footer\"> \t\t\t\t\t\t\t\t\t<div class=\"elementor-testimonial__image\"> \t\t\t\t\t\t<img decoding=\"async\" src=\"https:\/\/hanger-machine.com\/wp-content\/uploads\/2019\/12\/y10.png\" alt=\"Michael Nguyen\"> \t\t\t\t\t\t\t\t\t\t\t<\/div> \t\t\t\t\t\t\t\t<cite class=\"elementor-testimonial__cite\"><span class=\"elementor-testimonial__name\">Michael Nguyen<\/span><span class=\"elementor-testimonial__title\">H\u00e4ndler<\/span><\/cite>\t\t\t<\/div> \t\t<\/div> \t\t\t\t\t\t\t\t<\/div> \t\t\t\t\t\t\t\t\t\t\t<div class=\"swiper-slide\" role=\"group\" aria-roledescription=\"slide\"> \t\t\t\t\t\t\t\t\t<div class=\"elementor-testimonial\"> \t\t\t\t\t\t\t<div class=\"elementor-testimonial__content\"> \t\t\t\t\t<div class=\"elementor-testimonial__text\"> \t\t\t\t\t\tMit Shuliys Maschine kein \u00c4rger, keine Probleme, keine Sorgen!\t\t\t\t\t<\/div> \t\t\t\t\t\t\t\t\t<\/div> \t\t\t\t\t\t<div class=\"elementor-testimonial__footer\"> \t\t\t\t\t\t\t\t\t<div class=\"elementor-testimonial__image\"> \t\t\t\t\t\t<img decoding=\"async\" src=\"https:\/\/hanger-machine.com\/wp-content\/uploads\/2019\/12\/customer.jpg\" alt=\"Ebrahim\"> \t\t\t\t\t\t\t\t\t\t\t<\/div> \t\t\t\t\t\t\t\t<cite class=\"elementor-testimonial__cite\"><span class=\"elementor-testimonial__name\">Ebrahim<\/span><span class=\"elementor-testimonial__title\">CEO<\/span><\/cite>\t\t\t<\/div> \t\t<\/div> \t\t\t\t\t\t\t\t<\/div> \t\t\t\t\t\t\t\t\t<\/div> \t\t\t\t\t\t\t\t\t\t\t\t\t\t\t<div class=\"elementor-swiper-button elementor-swiper-button-prev\" role=\"button\" tabindex=\"0\" aria-label=\"Vorherige\"> \t\t\t\t\t\t\t<svg aria-hidden=\"true\" class=\"e-font-icon-svg e-eicon-chevron-left\" viewbox=\"0 0 1000 1000\" xmlns=\"http:\/\/www.w3.org\/2000\/svg\"><path d=\"M646 125C629 125 613 133 604 142L308 442C296 454 292 471 292 487 292 504 296 521 308 533L604 854C617 867 629 875 646 875 663 875 679 871 692 858 704 846 713 829 713 812 713 796 708 779 692 767L438 487 692 225C700 217 708 204 708 187 708 171 704 154 692 142 675 129 663 125 646 125Z\"><\/path><\/svg>\t\t\t\t\t\t<\/div> \t\t\t\t\t\t<div class=\"elementor-swiper-button elementor-swiper-button-next\" role=\"button\" tabindex=\"0\" aria-label=\"N\u00e4chste\"> \t\t\t\t\t\t\t<svg aria-hidden=\"true\" class=\"e-font-icon-svg e-eicon-chevron-right\" viewbox=\"0 0 1000 1000\" xmlns=\"http:\/\/www.w3.org\/2000\/svg\"><path d=\"M696 533C708 521 713 504 713 487 713 471 708 454 696 446L400 146C388 133 375 125 354 125 338 125 325 129 313 142 300 154 292 171 292 187 292 204 296 221 308 233L563 492 304 771C292 783 288 800 288 817 288 833 296 850 308 863 321 871 338 875 354 875 371 875 388 867 400 854L696 533Z\"><\/path><\/svg>\t\t\t\t\t\t<\/div> \t\t\t\t\t\t\t\t\t\t\t\t\t\t\t\t<div class=\"swiper-pagination\"><\/div> \t\t\t\t\t\t\t\t\t\t\t\t<\/div> \t\t\t\t\t\t\t\t<\/div> \t\t\t\t\t<\/div> \t\t\t\t<\/div> \t\t<div class=\"elementor-element elementor-element-e5547ce e-con-full e-flex e-con e-parent\" data-id=\"e5547ce\" data-element_type=\"container\" data-e-type=\"container\" data-settings=\"{&quot;background_background&quot;:&quot;classic&quot;}\"> \t\t\t\t<div class=\"elementor-element elementor-element-35a0962 elementor-widget elementor-widget-heading\" data-id=\"35a0962\" data-element_type=\"widget\" data-e-type=\"widget\" data-widget_type=\"heading.default\"> \t\t\t\t\t<h3 class=\"elementor-heading-title elementor-size-default\">Experte f\u00fcr Geldverdienen \u2013 Shuliy Hanger Making Machinery<\/h3>\t\t\t\t<\/div> \t\t\t\t<div class=\"elementor-element elementor-element-5d6319d elementor-align-right elementor-mobile-align-center btn-getquote elementor-widget elementor-widget-button\" data-id=\"5d6319d\" data-element_type=\"widget\" data-e-type=\"widget\" data-widget_type=\"button.default\"> \t\t\t\t\t\t\t\t\t\t<a class=\"elementor-button elementor-button-link elementor-size-lg\" href=\"#\"> \t\t\t\t\t\t<span class=\"elementor-button-content-wrapper\"> \t\t\t\t\t\t<span class=\"elementor-button-icon\"> \t\t\t\t<svg aria-hidden=\"true\" class=\"e-font-icon-svg e-fas-angle-double-right\" viewbox=\"0 0 448 512\" xmlns=\"http:\/\/www.w3.org\/2000\/svg\"><path d=\"M224.3 273l-136 136c-9.4 9.4-24.6 9.4-33.9 0l-22.6-22.6c-9.4-9.4-9.4-24.6 0-33.9l96.4-96.4-96.4-96.4c-9.4-9.4-9.4-24.6 0-33.9L54.3 103c9.4-9.4 24.6-9.4 33.9 0l136 136c9.5 9.4 9.5 24.6.1 34zm192-34l-136-136c-9.4-9.4-24.6-9.4-33.9 0l-22.6 22.6c-9.4 9.4-9.4 24.6 0 33.9l96.4 96.4-96.4 96.4c-9.4 9.4-9.4 24.6 0 33.9l22.6 22.6c9.4 9.4 24.6 9.4 33.9 0l136-136c9.4-9.2 9.4-24.4 0-33.8z\"><\/path><\/svg>\t\t\t<\/span> \t\t\t\t\t\t\t\t\t<span class=\"elementor-button-text\">KONTAKTIEREN SIE UNS<\/span> \t\t\t\t\t<\/span> \t\t\t\t\t<\/a> \t\t\t\t\t\t\t\t<\/div> \t\t\t\t<\/div> \t\t\t\t<\/div>","protected":false},"excerpt":{"rendered":"<p>Various types of wire hanger making machines Meet the different needs of customers Are you looking for the hanger machine? Contact us for details Get Details Brief Introduction of Hanger Making Machine Hanger machine (wire clothes hanger machine) is a professional equipment that can quickly bend the wire into hangers. This machine can make various [&hellip;]<\/p>\n","protected":false},"author":1,"featured_media":0,"parent":0,"menu_order":0,"comment_status":"closed","ping_status":"open","template":"elementor_header_footer","meta":{"footnotes":""},"class_list":["post-2","page","type-page","status-publish","hentry"],"_links":{"self":[{"href":"https:\/\/hanger-machine.com\/de\/wp-json\/wp\/v2\/pages\/2","targetHints":{"allow":["GET"]}}],"collection":[{"href":"https:\/\/hanger-machine.com\/de\/wp-json\/wp\/v2\/pages"}],"about":[{"href":"https:\/\/hanger-machine.com\/de\/wp-json\/wp\/v2\/types\/page"}],"author":[{"embeddable":true,"href":"https:\/\/hanger-machine.com\/de\/wp-json\/wp\/v2\/users\/1"}],"replies":[{"embeddable":true,"href":"https:\/\/hanger-machine.com\/de\/wp-json\/wp\/v2\/comments?post=2"}],"version-history":[{"count":0,"href":"https:\/\/hanger-machine.com\/de\/wp-json\/wp\/v2\/pages\/2\/revisions"}],"wp:attachment":[{"href":"https:\/\/hanger-machine.com\/de\/wp-json\/wp\/v2\/media?parent=2"}],"curies":[{"name":"wp","href":"https:\/\/api.w.org\/{rel}","templated":true}]}}