{"id":118,"date":"2019-12-13T06:26:17","date_gmt":"2019-12-13T06:26:17","guid":{"rendered":"https:\/\/mealwormmachine.com\/?page_id=118"},"modified":"2021-01-12T03:44:27","modified_gmt":"2021-01-12T03:44:27","slug":"contact-us","status":"publish","type":"page","link":"https:\/\/hanger-machine.com\/es\/contactenos\/","title":{"rendered":"Cont\u00e1ctenos"},"content":{"rendered":"<div data-elementor-type=\"wp-page\" data-elementor-id=\"118\" class=\"elementor elementor-118\" data-elementor-post-type=\"page\"> \t\t\t\t\t\t<section class=\"elementor-section elementor-top-section elementor-element elementor-element-afea04d elementor-section-height-min-height elementor-section-boxed elementor-section-height-default elementor-section-items-middle\" data-id=\"afea04d\" data-element_type=\"section\" data-e-type=\"section\"> \t\t\t\t\t\t<div class=\"elementor-container elementor-column-gap-default\"> \t\t\t\t\t<div class=\"elementor-column elementor-col-100 elementor-top-column elementor-element elementor-element-4ee44e0\" data-id=\"4ee44e0\" data-element_type=\"column\" data-e-type=\"column\"> \t\t\t<div class=\"elementor-widget-wrap elementor-element-populated\"> \t\t\t\t\t\t<div class=\"elementor-element elementor-element-3dfd182 elementor-widget elementor-widget-heading\" data-id=\"3dfd182\" data-element_type=\"widget\" data-e-type=\"widget\" data-widget_type=\"heading.default\"> \t\t\t\t\t<h1 class=\"elementor-heading-title elementor-size-default\">Cont\u00e1ctenos<\/h1>\t\t\t\t<\/div> \t\t\t\t\t<\/div> \t\t<\/div> \t\t\t\t\t<\/div> \t\t<\/section> \t\t\t\t<section class=\"elementor-section elementor-top-section elementor-element elementor-element-798ab4c elementor-section-height-min-height elementor-section-boxed elementor-section-height-default elementor-section-items-middle\" data-id=\"798ab4c\" data-element_type=\"section\" data-e-type=\"section\"> \t\t\t\t\t\t<div class=\"elementor-container elementor-column-gap-default\"> \t\t\t\t\t<div class=\"elementor-column elementor-col-100 elementor-top-column elementor-element elementor-element-f264168\" data-id=\"f264168\" data-element_type=\"column\" data-e-type=\"column\"> \t\t\t<div class=\"elementor-widget-wrap elementor-element-populated\"> \t\t\t\t\t\t<div class=\"elementor-element elementor-element-75d71bde elementor-widget elementor-widget-heading\" data-id=\"75d71bde\" data-element_type=\"widget\" data-e-type=\"widget\" data-widget_type=\"heading.default\"> \t\t\t\t\t<h2 class=\"elementor-heading-title elementor-size-default\">Integral <br>servicios<\/h2>\t\t\t\t<\/div> \t\t\t\t<section class=\"elementor-section elementor-inner-section elementor-element elementor-element-53f7afe7 elementor-section-full_width elementor-section-height-default elementor-section-height-default\" data-id=\"53f7afe7\" data-element_type=\"section\" data-e-type=\"section\"> \t\t\t\t\t\t<div class=\"elementor-container elementor-column-gap-default\"> \t\t\t\t\t<div class=\"elementor-column elementor-col-50 elementor-inner-column elementor-element elementor-element-65fa242b\" data-id=\"65fa242b\" data-element_type=\"column\" data-e-type=\"column\"> \t\t\t<div class=\"elementor-widget-wrap elementor-element-populated\"> \t\t\t\t\t\t<div class=\"elementor-element elementor-element-4efb9ef elementor-widget elementor-widget-heading\" data-id=\"4efb9ef\" data-element_type=\"widget\" data-e-type=\"widget\" data-widget_type=\"heading.default\"> \t\t\t\t\t<h2 class=\"elementor-heading-title elementor-size-default\">Asesoramiento previo a la venta<\/h2>\t\t\t\t<\/div> \t\t\t\t<div class=\"elementor-element elementor-element-d0f7ea1 elementor-widget elementor-widget-text-editor\" data-id=\"d0f7ea1\" data-element_type=\"widget\" data-e-type=\"widget\" data-widget_type=\"text-editor.default\"> \t\t\t\t\t\t\t\t\t<ol> <li><b><\/b><strong><b>Consultores profesionales en l\u00ednea las 24 horas.<\/b><\/strong><\/li> <\/ol> <p>Si tienes alguna pregunta, no dudes en preguntar a nuestro servicio de atenci\u00f3n al cliente.<\/p> <p><\/p> <ol start=\"2\"> <li><b><\/b><strong><b>Recomendaciones relacionadas. <\/b><\/strong><\/li> <\/ol> <p>Recomendaremos las m\u00e1quinas correspondientes a los clientes seg\u00fan sus necesidades reales, ganancias esperadas y condiciones econ\u00f3micas. Si tiene preguntas sobre la producci\u00f3n, par\u00e1metros, precio, etc. de la m\u00e1quina, puede ponerse en contacto con nuestro gerente de ventas.<\/p> <p><\/p> <ol start=\"3\"> <li><b><\/b><strong style=\"\"><b style=\"\">Servicios adicionales. <\/b><\/strong><\/li> <\/ol> <p>Podemos proporcionar a los clientes ideas empresariales, an\u00e1lisis de beneficios y dise\u00f1o de f\u00e1bricas. Si tiene esta necesidad, podemos satisfacerla.<\/p>\t\t\t\t\t\t\t\t<\/div> \t\t\t\t<div class=\"elementor-element elementor-element-3fe7ea13 elementor-widget-divider--view-line elementor-widget elementor-widget-divider\" data-id=\"3fe7ea13\" data-element_type=\"widget\" data-e-type=\"widget\" data-widget_type=\"divider.default\"> \t\t\t\t\t\t\t<div class=\"elementor-divider\"> \t\t\t<span class=\"elementor-divider-separator\"> \t\t\t\t\t\t<\/span> \t\t<\/div> \t\t\t\t\t\t<\/div> \t\t\t\t\t<\/div> \t\t<\/div> \t\t\t\t<div class=\"elementor-column elementor-col-50 elementor-inner-column elementor-element elementor-element-621808c4\" data-id=\"621808c4\" data-element_type=\"column\" data-e-type=\"column\"> \t\t\t<div class=\"elementor-widget-wrap elementor-element-populated\"> \t\t\t\t\t\t<div class=\"elementor-element elementor-element-490c66fc elementor-widget elementor-widget-heading\" data-id=\"490c66fc\" data-element_type=\"widget\" data-e-type=\"widget\" data-widget_type=\"heading.default\"> \t\t\t\t\t<h2 class=\"elementor-heading-title elementor-size-default\">Servicio postventa<\/h2>\t\t\t\t<\/div> \t\t\t\t<div class=\"elementor-element elementor-element-2798e228 elementor-widget elementor-widget-text-editor\" data-id=\"2798e228\" data-element_type=\"widget\" data-e-type=\"widget\" data-widget_type=\"text-editor.default\"> \t\t\t\t\t\t\t\t\t<ol><li><b><\/b><strong><b>Seguimiento log\u00edstico. <\/b><\/strong><\/li><\/ol><p>Siempre nos pondremos en contacto con nuestros clientes y les informaremos sobre la informaci\u00f3n log\u00edstica de los productos.<\/p><ol start=\"2\"><li><b><\/b><strong><b>Gu\u00eda de instalaci\u00f3n de la m\u00e1quina. <\/b><\/strong><\/li><\/ol><p>Despu\u00e9s de que el cliente reciba los productos, les enviaremos textos, videos, etc. para instruir a los clientes sobre c\u00f3mo instalar y utilizar la m\u00e1quina. Si es necesario, tambi\u00e9n podemos enviar profesionales al lugar del cliente para la instalaci\u00f3n.<\/p><ol start=\"3\"><li><b><\/b><strong><b>Servicio de recogida. <\/b><\/strong><\/li><\/ol><p>Para los clientes que vienen a China a visitar nuestra m\u00e1quina, ofrecemos servicios adicionales, que incluyen servicio de recogida, reserva de hotel, servicio de catering, etc.<\/p>\t\t\t\t\t\t\t\t<\/div> \t\t\t\t<div class=\"elementor-element elementor-element-5cfb91f8 elementor-widget-divider--view-line elementor-widget elementor-widget-divider\" data-id=\"5cfb91f8\" data-element_type=\"widget\" data-e-type=\"widget\" data-widget_type=\"divider.default\"> \t\t\t\t\t\t\t<div class=\"elementor-divider\"> \t\t\t<span class=\"elementor-divider-separator\"> \t\t\t\t\t\t<\/span> \t\t<\/div> \t\t\t\t\t\t<\/div> \t\t\t\t\t<\/div> \t\t<\/div> \t\t\t\t\t<\/div> \t\t<\/section> \t\t\t\t\t<\/div> \t\t<\/div> \t\t\t\t\t<\/div> \t\t<\/section> \t\t\t\t<section class=\"elementor-section elementor-top-section elementor-element elementor-element-4a4499a elementor-section-boxed elementor-section-height-default elementor-section-height-default\" data-id=\"4a4499a\" data-element_type=\"section\" data-e-type=\"section\"> \t\t\t\t\t\t<div class=\"elementor-container elementor-column-gap-default\"> \t\t\t\t\t<div class=\"elementor-column elementor-col-100 elementor-top-column elementor-element elementor-element-bb8b887\" data-id=\"bb8b887\" data-element_type=\"column\" data-e-type=\"column\"> \t\t\t<div class=\"elementor-widget-wrap elementor-element-populated\"> \t\t\t\t\t\t<div class=\"elementor-element elementor-element-9d8b1aa elementor-widget elementor-widget-image\" data-id=\"9d8b1aa\" data-element_type=\"widget\" data-e-type=\"widget\" data-widget_type=\"image.default\"> \t\t\t\t\t\t\t\t\t\t\t\t\t\t\t<img fetchpriority=\"high\" decoding=\"async\" width=\"1100\" height=\"394\" src=\"https:\/\/hanger-machine.com\/wp-content\/uploads\/2019\/12\/service.jpg\" class=\"attachment-large size-large wp-image-326\" alt=\"servicio\" srcset=\"https:\/\/hanger-machine.com\/wp-content\/uploads\/2019\/12\/service.jpg 1100w, https:\/\/hanger-machine.com\/wp-content\/uploads\/2019\/12\/service-300x107.jpg 300w, https:\/\/hanger-machine.com\/wp-content\/uploads\/2019\/12\/service-768x275.jpg 768w\" sizes=\"(max-width: 1100px) 100vw, 1100px\" \/>\t\t\t\t\t\t\t\t\t\t\t\t\t\t\t<\/div> \t\t\t\t\t<\/div> \t\t<\/div> \t\t\t\t\t<\/div> \t\t<\/section> \t\t\t\t<\/div>","protected":false},"excerpt":{"rendered":"<p>Contact Us Comprehensive services Pre-sales advice Professional consultants are online 24 hours. If you have any questions, you can feel free to ask our customer service. Related recommendations. We will recommend the corresponding machines to customers based on their actual needs, expected earnings, and economic conditions. If you have questions about the output, parameters, price, [&hellip;]<\/p>\n","protected":false},"author":1,"featured_media":0,"parent":0,"menu_order":0,"comment_status":"closed","ping_status":"closed","template":"","meta":{"footnotes":""},"class_list":["post-118","page","type-page","status-publish","hentry"],"_links":{"self":[{"href":"https:\/\/hanger-machine.com\/es\/wp-json\/wp\/v2\/pages\/118","targetHints":{"allow":["GET"]}}],"collection":[{"href":"https:\/\/hanger-machine.com\/es\/wp-json\/wp\/v2\/pages"}],"about":[{"href":"https:\/\/hanger-machine.com\/es\/wp-json\/wp\/v2\/types\/page"}],"author":[{"embeddable":true,"href":"https:\/\/hanger-machine.com\/es\/wp-json\/wp\/v2\/users\/1"}],"replies":[{"embeddable":true,"href":"https:\/\/hanger-machine.com\/es\/wp-json\/wp\/v2\/comments?post=118"}],"version-history":[{"count":0,"href":"https:\/\/hanger-machine.com\/es\/wp-json\/wp\/v2\/pages\/118\/revisions"}],"wp:attachment":[{"href":"https:\/\/hanger-machine.com\/es\/wp-json\/wp\/v2\/media?parent=118"}],"curies":[{"name":"wp","href":"https:\/\/api.w.org\/{rel}","templated":true}]}}