{"id":129,"date":"2019-12-13T06:50:21","date_gmt":"2019-12-13T06:50:21","guid":{"rendered":"https:\/\/mealwormmachine.com\/?page_id=129"},"modified":"2023-03-29T14:29:49","modified_gmt":"2023-03-29T06:29:49","slug":"about","status":"publish","type":"page","link":"https:\/\/hanger-machine.com\/fr\/a-propos\/","title":{"rendered":"\u00c0 propos de nous"},"content":{"rendered":"<div class=\"kk-star-ratings kksr-auto kksr-align-left kksr-valign-top\"     data-payload='{&quot;align&quot;:&quot;left&quot;,&quot;id&quot;:&quot;1881&quot;,&quot;slug&quot;:&quot;default&quot;,&quot;valign&quot;:&quot;top&quot;,&quot;ignore&quot;:&quot;&quot;,&quot;reference&quot;:&quot;auto&quot;,&quot;class&quot;:&quot;&quot;,&quot;count&quot;:&quot;25&quot;,&quot;legendonly&quot;:&quot;&quot;,&quot;readonly&quot;:&quot;&quot;,&quot;score&quot;:&quot;4.5&quot;,&quot;starsonly&quot;:&quot;&quot;,&quot;best&quot;:&quot;5&quot;,&quot;gap&quot;:&quot;5&quot;,&quot;greet&quot;:&quot;Rate this post&quot;,&quot;legend&quot;:&quot;4.5\\\/5 - (25 votes)&quot;,&quot;size&quot;:&quot;24&quot;,&quot;title&quot;:&quot;Wire Hanger Machine vs Competitors: Detailed Comparison 2026&quot;,&quot;width&quot;:&quot;128&quot;,&quot;_legend&quot;:&quot;{score}\\\/{best} - ({count} {votes})&quot;,&quot;font_factor&quot;:&quot;1.25&quot;}'>              <div class=\"kksr-stars\">      <div class=\"kksr-stars-inactive\">             <div class=\"kksr-star\" data-star=\"1\" style=\"padding-right: 5px\">               <div class=\"kksr-icon\" style=\"width: 24px; height: 24px;\"><\/div>         <\/div>             <div class=\"kksr-star\" data-star=\"2\" style=\"padding-right: 5px\">               <div class=\"kksr-icon\" style=\"width: 24px; height: 24px;\"><\/div>         <\/div>             <div class=\"kksr-star\" data-star=\"3\" style=\"padding-right: 5px\">               <div class=\"kksr-icon\" style=\"width: 24px; height: 24px;\"><\/div>         <\/div>             <div class=\"kksr-star\" data-star=\"4\" style=\"padding-right: 5px\">               <div class=\"kksr-icon\" style=\"width: 24px; height: 24px;\"><\/div>         <\/div>             <div class=\"kksr-star\" data-star=\"5\" style=\"padding-right: 5px\">               <div class=\"kksr-icon\" style=\"width: 24px; height: 24px;\"><\/div>         <\/div>     <\/div>      <div class=\"kksr-stars-active\" style=\"width: 128px;\">             <div class=\"kksr-star\" style=\"padding-right: 5px\">               <div class=\"kksr-icon\" style=\"width: 24px; height: 24px;\"><\/div>         <\/div>             <div class=\"kksr-star\" style=\"padding-right: 5px\">               <div class=\"kksr-icon\" style=\"width: 24px; height: 24px;\"><\/div>         <\/div>             <div class=\"kksr-star\" style=\"padding-right: 5px\">               <div class=\"kksr-icon\" style=\"width: 24px; height: 24px;\"><\/div>         <\/div>             <div class=\"kksr-star\" style=\"padding-right: 5px\">               <div class=\"kksr-icon\" style=\"width: 24px; height: 24px;\"><\/div>         <\/div>             <div class=\"kksr-star\" style=\"padding-right: 5px\">               <div class=\"kksr-icon\" style=\"width: 24px; height: 24px;\"><\/div>         <\/div>     <\/div> <\/div>                   <div class=\"kksr-legend\" style=\"font-size: 19.2px;\">             4,5\/5 - (25 votes)    <\/div>     <\/div> \t\t<div data-elementor-type=\"wp-page\" data-elementor-id=\"129\" class=\"elementor elementor-129\" data-elementor-post-type=\"page\"> \t\t\t\t\t\t<section class=\"elementor-section elementor-top-section elementor-element elementor-element-17d151af elementor-section-full_width elementor-section-height-min-height elementor-section-height-default elementor-section-items-middle\" data-id=\"17d151af\" data-element_type=\"section\" data-e-type=\"section\"> \t\t\t\t\t\t<div class=\"elementor-container elementor-column-gap-default\"> \t\t\t\t\t<div class=\"elementor-column elementor-col-100 elementor-top-column elementor-element elementor-element-67311eda\" data-id=\"67311eda\" data-element_type=\"column\" data-e-type=\"column\"> \t\t\t<div class=\"elementor-widget-wrap elementor-element-populated\"> \t\t\t\t\t\t<div class=\"elementor-element elementor-element-7dab401f elementor-view-default elementor-widget elementor-widget-icon\" data-id=\"7dab401f\" data-element_type=\"widget\" data-e-type=\"widget\" data-widget_type=\"icon.default\"> \t\t\t\t\t\t\t<div class=\"elementor-icon-wrapper\"> \t\t\t<a class=\"elementor-icon elementor-animation-sink\" href=\"#down\"> \t\t\t<svg xmlns=\"http:\/\/www.w3.org\/2000\/svg\" width=\"22.141\" height=\"41.0008\" viewbox=\"0 0 22.141 41.0008\"><title>1<\/title><g id=\"f1d121dd-2fd6-488e-ab66-46a3ffdb65e0\" data-name=\"Layer 2\"><g id=\"a8bf0207-953c-4a3d-9d70-d9875ea768f4\" data-name=\"Layer 1\"><path d=\"M.333,30.727A1.1165,1.1165,0,0,1,1.904,29.14l8.047,8.047V1.127A1.1178,1.1178,0,0,1,11.062,0a1.1314,1.1314,0,0,1,1.127,1.127v36.06l8.032-8.047a1.1393,1.1393,0,0,1,1.587,0,1.1119,1.1119,0,0,1,0,1.587l-9.952,9.952a1.12,1.12,0,0,1-1.571,0Z\"><\/path><\/g><\/g><\/svg>\t\t\t<\/a> \t\t<\/div> \t\t\t\t\t\t<\/div> \t\t\t\t\t<\/div> \t\t<\/div> \t\t\t\t\t<\/div> \t\t<\/section> \t\t\t\t<section class=\"elementor-section elementor-top-section elementor-element elementor-element-a6d9e22 elementor-section-height-min-height elementor-section-boxed elementor-section-height-default elementor-section-items-middle\" data-id=\"a6d9e22\" data-element_type=\"section\" data-e-type=\"section\"> \t\t\t\t\t\t<div class=\"elementor-container elementor-column-gap-default\"> \t\t\t\t\t<div class=\"elementor-column elementor-col-100 elementor-top-column elementor-element elementor-element-2b10870\" data-id=\"2b10870\" data-element_type=\"column\" data-e-type=\"column\"> \t\t\t<div class=\"elementor-widget-wrap elementor-element-populated\"> \t\t\t\t\t\t<div class=\"elementor-element elementor-element-9a566cc elementor-widget elementor-widget-heading\" data-id=\"9a566cc\" data-element_type=\"widget\" data-e-type=\"widget\" data-widget_type=\"heading.default\"> \t\t\t\t\t<h1 class=\"elementor-heading-title elementor-size-default\">\u00c0 propos de nous<\/h1>\t\t\t\t<\/div> \t\t\t\t\t<\/div> \t\t<\/div> \t\t\t\t\t<\/div> \t\t<\/section> \t\t\t\t<section class=\"elementor-section elementor-top-section elementor-element elementor-element-84853f5 elementor-section-full_width elementor-section-content-middle elementor-section-height-default elementor-section-height-default\" data-id=\"84853f5\" data-element_type=\"section\" data-e-type=\"section\"> \t\t\t\t\t\t<div class=\"elementor-container elementor-column-gap-no\"> \t\t\t\t\t<div class=\"elementor-column elementor-col-33 elementor-top-column elementor-element elementor-element-5ecbc4cf\" data-id=\"5ecbc4cf\" data-element_type=\"column\" data-e-type=\"column\"> \t\t\t<div class=\"elementor-widget-wrap elementor-element-populated\"> \t\t\t\t\t\t<div class=\"elementor-element elementor-element-bb2db9c elementor-widget elementor-widget-text-editor\" data-id=\"bb2db9c\" data-element_type=\"widget\" data-e-type=\"widget\" data-widget_type=\"text-editor.default\"> \t\t\t\t\t\t\t\t\t<p>Notre histoire<\/p>\t\t\t\t\t\t\t\t<\/div> \t\t\t\t<div class=\"elementor-element elementor-element-7fb4feb6 elementor-widget elementor-widget-heading\" data-id=\"7fb4feb6\" data-element_type=\"widget\" data-e-type=\"widget\" data-widget_type=\"heading.default\"> \t\t\t\t\t<h3 class=\"elementor-heading-title elementor-size-default\">\u00c0 propos de Shuliy<\/h3>\t\t\t\t<\/div> \t\t\t\t<div class=\"elementor-element elementor-element-173d67e6 elementor-widget-divider--view-line elementor-widget elementor-widget-divider\" data-id=\"173d67e6\" data-element_type=\"widget\" data-e-type=\"widget\" data-widget_type=\"divider.default\"> \t\t\t\t\t\t\t<div class=\"elementor-divider\"> \t\t\t<span class=\"elementor-divider-separator\"> \t\t\t\t\t\t<\/span> \t\t<\/div> \t\t\t\t\t\t<\/div> \t\t\t\t\t<\/div> \t\t<\/div> \t\t\t\t<div class=\"elementor-column elementor-col-33 elementor-top-column elementor-element elementor-element-45319428\" data-id=\"45319428\" data-element_type=\"column\" data-e-type=\"column\"> \t\t\t<div class=\"elementor-widget-wrap elementor-element-populated\"> \t\t\t\t\t\t<div class=\"elementor-element elementor-element-5b33aa37 elementor-widget elementor-widget-text-editor\" data-id=\"5b33aa37\" data-element_type=\"widget\" data-e-type=\"widget\" data-widget_type=\"text-editor.default\"> \t\t\t\t\t\t\t\t\t<p>Shuliy Machinery Co., Ltd. a \u00e9t\u00e9 cr\u00e9\u00e9e en 2011 et est situ\u00e9e \u00e0 Zhengzhou, en Chine, avec des transports pratiques et de beaux paysages. Apr\u00e8s des ann\u00e9es d'exp\u00e9rience, nous continuons \u00e0 am\u00e9liorer la machine pour obtenir d'excellentes performances et une bonne qualit\u00e9.<\/p><h2>Notre champ d'activit\u00e9<\/h2><ol><li><p class=\"translation-block\"><b><\/b><strong>Machines de production et de fabrication.<\/strong> Nous sommes le fabricant et le fournisseur de machines, avec une \u00e9quipe R&amp;D m\u00e9canique tr\u00e8s professionnelle. Chaque ann\u00e9e, nous investissons beaucoup d'argent dans le renouvellement des machines et la recherche et le d\u00e9veloppement, en essayant de fournir aux clients des machines plus avanc\u00e9es.<\/p><\/li><li><strong>Vente de machines.<\/strong> \u00c0 l'heure actuelle, nos machines ont \u00e9t\u00e9 vendues dans de nombreux pays du monde entier et nous avons \u00e9tabli de bonnes relations de coop\u00e9ration avec plus de 80 pays. Par exemple : \u00c9tats-Unis, Royaume-Uni, Ouzb\u00e9kistan, Nigeria, Tunisie, Inde, Pakistan, Turquie, Alg\u00e9rie, etc.<\/li><li><strong>Planification d'usine.<\/strong> Nous pouvons aider les clients \u00e0 concevoir des usines, calculer la superficie de l'usine, dessiner des plans d'\u00e9tage d'usine et des dessins 3D, etc.<\/li><li><strong>Recrutement d'agents.<\/strong> De nombreux anciens clients sont devenus nos agents, ils sont responsables de nous recommander des clients et nous leur versons des commissions correspondantes. Le processus de devenir un agent n'est pas compliqu\u00e9, et si vous avez cette intention, vous pouvez l'exprimer \u00e0 notre directeur des ventes.<\/li><\/ol><h2>Notre mission<\/h2><p>Du point de vue du march\u00e9 et des besoins des clients, nous aidons les entreprises et leurs produits \u00e0 \u00e9tablir une bonne image, \u00e0 d\u00e9velopper l'espace du march\u00e9 pour cr\u00e9er des avantages concurrentiels et \u00e0 renforcer les actifs incorporels des entreprises. Apporter aux clients une technologie avanc\u00e9e et des machines d'excellente qualit\u00e9.<\/p><p>Shuliy Machinery se r\u00e9jouit de collaborer avec vous !<\/p>\t\t\t\t\t\t\t\t<\/div> \t\t\t\t\t<\/div> \t\t<\/div> \t\t\t\t<div class=\"elementor-column elementor-col-33 elementor-top-column elementor-element elementor-element-5e260f5a\" data-id=\"5e260f5a\" data-element_type=\"column\" data-e-type=\"column\"> \t\t\t<div class=\"elementor-widget-wrap elementor-element-populated\"> \t\t\t\t\t\t<div class=\"elementor-element elementor-element-3af51e20 elementor-widget elementor-widget-image\" data-id=\"3af51e20\" data-element_type=\"widget\" data-e-type=\"widget\" data-widget_type=\"image.default\"> \t\t\t\t\t\t\t\t\t\t\t\t\t\t\t<img fetchpriority=\"high\" decoding=\"async\" width=\"720\" height=\"540\" src=\"https:\/\/hanger-machine.com\/wp-content\/uploads\/2019\/12\/company-building.jpg\" class=\"attachment-full size-full wp-image-318\" alt=\"construction de l&#039;entreprise\" srcset=\"https:\/\/hanger-machine.com\/wp-content\/uploads\/2019\/12\/company-building.jpg 720w, https:\/\/hanger-machine.com\/wp-content\/uploads\/2019\/12\/company-building-300x225.jpg 300w\" sizes=\"(max-width: 720px) 100vw, 720px\" \/>\t\t\t\t\t\t\t\t\t\t\t\t\t\t\t<\/div> \t\t\t\t<div class=\"elementor-element elementor-element-e9ae595 elementor-widget elementor-widget-image\" data-id=\"e9ae595\" data-element_type=\"widget\" data-e-type=\"widget\" data-widget_type=\"image.default\"> \t\t\t\t\t\t\t\t\t\t\t\t\t\t\t<img decoding=\"async\" width=\"1200\" height=\"500\" src=\"https:\/\/hanger-machine.com\/wp-content\/uploads\/2019\/12\/certificate.jpg\" class=\"attachment-full size-full wp-image-319\" alt=\"certificat\" srcset=\"https:\/\/hanger-machine.com\/wp-content\/uploads\/2019\/12\/certificate.jpg 1200w, https:\/\/hanger-machine.com\/wp-content\/uploads\/2019\/12\/certificate-300x125.jpg 300w, https:\/\/hanger-machine.com\/wp-content\/uploads\/2019\/12\/certificate-768x320.jpg 768w\" sizes=\"(max-width: 1200px) 100vw, 1200px\" \/>\t\t\t\t\t\t\t\t\t\t\t\t\t\t\t<\/div> \t\t\t\t<div class=\"elementor-element elementor-element-cda1e3e elementor-widget elementor-widget-image\" data-id=\"cda1e3e\" data-element_type=\"widget\" data-e-type=\"widget\" data-widget_type=\"image.default\"> \t\t\t\t\t\t\t\t\t\t\t\t\t\t\t<img decoding=\"async\" width=\"2048\" height=\"1365\" src=\"https:\/\/hanger-machine.com\/wp-content\/uploads\/2019\/12\/shuliy-group-scaled.jpg\" class=\"attachment-full size-full wp-image-320\" alt=\"groupe Shuliy\" srcset=\"https:\/\/hanger-machine.com\/wp-content\/uploads\/2019\/12\/shuliy-group-scaled.jpg 2048w, https:\/\/hanger-machine.com\/wp-content\/uploads\/2019\/12\/shuliy-group-300x200.jpg 300w, https:\/\/hanger-machine.com\/wp-content\/uploads\/2019\/12\/shuliy-group-1620x1080.jpg 1620w, https:\/\/hanger-machine.com\/wp-content\/uploads\/2019\/12\/shuliy-group-768x512.jpg 768w, https:\/\/hanger-machine.com\/wp-content\/uploads\/2019\/12\/shuliy-group-1536x1024.jpg 1536w\" sizes=\"(max-width: 2048px) 100vw, 2048px\" \/>\t\t\t\t\t\t\t\t\t\t\t\t\t\t\t<\/div> \t\t\t\t\t<\/div> \t\t<\/div> \t\t\t\t\t<\/div> \t\t<\/section> \t\t\t\t<section class=\"elementor-section elementor-top-section elementor-element elementor-element-3b0d1f38 elementor-section-full_width elementor-section-height-min-height elementor-section-items-stretch elementor-section-height-default\" data-id=\"3b0d1f38\" data-element_type=\"section\" data-e-type=\"section\" data-settings=\"{&quot;background_background&quot;:&quot;classic&quot;}\"> \t\t\t\t\t\t<div class=\"elementor-container elementor-column-gap-default\"> \t\t\t\t\t<div class=\"elementor-column elementor-col-100 elementor-top-column elementor-element elementor-element-4a27ea18\" data-id=\"4a27ea18\" data-element_type=\"column\" data-e-type=\"column\"> \t\t\t<div class=\"elementor-widget-wrap elementor-element-populated\"> \t\t\t\t\t\t<div class=\"elementor-element elementor-element-5de3513a elementor-widget elementor-widget-heading\" data-id=\"5de3513a\" data-element_type=\"widget\" data-e-type=\"widget\" data-widget_type=\"heading.default\"> \t\t\t\t\t<h2 class=\"elementor-heading-title elementor-size-default\">Le <br>Blog.<\/h2>\t\t\t\t<\/div> \t\t\t\t<div class=\"elementor-element elementor-element-26173a1 elementor-widget-divider--view-line elementor-widget elementor-widget-divider\" data-id=\"26173a1\" data-element_type=\"widget\" data-e-type=\"widget\" data-widget_type=\"divider.default\"> \t\t\t\t\t\t\t<div class=\"elementor-divider\"> \t\t\t<span class=\"elementor-divider-separator\"> \t\t\t\t\t\t<\/span> \t\t<\/div> \t\t\t\t\t\t<\/div> \t\t\t\t<div class=\"elementor-element elementor-element-589eea38 elementor-posts--align-left elementor-grid-3 elementor-grid-tablet-2 elementor-grid-mobile-1 elementor-posts--thumbnail-top elementor-posts__hover-gradient elementor-widget elementor-widget-posts\" data-id=\"589eea38\" data-element_type=\"widget\" data-e-type=\"widget\" data-settings=\"{&quot;cards_row_gap&quot;:{&quot;unit&quot;:&quot;px&quot;,&quot;size&quot;:30,&quot;sizes&quot;:[]},&quot;cards_columns&quot;:&quot;3&quot;,&quot;cards_columns_tablet&quot;:&quot;2&quot;,&quot;cards_columns_mobile&quot;:&quot;1&quot;,&quot;cards_row_gap_tablet&quot;:{&quot;unit&quot;:&quot;px&quot;,&quot;size&quot;:&quot;&quot;,&quot;sizes&quot;:[]},&quot;cards_row_gap_mobile&quot;:{&quot;unit&quot;:&quot;px&quot;,&quot;size&quot;:&quot;&quot;,&quot;sizes&quot;:[]}}\" data-widget_type=\"posts.cards\"> \t\t\t\t<div class=\"elementor-widget-container\"> \t\t\t\t\t\t\t<div class=\"elementor-posts-container elementor-posts elementor-posts--skin-cards elementor-grid\" role=\"list\"> \t\t\t\t<article class=\"elementor-post elementor-grid-item post-421 post type-post status-publish format-standard has-post-thumbnail hentry category-other-machine tag-hanger-machine\" role=\"listitem\"> \t\t\t<div class=\"elementor-post__card\"> \t\t\t\t<a class=\"elementor-post__thumbnail__link\" href=\"https:\/\/hanger-machine.com\/fr\/machine-a-fabriquer-des-cintres\/\" tabindex=\"-1\" ><div class=\"elementor-post__thumbnail\"><img loading=\"lazy\" decoding=\"async\" width=\"750\" height=\"750\" src=\"https:\/\/hanger-machine.com\/wp-content\/uploads\/2020\/01\/clothes-hanger-machine-for-sale.jpg\" class=\"attachment-medium size-medium wp-image-863\" alt=\"machine \u00e0 cintres en vente\" \/><\/div><\/a> \t\t\t\t<div class=\"elementor-post__text\"> \t\t\t\t<h3 class=\"elementor-post__title\"> \t\t\t<a href=\"https:\/\/hanger-machine.com\/fr\/machine-a-fabriquer-des-cintres\/\" > \t\t\t\tMachine \u00e0 fabriquer des cintres\t\t\t<\/a> \t\t<\/h3> \t\t\t\t<div class=\"elementor-post__excerpt\"> \t\t\t<p>La machine \u00e0 fabriquer les cintres est \u00e9galement appel\u00e9e machine \u00e0 fabriquer les cintres en fil m\u00e9tallique, elle peut fabriquer une vari\u00e9t\u00e9 de cintres en peu de temps.<\/p> \t\t<\/div> \t\t \t\t<a class=\"elementor-post__read-more\" href=\"https:\/\/hanger-machine.com\/fr\/machine-a-fabriquer-des-cintres\/\" aria-label=\"Read more about Clothes Hanger Making Machine\" tabindex=\"-1\" > \t\t\t\t\t<\/a>  \t\t\t\t<\/div> \t\t\t\t<div class=\"elementor-post__meta-data\"> \t\t\t\t\t<span class=\"elementor-post-date\"> \t\t\t1er avril 2026\t\t<\/span> \t\t\t\t<\/div> \t\t\t\t\t<\/div> \t\t<\/article> \t\t\t\t<article class=\"elementor-post elementor-grid-item post-1882 post type-post status-publish format-standard has-post-thumbnail hentry category-shuliy-wire-hanger-machine tag-hanger-machine-problems tag-hanger-machine-troubleshooting tag-hanger-making-machine-maintenance tag-industrial-hanger-machine tag-wire-hanger-machine-repair\" role=\"listitem\"> \t\t\t<div class=\"elementor-post__card\"> \t\t\t\t<a class=\"elementor-post__thumbnail__link\" href=\"https:\/\/hanger-machine.com\/fr\/hanger-machine-troubleshooting-guide\/\" tabindex=\"-1\" ><div class=\"elementor-post__thumbnail\"><img loading=\"lazy\" decoding=\"async\" width=\"720\" height=\"540\" src=\"https:\/\/hanger-machine.com\/wp-content\/uploads\/2026\/03\/cloth-hanger-machine-for-sale.webp\" class=\"attachment-medium size-medium wp-image-1886\" alt=\"machine \u00e0 cintres en tissu \u00e0 vendre\" srcset=\"https:\/\/hanger-machine.com\/wp-content\/uploads\/2026\/03\/cloth-hanger-machine-for-sale.webp 720w, https:\/\/hanger-machine.com\/wp-content\/uploads\/2026\/03\/cloth-hanger-machine-for-sale-16x12.webp 16w\" sizes=\"(max-width: 720px) 100vw, 720px\" \/><\/div><\/a> \t\t\t\t<div class=\"elementor-post__text\"> \t\t\t\t<h3 class=\"elementor-post__title\"> \t\t\t<a href=\"https:\/\/hanger-machine.com\/fr\/hanger-machine-troubleshooting-guide\/\" > \t\t\t\tD\u00e9pannage des machines \u00e0 cintre : 20 probl\u00e8mes courants r\u00e9solus\t\t\t<\/a> \t\t<\/h3> \t\t\t\t<div class=\"elementor-post__excerpt\"> \t\t\t<p>Guide complet de d\u00e9pannage pour les machines \u00e0 cintre. Apprenez \u00e0 r\u00e9parer 20 probl\u00e8mes courants, y compris les probl\u00e8mes d'alimentation du fil, les d\u00e9fauts de formage, les probl\u00e8mes de vitesse de production et les d\u00e9fis de maintenance.<\/p> \t\t<\/div> \t\t \t\t<a class=\"elementor-post__read-more\" href=\"https:\/\/hanger-machine.com\/fr\/hanger-machine-troubleshooting-guide\/\" aria-label=\"Read more about Hanger Machine Troubleshooting: 20 Common Issues Fixed\" tabindex=\"-1\" > \t\t\t\t\t<\/a>  \t\t\t\t<\/div> \t\t\t\t<div class=\"elementor-post__meta-data\"> \t\t\t\t\t<span class=\"elementor-post-date\"> \t\t\t28 mars, 2026\t\t<\/span> \t\t\t\t<\/div> \t\t\t\t\t<\/div> \t\t<\/article> \t\t\t\t<article class=\"elementor-post elementor-grid-item post-1881 post type-post status-publish format-standard has-post-thumbnail hentry category-news tag-hanger-equipment tag-hanger-machine-comparison tag-hanger-machine-manufacturer tag-hanger-machine-supplier tag-wire-hanger-machine\" role=\"listitem\"> \t\t\t<div class=\"elementor-post__card\"> \t\t\t\t<a class=\"elementor-post__thumbnail__link\" href=\"https:\/\/hanger-machine.com\/fr\/wire-hanger-machine-vs-competitors\/\" tabindex=\"-1\" ><div class=\"elementor-post__thumbnail\"><img loading=\"lazy\" decoding=\"async\" width=\"720\" height=\"540\" src=\"https:\/\/hanger-machine.com\/wp-content\/uploads\/2026\/03\/coat-hanger-making-machine.webp\" class=\"attachment-medium size-medium wp-image-1892\" alt=\"Machine \u00e0 fabriquer des cintres\" srcset=\"https:\/\/hanger-machine.com\/wp-content\/uploads\/2026\/03\/coat-hanger-making-machine.webp 720w, https:\/\/hanger-machine.com\/wp-content\/uploads\/2026\/03\/coat-hanger-making-machine-16x12.webp 16w\" sizes=\"(max-width: 720px) 100vw, 720px\" \/><\/div><\/a> \t\t\t\t<div class=\"elementor-post__text\"> \t\t\t\t<h3 class=\"elementor-post__title\"> \t\t\t<a href=\"https:\/\/hanger-machine.com\/fr\/wire-hanger-machine-vs-competitors\/\" > \t\t\t\tMachine \u00e0 cintre en fil vs concurrents : Comparaison d\u00e9taill\u00e9e 2026\t\t\t<\/a> \t\t<\/h3> \t\t\t\t<div class=\"elementor-post__excerpt\"> \t\t\t<p>Comparaison compl\u00e8te des machines \u00e0 cintre en fil des diff\u00e9rents fabricants. D\u00e9couvrez comment Shuliy se compare aux concurrents en termes de prix, qualit\u00e9, sp\u00e9cifications, support apr\u00e8s-vente et co\u00fbt total de possession.<\/p> \t\t<\/div> \t\t \t\t<a class=\"elementor-post__read-more\" href=\"https:\/\/hanger-machine.com\/fr\/wire-hanger-machine-vs-competitors\/\" aria-label=\"Read more about Wire Hanger Machine vs Competitors: Detailed Comparison 2026\" tabindex=\"-1\" > \t\t\t\t\t<\/a>  \t\t\t\t<\/div> \t\t\t\t<div class=\"elementor-post__meta-data\"> \t\t\t\t\t<span class=\"elementor-post-date\"> \t\t\t27 mars 2026\t\t<\/span> \t\t\t\t<\/div> \t\t\t\t\t<\/div> \t\t<\/article> \t\t\t\t<\/div> \t\t \t\t\t\t\t\t<\/div> \t\t\t\t<\/div> \t\t\t\t\t<\/div> \t\t<\/div> \t\t\t\t\t<\/div> \t\t<\/section> \t\t\t\t<\/div>","protected":false},"excerpt":{"rendered":"<p>1 About Us Our story About Shuliy Shuliy Machinery Co., Ltd. was established in 2011 and is located in Zhengzhou, China with convenient transportation and beautiful scenery. After years of experience, we continue to improve the machine to achieve excellent performance and good quality. Our business scope Production and manufacturing machines. We are the manufacturer [&hellip;]<\/p>\n","protected":false},"author":1,"featured_media":0,"parent":0,"menu_order":0,"comment_status":"closed","ping_status":"closed","template":"","meta":{"footnotes":""},"class_list":["post-129","page","type-page","status-publish","hentry"],"_links":{"self":[{"href":"https:\/\/hanger-machine.com\/fr\/wp-json\/wp\/v2\/pages\/129","targetHints":{"allow":["GET"]}}],"collection":[{"href":"https:\/\/hanger-machine.com\/fr\/wp-json\/wp\/v2\/pages"}],"about":[{"href":"https:\/\/hanger-machine.com\/fr\/wp-json\/wp\/v2\/types\/page"}],"author":[{"embeddable":true,"href":"https:\/\/hanger-machine.com\/fr\/wp-json\/wp\/v2\/users\/1"}],"replies":[{"embeddable":true,"href":"https:\/\/hanger-machine.com\/fr\/wp-json\/wp\/v2\/comments?post=129"}],"version-history":[{"count":0,"href":"https:\/\/hanger-machine.com\/fr\/wp-json\/wp\/v2\/pages\/129\/revisions"}],"wp:attachment":[{"href":"https:\/\/hanger-machine.com\/fr\/wp-json\/wp\/v2\/media?parent=129"}],"curies":[{"name":"wp","href":"https:\/\/api.w.org\/{rel}","templated":true}]}}