{"id":129,"date":"2019-12-13T06:50:21","date_gmt":"2019-12-13T06:50:21","guid":{"rendered":"https:\/\/mealwormmachine.com\/?page_id=129"},"modified":"2023-03-29T14:29:49","modified_gmt":"2023-03-29T06:29:49","slug":"about","status":"publish","type":"page","link":"https:\/\/hanger-machine.com\/pt\/about\/","title":{"rendered":"Sobre n\u00f3s"},"content":{"rendered":"<div class=\"kk-star-ratings kksr-auto kksr-align-left kksr-valign-top\"     data-payload='{&quot;align&quot;:&quot;left&quot;,&quot;id&quot;:&quot;421&quot;,&quot;slug&quot;:&quot;default&quot;,&quot;valign&quot;:&quot;top&quot;,&quot;ignore&quot;:&quot;&quot;,&quot;reference&quot;:&quot;auto&quot;,&quot;class&quot;:&quot;&quot;,&quot;count&quot;:&quot;27&quot;,&quot;legendonly&quot;:&quot;&quot;,&quot;readonly&quot;:&quot;&quot;,&quot;score&quot;:&quot;4.7&quot;,&quot;starsonly&quot;:&quot;&quot;,&quot;best&quot;:&quot;5&quot;,&quot;gap&quot;:&quot;5&quot;,&quot;greet&quot;:&quot;Rate this post&quot;,&quot;legend&quot;:&quot;4.7\\\/5 - (27 votes)&quot;,&quot;size&quot;:&quot;24&quot;,&quot;title&quot;:&quot;Clothes Hanger Making Machine&quot;,&quot;width&quot;:&quot;133.8&quot;,&quot;_legend&quot;:&quot;{score}\\\/{best} - ({count} {votes})&quot;,&quot;font_factor&quot;:&quot;1.25&quot;}'>              <div class=\"kksr-stars\">      <div class=\"kksr-stars-inactive\">             <div class=\"kksr-star\" data-star=\"1\" style=\"padding-right: 5px\">               <div class=\"kksr-icon\" style=\"width: 24px; height: 24px;\"><\/div>         <\/div>             <div class=\"kksr-star\" data-star=\"2\" style=\"padding-right: 5px\">               <div class=\"kksr-icon\" style=\"width: 24px; height: 24px;\"><\/div>         <\/div>             <div class=\"kksr-star\" data-star=\"3\" style=\"padding-right: 5px\">               <div class=\"kksr-icon\" style=\"width: 24px; height: 24px;\"><\/div>         <\/div>             <div class=\"kksr-star\" data-star=\"4\" style=\"padding-right: 5px\">               <div class=\"kksr-icon\" style=\"width: 24px; height: 24px;\"><\/div>         <\/div>             <div class=\"kksr-star\" data-star=\"5\" style=\"padding-right: 5px\">               <div class=\"kksr-icon\" style=\"width: 24px; height: 24px;\"><\/div>         <\/div>     <\/div>      <div class=\"kksr-stars-active\" style=\"width: 133.8px;\">             <div class=\"kksr-star\" style=\"padding-right: 5px\">               <div class=\"kksr-icon\" style=\"width: 24px; height: 24px;\"><\/div>         <\/div>             <div class=\"kksr-star\" style=\"padding-right: 5px\">               <div class=\"kksr-icon\" style=\"width: 24px; height: 24px;\"><\/div>         <\/div>             <div class=\"kksr-star\" style=\"padding-right: 5px\">               <div class=\"kksr-icon\" style=\"width: 24px; height: 24px;\"><\/div>         <\/div>             <div class=\"kksr-star\" style=\"padding-right: 5px\">               <div class=\"kksr-icon\" style=\"width: 24px; height: 24px;\"><\/div>         <\/div>             <div class=\"kksr-star\" style=\"padding-right: 5px\">               <div class=\"kksr-icon\" style=\"width: 24px; height: 24px;\"><\/div>         <\/div>     <\/div> <\/div>                   <div class=\"kksr-legend\" style=\"font-size: 19.2px;\">             4.7\/5 - (27 votos)    <\/div>     <\/div> \t\t<div data-elementor-type=\"wp-page\" data-elementor-id=\"129\" class=\"elementor elementor-129\" data-elementor-post-type=\"page\"> \t\t\t\t\t\t<section class=\"elementor-section elementor-top-section elementor-element elementor-element-17d151af elementor-section-full_width elementor-section-height-min-height elementor-section-height-default elementor-section-items-middle\" data-id=\"17d151af\" data-element_type=\"section\" data-e-type=\"section\"> \t\t\t\t\t\t<div class=\"elementor-container elementor-column-gap-default\"> \t\t\t\t\t<div class=\"elementor-column elementor-col-100 elementor-top-column elementor-element elementor-element-67311eda\" data-id=\"67311eda\" data-element_type=\"column\" data-e-type=\"column\"> \t\t\t<div class=\"elementor-widget-wrap elementor-element-populated\"> \t\t\t\t\t\t<div class=\"elementor-element elementor-element-7dab401f elementor-view-default elementor-widget elementor-widget-icon\" data-id=\"7dab401f\" data-element_type=\"widget\" data-e-type=\"widget\" data-widget_type=\"icon.default\"> \t\t\t\t\t\t\t<div class=\"elementor-icon-wrapper\"> \t\t\t<a class=\"elementor-icon elementor-animation-sink\" href=\"#down\"> \t\t\t<svg xmlns=\"http:\/\/www.w3.org\/2000\/svg\" width=\"22.141\" height=\"41.0008\" viewbox=\"0 0 22.141 41.0008\"><title>1<\/title><g id=\"f1d121dd-2fd6-488e-ab66-46a3ffdb65e0\" data-name=\"Layer 2\"><g id=\"a8bf0207-953c-4a3d-9d70-d9875ea768f4\" data-name=\"Layer 1\"><path d=\"M.333,30.727A1.1165,1.1165,0,0,1,1.904,29.14l8.047,8.047V1.127A1.1178,1.1178,0,0,1,11.062,0a1.1314,1.1314,0,0,1,1.127,1.127v36.06l8.032-8.047a1.1393,1.1393,0,0,1,1.587,0,1.1119,1.1119,0,0,1,0,1.587l-9.952,9.952a1.12,1.12,0,0,1-1.571,0Z\"><\/path><\/g><\/g><\/svg>\t\t\t<\/a> \t\t<\/div> \t\t\t\t\t\t<\/div> \t\t\t\t\t<\/div> \t\t<\/div> \t\t\t\t\t<\/div> \t\t<\/section> \t\t\t\t<section class=\"elementor-section elementor-top-section elementor-element elementor-element-a6d9e22 elementor-section-height-min-height elementor-section-boxed elementor-section-height-default elementor-section-items-middle\" data-id=\"a6d9e22\" data-element_type=\"section\" data-e-type=\"section\"> \t\t\t\t\t\t<div class=\"elementor-container elementor-column-gap-default\"> \t\t\t\t\t<div class=\"elementor-column elementor-col-100 elementor-top-column elementor-element elementor-element-2b10870\" data-id=\"2b10870\" data-element_type=\"column\" data-e-type=\"column\"> \t\t\t<div class=\"elementor-widget-wrap elementor-element-populated\"> \t\t\t\t\t\t<div class=\"elementor-element elementor-element-9a566cc elementor-widget elementor-widget-heading\" data-id=\"9a566cc\" data-element_type=\"widget\" data-e-type=\"widget\" data-widget_type=\"heading.default\"> \t\t\t\t\t<h1 class=\"elementor-heading-title elementor-size-default\">Sobre n\u00f3s<\/h1>\t\t\t\t<\/div> \t\t\t\t\t<\/div> \t\t<\/div> \t\t\t\t\t<\/div> \t\t<\/section> \t\t\t\t<section class=\"elementor-section elementor-top-section elementor-element elementor-element-84853f5 elementor-section-full_width elementor-section-content-middle elementor-section-height-default elementor-section-height-default\" data-id=\"84853f5\" data-element_type=\"section\" data-e-type=\"section\"> \t\t\t\t\t\t<div class=\"elementor-container elementor-column-gap-no\"> \t\t\t\t\t<div class=\"elementor-column elementor-col-33 elementor-top-column elementor-element elementor-element-5ecbc4cf\" data-id=\"5ecbc4cf\" data-element_type=\"column\" data-e-type=\"column\"> \t\t\t<div class=\"elementor-widget-wrap elementor-element-populated\"> \t\t\t\t\t\t<div class=\"elementor-element elementor-element-bb2db9c elementor-widget elementor-widget-text-editor\" data-id=\"bb2db9c\" data-element_type=\"widget\" data-e-type=\"widget\" data-widget_type=\"text-editor.default\"> \t\t\t\t\t\t\t\t\t<p>Nossa hist\u00f3ria<\/p>\t\t\t\t\t\t\t\t<\/div> \t\t\t\t<div class=\"elementor-element elementor-element-7fb4feb6 elementor-widget elementor-widget-heading\" data-id=\"7fb4feb6\" data-element_type=\"widget\" data-e-type=\"widget\" data-widget_type=\"heading.default\"> \t\t\t\t\t<h3 class=\"elementor-heading-title elementor-size-default\">Sobre Shuliy<\/h3>\t\t\t\t<\/div> \t\t\t\t<div class=\"elementor-element elementor-element-173d67e6 elementor-widget-divider--view-line elementor-widget elementor-widget-divider\" data-id=\"173d67e6\" data-element_type=\"widget\" data-e-type=\"widget\" data-widget_type=\"divider.default\"> \t\t\t\t\t\t\t<div class=\"elementor-divider\"> \t\t\t<span class=\"elementor-divider-separator\"> \t\t\t\t\t\t<\/span> \t\t<\/div> \t\t\t\t\t\t<\/div> \t\t\t\t\t<\/div> \t\t<\/div> \t\t\t\t<div class=\"elementor-column elementor-col-33 elementor-top-column elementor-element elementor-element-45319428\" data-id=\"45319428\" data-element_type=\"column\" data-e-type=\"column\"> \t\t\t<div class=\"elementor-widget-wrap elementor-element-populated\"> \t\t\t\t\t\t<div class=\"elementor-element elementor-element-5b33aa37 elementor-widget elementor-widget-text-editor\" data-id=\"5b33aa37\" data-element_type=\"widget\" data-e-type=\"widget\" data-widget_type=\"text-editor.default\"> \t\t\t\t\t\t\t\t\t<p>Shuliy Machinery Co., Ltd. foi fundada em 2011 e est\u00e1 localizada em Zhengzhou, China, com transporte conveniente e belas paisagens. Ap\u00f3s anos de experi\u00eancia, continuamos a melhorar a m\u00e1quina para alcan\u00e7ar excelente desempenho e boa qualidade.<\/p><h2>Nosso escopo de neg\u00f3cios<\/h2><ol><li><p class=\"translation-block\"><b><\/b><strong>M\u00e1quinas de produ\u00e7\u00e3o e fabrico.<\/strong> Somos o fabricante e fornecedor de m\u00e1quinas, com uma equipa de I&amp;D mec\u00e2nica muito profissional. Todos os anos, investimos muito dinheiro na renova\u00e7\u00e3o de maquinaria e em pesquisa e desenvolvimento, tentando fornecer aos clientes m\u00e1quinas mais avan\u00e7adas.<\/p><\/li><li><strong>Vendas de m\u00e1quinas.<\/strong> Actualmente, as nossas m\u00e1quinas foram vendidas para muitos pa\u00edses ao redor do mundo e estabeleceram boas rela\u00e7\u00f5es de coopera\u00e7\u00e3o com mais de 80 pa\u00edses. Por exemplo: Estados Unidos, Reino Unido, Uzbequist\u00e3o, Nig\u00e9ria, Tun\u00edsia, \u00cdndia, Paquist\u00e3o, Turquia, Arg\u00e9lia, etc.<\/li><li><strong>Planejamento de f\u00e1brica.<\/strong> Podemos ajudar os clientes a projetar f\u00e1bricas, calcular a \u00e1rea da f\u00e1brica, desenhar plantas baixas de f\u00e1brica e desenhos 3D, etc.<\/li><li><strong>Agentes de recrutamento.<\/strong> Muitos clientes antigos tornaram-se nossos agentes, s\u00e3o respons\u00e1veis \u200b\u200bpor nos recomendar clientes e n\u00f3s pagamos-lhes as comiss\u00f5es correspondentes. O processo para se tornar um agente n\u00e3o \u00e9 complicado e se voc\u00ea tem essa inten\u00e7\u00e3o, pode express\u00e1-la ao nosso gerente de vendas.<\/li><\/ol><h2>Nossa miss\u00e3o<\/h2><p>Do ponto de vista do mercado e das necessidades dos clientes, ajudamos as empresas e os seus produtos a estabelecer uma boa imagem, a expandir o espa\u00e7o de mercado para criar vantagens competitivas e a melhorar os ativos intang\u00edveis das empresas.\u00a0Traga aos clientes tecnologia avan\u00e7ada e m\u00e1quinas de excelente qualidade.<\/p><p>A Shuliy\u00a0Machinery espera cooperar com voc\u00ea!<\/p>\t\t\t\t\t\t\t\t<\/div> \t\t\t\t\t<\/div> \t\t<\/div> \t\t\t\t<div class=\"elementor-column elementor-col-33 elementor-top-column elementor-element elementor-element-5e260f5a\" data-id=\"5e260f5a\" data-element_type=\"column\" data-e-type=\"column\"> \t\t\t<div class=\"elementor-widget-wrap elementor-element-populated\"> \t\t\t\t\t\t<div class=\"elementor-element elementor-element-3af51e20 elementor-widget elementor-widget-image\" data-id=\"3af51e20\" data-element_type=\"widget\" data-e-type=\"widget\" data-widget_type=\"image.default\"> \t\t\t\t\t\t\t\t\t\t\t\t\t\t\t<img fetchpriority=\"high\" decoding=\"async\" width=\"720\" height=\"540\" src=\"https:\/\/hanger-machine.com\/wp-content\/uploads\/2019\/12\/company-building.jpg\" class=\"attachment-full size-full wp-image-318\" alt=\"constru\u00e7\u00e3o de empresa\" srcset=\"https:\/\/hanger-machine.com\/wp-content\/uploads\/2019\/12\/company-building.jpg 720w, https:\/\/hanger-machine.com\/wp-content\/uploads\/2019\/12\/company-building-300x225.jpg 300w\" sizes=\"(max-width: 720px) 100vw, 720px\" \/>\t\t\t\t\t\t\t\t\t\t\t\t\t\t\t<\/div> \t\t\t\t<div class=\"elementor-element elementor-element-e9ae595 elementor-widget elementor-widget-image\" data-id=\"e9ae595\" data-element_type=\"widget\" data-e-type=\"widget\" data-widget_type=\"image.default\"> \t\t\t\t\t\t\t\t\t\t\t\t\t\t\t<img decoding=\"async\" width=\"1200\" height=\"500\" src=\"https:\/\/hanger-machine.com\/wp-content\/uploads\/2019\/12\/certificate.jpg\" class=\"attachment-full size-full wp-image-319\" alt=\"certificado\" srcset=\"https:\/\/hanger-machine.com\/wp-content\/uploads\/2019\/12\/certificate.jpg 1200w, https:\/\/hanger-machine.com\/wp-content\/uploads\/2019\/12\/certificate-300x125.jpg 300w, https:\/\/hanger-machine.com\/wp-content\/uploads\/2019\/12\/certificate-768x320.jpg 768w\" sizes=\"(max-width: 1200px) 100vw, 1200px\" \/>\t\t\t\t\t\t\t\t\t\t\t\t\t\t\t<\/div> \t\t\t\t<div class=\"elementor-element elementor-element-cda1e3e elementor-widget elementor-widget-image\" data-id=\"cda1e3e\" data-element_type=\"widget\" data-e-type=\"widget\" data-widget_type=\"image.default\"> \t\t\t\t\t\t\t\t\t\t\t\t\t\t\t<img decoding=\"async\" width=\"2048\" height=\"1365\" src=\"https:\/\/hanger-machine.com\/wp-content\/uploads\/2019\/12\/shuliy-group-scaled.jpg\" class=\"attachment-full size-full wp-image-320\" alt=\"grupo shuliy\" srcset=\"https:\/\/hanger-machine.com\/wp-content\/uploads\/2019\/12\/shuliy-group-scaled.jpg 2048w, https:\/\/hanger-machine.com\/wp-content\/uploads\/2019\/12\/shuliy-group-300x200.jpg 300w, https:\/\/hanger-machine.com\/wp-content\/uploads\/2019\/12\/shuliy-group-1620x1080.jpg 1620w, https:\/\/hanger-machine.com\/wp-content\/uploads\/2019\/12\/shuliy-group-768x512.jpg 768w, https:\/\/hanger-machine.com\/wp-content\/uploads\/2019\/12\/shuliy-group-1536x1024.jpg 1536w\" sizes=\"(max-width: 2048px) 100vw, 2048px\" \/>\t\t\t\t\t\t\t\t\t\t\t\t\t\t\t<\/div> \t\t\t\t\t<\/div> \t\t<\/div> \t\t\t\t\t<\/div> \t\t<\/section> \t\t\t\t<section class=\"elementor-section elementor-top-section elementor-element elementor-element-3b0d1f38 elementor-section-full_width elementor-section-height-min-height elementor-section-items-stretch elementor-section-height-default\" data-id=\"3b0d1f38\" data-element_type=\"section\" data-e-type=\"section\" data-settings=\"{&quot;background_background&quot;:&quot;classic&quot;}\"> \t\t\t\t\t\t<div class=\"elementor-container elementor-column-gap-default\"> \t\t\t\t\t<div class=\"elementor-column elementor-col-100 elementor-top-column elementor-element elementor-element-4a27ea18\" data-id=\"4a27ea18\" data-element_type=\"column\" data-e-type=\"column\"> \t\t\t<div class=\"elementor-widget-wrap elementor-element-populated\"> \t\t\t\t\t\t<div class=\"elementor-element elementor-element-5de3513a elementor-widget elementor-widget-heading\" data-id=\"5de3513a\" data-element_type=\"widget\" data-e-type=\"widget\" data-widget_type=\"heading.default\"> \t\t\t\t\t<h2 class=\"elementor-heading-title elementor-size-default\">O <br>Blogue.<\/h2>\t\t\t\t<\/div> \t\t\t\t<div class=\"elementor-element elementor-element-26173a1 elementor-widget-divider--view-line elementor-widget elementor-widget-divider\" data-id=\"26173a1\" data-element_type=\"widget\" data-e-type=\"widget\" data-widget_type=\"divider.default\"> \t\t\t\t\t\t\t<div class=\"elementor-divider\"> \t\t\t<span class=\"elementor-divider-separator\"> \t\t\t\t\t\t<\/span> \t\t<\/div> \t\t\t\t\t\t<\/div> \t\t\t\t<div class=\"elementor-element elementor-element-589eea38 elementor-posts--align-left elementor-grid-3 elementor-grid-tablet-2 elementor-grid-mobile-1 elementor-posts--thumbnail-top elementor-posts__hover-gradient elementor-widget elementor-widget-posts\" data-id=\"589eea38\" data-element_type=\"widget\" data-e-type=\"widget\" data-settings=\"{&quot;cards_row_gap&quot;:{&quot;unit&quot;:&quot;px&quot;,&quot;size&quot;:30,&quot;sizes&quot;:[]},&quot;cards_columns&quot;:&quot;3&quot;,&quot;cards_columns_tablet&quot;:&quot;2&quot;,&quot;cards_columns_mobile&quot;:&quot;1&quot;,&quot;cards_row_gap_tablet&quot;:{&quot;unit&quot;:&quot;px&quot;,&quot;size&quot;:&quot;&quot;,&quot;sizes&quot;:[]},&quot;cards_row_gap_mobile&quot;:{&quot;unit&quot;:&quot;px&quot;,&quot;size&quot;:&quot;&quot;,&quot;sizes&quot;:[]}}\" data-widget_type=\"posts.cards\"> \t\t\t\t<div class=\"elementor-widget-container\"> \t\t\t\t\t\t\t<div class=\"elementor-posts-container elementor-posts elementor-posts--skin-cards elementor-grid\" role=\"list\"> \t\t\t\t<article class=\"elementor-post elementor-grid-item post-1895 post type-post status-publish format-standard has-post-thumbnail hentry category-news tag-clothes-hanger tag-hanger\" role=\"listitem\"> \t\t\t<div class=\"elementor-post__card\"> \t\t\t\t<a class=\"elementor-post__thumbnail__link\" href=\"https:\/\/hanger-machine.com\/pt\/hanger-production-machine-to-lebanon\/\" tabindex=\"-1\" ><div class=\"elementor-post__thumbnail\"><img loading=\"lazy\" decoding=\"async\" width=\"720\" height=\"540\" src=\"https:\/\/hanger-machine.com\/wp-content\/uploads\/2026\/04\/hanger-forming-machine-for-sale.webp\" class=\"attachment-medium size-medium wp-image-1903\" alt=\"m\u00e1quina formadora de cabide para venda\" srcset=\"https:\/\/hanger-machine.com\/wp-content\/uploads\/2026\/04\/hanger-forming-machine-for-sale.webp 720w, https:\/\/hanger-machine.com\/wp-content\/uploads\/2026\/04\/hanger-forming-machine-for-sale-16x12.webp 16w\" sizes=\"(max-width: 720px) 100vw, 720px\" \/><\/div><\/a> \t\t\t\t<div class=\"elementor-post__text\"> \t\t\t\t<h3 class=\"elementor-post__title\"> \t\t\t<a href=\"https:\/\/hanger-machine.com\/pt\/hanger-production-machine-to-lebanon\/\" > \t\t\t\tM\u00e1quina de produ\u00e7\u00e3o de cabides enviada para o L\u00edbano\t\t\t<\/a> \t\t<\/h3> \t\t\t\t<div class=\"elementor-post__excerpt\"> \t\t\t<p>A nossa m\u00e1quina de produ\u00e7\u00e3o de ganchos, encomendada por um fabricante liban\u00eas de ganchos para substituir equipamento desatualizado, foi produzida, testada, embalada e enviada com suporte p\u00f3s-venda.<\/p> \t\t<\/div> \t\t \t\t<a class=\"elementor-post__read-more\" href=\"https:\/\/hanger-machine.com\/pt\/hanger-production-machine-to-lebanon\/\" aria-label=\"Read more about Hanger Production Machine Shipped to Lebanon\" tabindex=\"-1\" > \t\t\t\t\t<\/a>  \t\t\t\t<\/div> \t\t\t\t<div class=\"elementor-post__meta-data\"> \t\t\t\t\t<span class=\"elementor-post-date\"> \t\t\t9 de abril, 2026\t\t<\/span> \t\t\t\t<\/div> \t\t\t\t\t<\/div> \t\t<\/article> \t\t\t\t<article class=\"elementor-post elementor-grid-item post-512 post type-post status-publish format-standard has-post-thumbnail hentry category-shuliy-wire-hanger-machine tag-clothes-hanger tag-hanger tag-wire-hanger\" role=\"listitem\"> \t\t\t<div class=\"elementor-post__card\"> \t\t\t\t<a class=\"elementor-post__thumbnail__link\" href=\"https:\/\/hanger-machine.com\/pt\/high-speed-hanger-machine\/\" tabindex=\"-1\" ><div class=\"elementor-post__thumbnail\"><img loading=\"lazy\" decoding=\"async\" width=\"750\" height=\"606\" src=\"https:\/\/hanger-machine.com\/wp-content\/uploads\/2020\/07\/Shuliy-high-speed-hanger-machine-1.jpg\" class=\"attachment-medium size-medium wp-image-873\" alt=\"M\u00e1quina de cabide Shuliy de alta velocidade\" \/><\/div><\/a> \t\t\t\t<div class=\"elementor-post__text\"> \t\t\t\t<h3 class=\"elementor-post__title\"> \t\t\t<a href=\"https:\/\/hanger-machine.com\/pt\/high-speed-hanger-machine\/\" > \t\t\t\tM\u00c1QUINA DE GANCHO DE ALTA VELOCIDADE\t\t\t<\/a> \t\t<\/h3> \t\t\t\t<div class=\"elementor-post__excerpt\"> \t\t\t<p>A m\u00e1quina de cabide (m\u00e1quina de cabide de arame) \u00e9 um equipamento profissional que pode dobrar rapidamente o arame em cabides. Esta m\u00e1quina pode fazer v\u00e1rios tipos de cabides, voc\u00ea pode escolher livremente.<\/p> \t\t<\/div> \t\t \t\t<a class=\"elementor-post__read-more\" href=\"https:\/\/hanger-machine.com\/pt\/high-speed-hanger-machine\/\" aria-label=\"Read more about HIGH-SPEED HANGER MACHINE\" tabindex=\"-1\" > \t\t\t\t\t<\/a>  \t\t\t\t<\/div> \t\t\t\t<div class=\"elementor-post__meta-data\"> \t\t\t\t\t<span class=\"elementor-post-date\"> \t\t\t7 de abril de 2026\t\t<\/span> \t\t\t\t<\/div> \t\t\t\t\t<\/div> \t\t<\/article> \t\t\t\t<article class=\"elementor-post elementor-grid-item post-421 post type-post status-publish format-standard has-post-thumbnail hentry category-other-machine tag-hanger-machine\" role=\"listitem\"> \t\t\t<div class=\"elementor-post__card\"> \t\t\t\t<a class=\"elementor-post__thumbnail__link\" href=\"https:\/\/hanger-machine.com\/pt\/clothes-hanger-making-machine\/\" tabindex=\"-1\" ><div class=\"elementor-post__thumbnail\"><img loading=\"lazy\" decoding=\"async\" width=\"750\" height=\"750\" src=\"https:\/\/hanger-machine.com\/wp-content\/uploads\/2020\/01\/clothes-hanger-machine-for-sale.jpg\" class=\"attachment-medium size-medium wp-image-863\" alt=\"Vendo m\u00e1quina de cabide\" \/><\/div><\/a> \t\t\t\t<div class=\"elementor-post__text\"> \t\t\t\t<h3 class=\"elementor-post__title\"> \t\t\t<a href=\"https:\/\/hanger-machine.com\/pt\/clothes-hanger-making-machine\/\" > \t\t\t\tM\u00e1quina de fazer cabides\t\t\t<\/a> \t\t<\/h3> \t\t\t\t<div class=\"elementor-post__excerpt\"> \t\t\t<p>A m\u00e1quina para fabricar cabides tamb\u00e9m \u00e9 chamada de m\u00e1quina para fabricar cabides de arame, ela pode fazer uma variedade de cabides em um curto espa\u00e7o de tempo.<\/p> \t\t<\/div> \t\t \t\t<a class=\"elementor-post__read-more\" href=\"https:\/\/hanger-machine.com\/pt\/clothes-hanger-making-machine\/\" aria-label=\"Read more about Clothes Hanger Making Machine\" tabindex=\"-1\" > \t\t\t\t\t<\/a>  \t\t\t\t<\/div> \t\t\t\t<div class=\"elementor-post__meta-data\"> \t\t\t\t\t<span class=\"elementor-post-date\"> \t\t\t7 de abril de 2026\t\t<\/span> \t\t\t\t<\/div> \t\t\t\t\t<\/div> \t\t<\/article> \t\t\t\t<\/div> \t\t \t\t\t\t\t\t<\/div> \t\t\t\t<\/div> \t\t\t\t\t<\/div> \t\t<\/div> \t\t\t\t\t<\/div> \t\t<\/section> \t\t\t\t<\/div>","protected":false},"excerpt":{"rendered":"<p>1 About Us Our story About Shuliy Shuliy Machinery Co., Ltd. was established in 2011 and is located in Zhengzhou, China with convenient transportation and beautiful scenery. After years of experience, we continue to improve the machine to achieve excellent performance and good quality. Our business scope Production and manufacturing machines. We are the manufacturer [&hellip;]<\/p>\n","protected":false},"author":1,"featured_media":0,"parent":0,"menu_order":0,"comment_status":"closed","ping_status":"closed","template":"","meta":{"footnotes":""},"class_list":["post-129","page","type-page","status-publish","hentry"],"_links":{"self":[{"href":"https:\/\/hanger-machine.com\/pt\/wp-json\/wp\/v2\/pages\/129","targetHints":{"allow":["GET"]}}],"collection":[{"href":"https:\/\/hanger-machine.com\/pt\/wp-json\/wp\/v2\/pages"}],"about":[{"href":"https:\/\/hanger-machine.com\/pt\/wp-json\/wp\/v2\/types\/page"}],"author":[{"embeddable":true,"href":"https:\/\/hanger-machine.com\/pt\/wp-json\/wp\/v2\/users\/1"}],"replies":[{"embeddable":true,"href":"https:\/\/hanger-machine.com\/pt\/wp-json\/wp\/v2\/comments?post=129"}],"version-history":[{"count":0,"href":"https:\/\/hanger-machine.com\/pt\/wp-json\/wp\/v2\/pages\/129\/revisions"}],"wp:attachment":[{"href":"https:\/\/hanger-machine.com\/pt\/wp-json\/wp\/v2\/media?parent=129"}],"curies":[{"name":"wp","href":"https:\/\/api.w.org\/{rel}","templated":true}]}}