{"id":118,"date":"2019-12-13T06:26:17","date_gmt":"2019-12-13T06:26:17","guid":{"rendered":"https:\/\/mealwormmachine.com\/?page_id=118"},"modified":"2021-01-12T03:44:27","modified_gmt":"2021-01-12T03:44:27","slug":"contact-us","status":"publish","type":"page","link":"https:\/\/hanger-machine.com\/tr\/contact-us\/","title":{"rendered":"bize ula\u015f\u0131n"},"content":{"rendered":"<div data-elementor-type=\"wp-page\" data-elementor-id=\"118\" class=\"elementor elementor-118\" data-elementor-post-type=\"page\"> \t\t\t\t\t\t<section class=\"elementor-section elementor-top-section elementor-element elementor-element-afea04d elementor-section-height-min-height elementor-section-boxed elementor-section-height-default elementor-section-items-middle\" data-id=\"afea04d\" data-element_type=\"section\" data-e-type=\"section\"> \t\t\t\t\t\t<div class=\"elementor-container elementor-column-gap-default\"> \t\t\t\t\t<div class=\"elementor-column elementor-col-100 elementor-top-column elementor-element elementor-element-4ee44e0\" data-id=\"4ee44e0\" data-element_type=\"column\" data-e-type=\"column\"> \t\t\t<div class=\"elementor-widget-wrap elementor-element-populated\"> \t\t\t\t\t\t<div class=\"elementor-element elementor-element-3dfd182 elementor-widget elementor-widget-heading\" data-id=\"3dfd182\" data-element_type=\"widget\" data-e-type=\"widget\" data-widget_type=\"heading.default\"> \t\t\t\t\t<h1 class=\"elementor-heading-title elementor-size-default\">Bize Ula\u015f\u0131n<\/h1>\t\t\t\t<\/div> \t\t\t\t\t<\/div> \t\t<\/div> \t\t\t\t\t<\/div> \t\t<\/section> \t\t\t\t<section class=\"elementor-section elementor-top-section elementor-element elementor-element-798ab4c elementor-section-height-min-height elementor-section-boxed elementor-section-height-default elementor-section-items-middle\" data-id=\"798ab4c\" data-element_type=\"section\" data-e-type=\"section\"> \t\t\t\t\t\t<div class=\"elementor-container elementor-column-gap-default\"> \t\t\t\t\t<div class=\"elementor-column elementor-col-100 elementor-top-column elementor-element elementor-element-f264168\" data-id=\"f264168\" data-element_type=\"column\" data-e-type=\"column\"> \t\t\t<div class=\"elementor-widget-wrap elementor-element-populated\"> \t\t\t\t\t\t<div class=\"elementor-element elementor-element-75d71bde elementor-widget elementor-widget-heading\" data-id=\"75d71bde\" data-element_type=\"widget\" data-e-type=\"widget\" data-widget_type=\"heading.default\"> \t\t\t\t\t<h2 class=\"elementor-heading-title elementor-size-default\">Kapsay\u0131c\u0131 <br>hizmetler<\/h2>\t\t\t\t<\/div> \t\t\t\t<section class=\"elementor-section elementor-inner-section elementor-element elementor-element-53f7afe7 elementor-section-full_width elementor-section-height-default elementor-section-height-default\" data-id=\"53f7afe7\" data-element_type=\"section\" data-e-type=\"section\"> \t\t\t\t\t\t<div class=\"elementor-container elementor-column-gap-default\"> \t\t\t\t\t<div class=\"elementor-column elementor-col-50 elementor-inner-column elementor-element elementor-element-65fa242b\" data-id=\"65fa242b\" data-element_type=\"column\" data-e-type=\"column\"> \t\t\t<div class=\"elementor-widget-wrap elementor-element-populated\"> \t\t\t\t\t\t<div class=\"elementor-element elementor-element-4efb9ef elementor-widget elementor-widget-heading\" data-id=\"4efb9ef\" data-element_type=\"widget\" data-e-type=\"widget\" data-widget_type=\"heading.default\"> \t\t\t\t\t<h2 class=\"elementor-heading-title elementor-size-default\">Sat\u0131\u015f \u00f6ncesi tavsiye<\/h2>\t\t\t\t<\/div> \t\t\t\t<div class=\"elementor-element elementor-element-d0f7ea1 elementor-widget elementor-widget-text-editor\" data-id=\"d0f7ea1\" data-element_type=\"widget\" data-e-type=\"widget\" data-widget_type=\"text-editor.default\"> \t\t\t\t\t\t\t\t\t<ol> <li><b><\/b><strong><b>Profesyonel dan\u0131\u015fmanlar 24 saat \u00e7evrimi\u00e7idir.<\/b><\/strong><\/li> <\/ol> <p>Herhangi bir sorunuz varsa m\u00fc\u015fteri hizmetlerimize sormaya \u00e7ekinmeyin.<\/p> <p><\/p> <ol start=\"2\"> <li><b><\/b><strong><b>\u0130lgili \u00f6neriler. <\/b><\/strong><\/li> <\/ol> <p>M\u00fc\u015fterilere ger\u00e7ek ihtiya\u00e7lar\u0131na, beklenen kazan\u00e7lar\u0131na ve ekonomik ko\u015fullar\u0131na g\u00f6re ilgili makineleri \u00f6nerece\u011fiz. Makinenin \u00e7\u0131kt\u0131s\u0131, parametreleri, fiyat\u0131 vb. konularda sorular\u0131n\u0131z varsa sat\u0131\u015f m\u00fcd\u00fcr\u00fcm\u00fczle ileti\u015fime ge\u00e7ebilirsiniz.<\/p> <p><\/p> <ol start=\"3\"> <li><b><\/b><strong style=\"\"><b style=\"\">Ek hizmetler. <\/b><\/strong><\/li> <\/ol> <p>M\u00fc\u015fterilere giri\u015fimci fikirler, kar analizi ve fabrika tasar\u0131m\u0131 sa\u011flayabiliriz. B\u00f6yle bir ihtiyac\u0131n\u0131z varsa kar\u015f\u0131layabiliriz.<\/p>\t\t\t\t\t\t\t\t<\/div> \t\t\t\t<div class=\"elementor-element elementor-element-3fe7ea13 elementor-widget-divider--view-line elementor-widget elementor-widget-divider\" data-id=\"3fe7ea13\" data-element_type=\"widget\" data-e-type=\"widget\" data-widget_type=\"divider.default\"> \t\t\t\t\t\t\t<div class=\"elementor-divider\"> \t\t\t<span class=\"elementor-divider-separator\"> \t\t\t\t\t\t<\/span> \t\t<\/div> \t\t\t\t\t\t<\/div> \t\t\t\t\t<\/div> \t\t<\/div> \t\t\t\t<div class=\"elementor-column elementor-col-50 elementor-inner-column elementor-element elementor-element-621808c4\" data-id=\"621808c4\" data-element_type=\"column\" data-e-type=\"column\"> \t\t\t<div class=\"elementor-widget-wrap elementor-element-populated\"> \t\t\t\t\t\t<div class=\"elementor-element elementor-element-490c66fc elementor-widget elementor-widget-heading\" data-id=\"490c66fc\" data-element_type=\"widget\" data-e-type=\"widget\" data-widget_type=\"heading.default\"> \t\t\t\t\t<h2 class=\"elementor-heading-title elementor-size-default\">Sat\u0131\u015f sonras\u0131 servis<\/h2>\t\t\t\t<\/div> \t\t\t\t<div class=\"elementor-element elementor-element-2798e228 elementor-widget elementor-widget-text-editor\" data-id=\"2798e228\" data-element_type=\"widget\" data-e-type=\"widget\" data-widget_type=\"text-editor.default\"> \t\t\t\t\t\t\t\t\t<ol><li><b><\/b><strong><b>Lojistik takibi. <\/b><\/strong><\/li><\/ol><p>M\u00fc\u015fterilerimizle her zaman ileti\u015fime ge\u00e7ece\u011fiz ve onlara \u00fcr\u00fcnlerin lojistik bilgilerini rapor edece\u011fiz.<\/p><ol start=\"2\"><li><b><\/b><strong><b>Makine kurulumunu y\u00f6nlendirin. <\/b><\/strong><\/li><\/ol><p>M\u00fc\u015fteri mallar\u0131 ald\u0131ktan sonra, m\u00fc\u015fterilere makineyi kurmalar\u0131 ve kullanmalar\u0131 konusunda talimat vermek i\u00e7in onlara metinler, videolar vb. g\u00f6nderece\u011fiz. Gerekirse kurulum i\u00e7in m\u00fc\u015fterinin bulundu\u011fu yere profesyoneller de g\u00f6nderebiliriz.<\/p><ol start=\"3\"><li><b><\/b><strong><b>Teslim alma hizmeti sa\u011flay\u0131n. <\/b><\/strong><\/li><\/ol><p>Makinemizi ziyaret etmek i\u00e7in \u00c7in'e gelen m\u00fc\u015fterilerimiz i\u00e7in kar\u015f\u0131lama hizmeti, otel rezervasyon hizmeti, yemek hizmeti vb. gibi ek hizmetler sa\u011fl\u0131yoruz.<\/p>\t\t\t\t\t\t\t\t<\/div> \t\t\t\t<div class=\"elementor-element elementor-element-5cfb91f8 elementor-widget-divider--view-line elementor-widget elementor-widget-divider\" data-id=\"5cfb91f8\" data-element_type=\"widget\" data-e-type=\"widget\" data-widget_type=\"divider.default\"> \t\t\t\t\t\t\t<div class=\"elementor-divider\"> \t\t\t<span class=\"elementor-divider-separator\"> \t\t\t\t\t\t<\/span> \t\t<\/div> \t\t\t\t\t\t<\/div> \t\t\t\t\t<\/div> \t\t<\/div> \t\t\t\t\t<\/div> \t\t<\/section> \t\t\t\t\t<\/div> \t\t<\/div> \t\t\t\t\t<\/div> \t\t<\/section> \t\t\t\t<section class=\"elementor-section elementor-top-section elementor-element elementor-element-4a4499a elementor-section-boxed elementor-section-height-default elementor-section-height-default\" data-id=\"4a4499a\" data-element_type=\"section\" data-e-type=\"section\"> \t\t\t\t\t\t<div class=\"elementor-container elementor-column-gap-default\"> \t\t\t\t\t<div class=\"elementor-column elementor-col-100 elementor-top-column elementor-element elementor-element-bb8b887\" data-id=\"bb8b887\" data-element_type=\"column\" data-e-type=\"column\"> \t\t\t<div class=\"elementor-widget-wrap elementor-element-populated\"> \t\t\t\t\t\t<div class=\"elementor-element elementor-element-9d8b1aa elementor-widget elementor-widget-image\" data-id=\"9d8b1aa\" data-element_type=\"widget\" data-e-type=\"widget\" data-widget_type=\"image.default\"> \t\t\t\t\t\t\t\t\t\t\t\t\t\t\t<img fetchpriority=\"high\" decoding=\"async\" width=\"1100\" height=\"394\" src=\"https:\/\/hanger-machine.com\/wp-content\/uploads\/2019\/12\/service.jpg\" class=\"attachment-large size-large wp-image-326\" alt=\"hizmet\" srcset=\"https:\/\/hanger-machine.com\/wp-content\/uploads\/2019\/12\/service.jpg 1100w, https:\/\/hanger-machine.com\/wp-content\/uploads\/2019\/12\/service-300x107.jpg 300w, https:\/\/hanger-machine.com\/wp-content\/uploads\/2019\/12\/service-768x275.jpg 768w\" sizes=\"(max-width: 1100px) 100vw, 1100px\" \/>\t\t\t\t\t\t\t\t\t\t\t\t\t\t\t<\/div> \t\t\t\t\t<\/div> \t\t<\/div> \t\t\t\t\t<\/div> \t\t<\/section> \t\t\t\t<\/div>","protected":false},"excerpt":{"rendered":"<p>Contact Us Comprehensive services Pre-sales advice Professional consultants are online 24 hours. If you have any questions, you can feel free to ask our customer service. Related recommendations. We will recommend the corresponding machines to customers based on their actual needs, expected earnings, and economic conditions. If you have questions about the output, parameters, price, [&hellip;]<\/p>\n","protected":false},"author":1,"featured_media":0,"parent":0,"menu_order":0,"comment_status":"closed","ping_status":"closed","template":"","meta":{"footnotes":""},"class_list":["post-118","page","type-page","status-publish","hentry"],"_links":{"self":[{"href":"https:\/\/hanger-machine.com\/tr\/wp-json\/wp\/v2\/pages\/118","targetHints":{"allow":["GET"]}}],"collection":[{"href":"https:\/\/hanger-machine.com\/tr\/wp-json\/wp\/v2\/pages"}],"about":[{"href":"https:\/\/hanger-machine.com\/tr\/wp-json\/wp\/v2\/types\/page"}],"author":[{"embeddable":true,"href":"https:\/\/hanger-machine.com\/tr\/wp-json\/wp\/v2\/users\/1"}],"replies":[{"embeddable":true,"href":"https:\/\/hanger-machine.com\/tr\/wp-json\/wp\/v2\/comments?post=118"}],"version-history":[{"count":0,"href":"https:\/\/hanger-machine.com\/tr\/wp-json\/wp\/v2\/pages\/118\/revisions"}],"wp:attachment":[{"href":"https:\/\/hanger-machine.com\/tr\/wp-json\/wp\/v2\/media?parent=118"}],"curies":[{"name":"wp","href":"https:\/\/api.w.org\/{rel}","templated":true}]}}