{"id":129,"date":"2019-12-13T06:50:21","date_gmt":"2019-12-13T06:50:21","guid":{"rendered":"https:\/\/mealwormmachine.com\/?page_id=129"},"modified":"2023-03-29T14:29:49","modified_gmt":"2023-03-29T06:29:49","slug":"about","status":"publish","type":"page","link":"https:\/\/hanger-machine.com\/tr\/about\/","title":{"rendered":"Hakk\u0131m\u0131zda"},"content":{"rendered":"<div class=\"kk-star-ratings kksr-auto kksr-align-left kksr-valign-top\"     data-payload='{&quot;align&quot;:&quot;left&quot;,&quot;id&quot;:&quot;512&quot;,&quot;slug&quot;:&quot;default&quot;,&quot;valign&quot;:&quot;top&quot;,&quot;ignore&quot;:&quot;&quot;,&quot;reference&quot;:&quot;auto&quot;,&quot;class&quot;:&quot;&quot;,&quot;count&quot;:&quot;17&quot;,&quot;legendonly&quot;:&quot;&quot;,&quot;readonly&quot;:&quot;&quot;,&quot;score&quot;:&quot;4.9&quot;,&quot;starsonly&quot;:&quot;&quot;,&quot;best&quot;:&quot;5&quot;,&quot;gap&quot;:&quot;5&quot;,&quot;greet&quot;:&quot;Rate this post&quot;,&quot;legend&quot;:&quot;4.9\\\/5 - (17 votes)&quot;,&quot;size&quot;:&quot;24&quot;,&quot;title&quot;:&quot;HIGH-SPEED HANGER MACHINE&quot;,&quot;width&quot;:&quot;139.6&quot;,&quot;_legend&quot;:&quot;{score}\\\/{best} - ({count} {votes})&quot;,&quot;font_factor&quot;:&quot;1.25&quot;}'>              <div class=\"kksr-stars\">      <div class=\"kksr-stars-inactive\">             <div class=\"kksr-star\" data-star=\"1\" style=\"padding-right: 5px\">               <div class=\"kksr-icon\" style=\"width: 24px; height: 24px;\"><\/div>         <\/div>             <div class=\"kksr-star\" data-star=\"2\" style=\"padding-right: 5px\">               <div class=\"kksr-icon\" style=\"width: 24px; height: 24px;\"><\/div>         <\/div>             <div class=\"kksr-star\" data-star=\"3\" style=\"padding-right: 5px\">               <div class=\"kksr-icon\" style=\"width: 24px; height: 24px;\"><\/div>         <\/div>             <div class=\"kksr-star\" data-star=\"4\" style=\"padding-right: 5px\">               <div class=\"kksr-icon\" style=\"width: 24px; height: 24px;\"><\/div>         <\/div>             <div class=\"kksr-star\" data-star=\"5\" style=\"padding-right: 5px\">               <div class=\"kksr-icon\" style=\"width: 24px; height: 24px;\"><\/div>         <\/div>     <\/div>      <div class=\"kksr-stars-active\" style=\"width: 139.6px;\">             <div class=\"kksr-star\" style=\"padding-right: 5px\">               <div class=\"kksr-icon\" style=\"width: 24px; height: 24px;\"><\/div>         <\/div>             <div class=\"kksr-star\" style=\"padding-right: 5px\">               <div class=\"kksr-icon\" style=\"width: 24px; height: 24px;\"><\/div>         <\/div>             <div class=\"kksr-star\" style=\"padding-right: 5px\">               <div class=\"kksr-icon\" style=\"width: 24px; height: 24px;\"><\/div>         <\/div>             <div class=\"kksr-star\" style=\"padding-right: 5px\">               <div class=\"kksr-icon\" style=\"width: 24px; height: 24px;\"><\/div>         <\/div>             <div class=\"kksr-star\" style=\"padding-right: 5px\">               <div class=\"kksr-icon\" style=\"width: 24px; height: 24px;\"><\/div>         <\/div>     <\/div> <\/div>                   <div class=\"kksr-legend\" style=\"font-size: 19.2px;\">             4.9\/5 - (17 oy)    <\/div>     <\/div> \t\t<div data-elementor-type=\"wp-page\" data-elementor-id=\"129\" class=\"elementor elementor-129\" data-elementor-post-type=\"page\"> \t\t\t\t\t\t<section class=\"elementor-section elementor-top-section elementor-element elementor-element-17d151af elementor-section-full_width elementor-section-height-min-height elementor-section-height-default elementor-section-items-middle\" data-id=\"17d151af\" data-element_type=\"section\" data-e-type=\"section\"> \t\t\t\t\t\t<div class=\"elementor-container elementor-column-gap-default\"> \t\t\t\t\t<div class=\"elementor-column elementor-col-100 elementor-top-column elementor-element elementor-element-67311eda\" data-id=\"67311eda\" data-element_type=\"column\" data-e-type=\"column\"> \t\t\t<div class=\"elementor-widget-wrap elementor-element-populated\"> \t\t\t\t\t\t<div class=\"elementor-element elementor-element-7dab401f elementor-view-default elementor-widget elementor-widget-icon\" data-id=\"7dab401f\" data-element_type=\"widget\" data-e-type=\"widget\" data-widget_type=\"icon.default\"> \t\t\t\t\t\t\t<div class=\"elementor-icon-wrapper\"> \t\t\t<a class=\"elementor-icon elementor-animation-sink\" href=\"#down\"> \t\t\t<svg xmlns=\"http:\/\/www.w3.org\/2000\/svg\" width=\"22.141\" height=\"41.0008\" viewbox=\"0 0 22.141 41.0008\"><title>1<\/title><g id=\"f1d121dd-2fd6-488e-ab66-46a3ffdb65e0\" data-name=\"Layer 2\"><g id=\"a8bf0207-953c-4a3d-9d70-d9875ea768f4\" data-name=\"Layer 1\"><path d=\"M.333,30.727A1.1165,1.1165,0,0,1,1.904,29.14l8.047,8.047V1.127A1.1178,1.1178,0,0,1,11.062,0a1.1314,1.1314,0,0,1,1.127,1.127v36.06l8.032-8.047a1.1393,1.1393,0,0,1,1.587,0,1.1119,1.1119,0,0,1,0,1.587l-9.952,9.952a1.12,1.12,0,0,1-1.571,0Z\"><\/path><\/g><\/g><\/svg>\t\t\t<\/a> \t\t<\/div> \t\t\t\t\t\t<\/div> \t\t\t\t\t<\/div> \t\t<\/div> \t\t\t\t\t<\/div> \t\t<\/section> \t\t\t\t<section class=\"elementor-section elementor-top-section elementor-element elementor-element-a6d9e22 elementor-section-height-min-height elementor-section-boxed elementor-section-height-default elementor-section-items-middle\" data-id=\"a6d9e22\" data-element_type=\"section\" data-e-type=\"section\"> \t\t\t\t\t\t<div class=\"elementor-container elementor-column-gap-default\"> \t\t\t\t\t<div class=\"elementor-column elementor-col-100 elementor-top-column elementor-element elementor-element-2b10870\" data-id=\"2b10870\" data-element_type=\"column\" data-e-type=\"column\"> \t\t\t<div class=\"elementor-widget-wrap elementor-element-populated\"> \t\t\t\t\t\t<div class=\"elementor-element elementor-element-9a566cc elementor-widget elementor-widget-heading\" data-id=\"9a566cc\" data-element_type=\"widget\" data-e-type=\"widget\" data-widget_type=\"heading.default\"> \t\t\t\t\t<h1 class=\"elementor-heading-title elementor-size-default\">Hakk\u0131m\u0131zda<\/h1>\t\t\t\t<\/div> \t\t\t\t\t<\/div> \t\t<\/div> \t\t\t\t\t<\/div> \t\t<\/section> \t\t\t\t<section class=\"elementor-section elementor-top-section elementor-element elementor-element-84853f5 elementor-section-full_width elementor-section-content-middle elementor-section-height-default elementor-section-height-default\" data-id=\"84853f5\" data-element_type=\"section\" data-e-type=\"section\"> \t\t\t\t\t\t<div class=\"elementor-container elementor-column-gap-no\"> \t\t\t\t\t<div class=\"elementor-column elementor-col-33 elementor-top-column elementor-element elementor-element-5ecbc4cf\" data-id=\"5ecbc4cf\" data-element_type=\"column\" data-e-type=\"column\"> \t\t\t<div class=\"elementor-widget-wrap elementor-element-populated\"> \t\t\t\t\t\t<div class=\"elementor-element elementor-element-bb2db9c elementor-widget elementor-widget-text-editor\" data-id=\"bb2db9c\" data-element_type=\"widget\" data-e-type=\"widget\" data-widget_type=\"text-editor.default\"> \t\t\t\t\t\t\t\t\t<p>Hikayemiz<\/p>\t\t\t\t\t\t\t\t<\/div> \t\t\t\t<div class=\"elementor-element elementor-element-7fb4feb6 elementor-widget elementor-widget-heading\" data-id=\"7fb4feb6\" data-element_type=\"widget\" data-e-type=\"widget\" data-widget_type=\"heading.default\"> \t\t\t\t\t<h3 class=\"elementor-heading-title elementor-size-default\">Shuliy hakk\u0131nda<\/h3>\t\t\t\t<\/div> \t\t\t\t<div class=\"elementor-element elementor-element-173d67e6 elementor-widget-divider--view-line elementor-widget elementor-widget-divider\" data-id=\"173d67e6\" data-element_type=\"widget\" data-e-type=\"widget\" data-widget_type=\"divider.default\"> \t\t\t\t\t\t\t<div class=\"elementor-divider\"> \t\t\t<span class=\"elementor-divider-separator\"> \t\t\t\t\t\t<\/span> \t\t<\/div> \t\t\t\t\t\t<\/div> \t\t\t\t\t<\/div> \t\t<\/div> \t\t\t\t<div class=\"elementor-column elementor-col-33 elementor-top-column elementor-element elementor-element-45319428\" data-id=\"45319428\" data-element_type=\"column\" data-e-type=\"column\"> \t\t\t<div class=\"elementor-widget-wrap elementor-element-populated\"> \t\t\t\t\t\t<div class=\"elementor-element elementor-element-5b33aa37 elementor-widget elementor-widget-text-editor\" data-id=\"5b33aa37\" data-element_type=\"widget\" data-e-type=\"widget\" data-widget_type=\"text-editor.default\"> \t\t\t\t\t\t\t\t\t<p>Shuliy Machinery Co., Ltd. 2011 y\u0131l\u0131nda kurulmu\u015f olup, rahat ula\u015f\u0131m ve g\u00fczel manzaraya sahip Zhengzhou, \u00c7in'de bulunmaktad\u0131r. Y\u0131llar\u0131n deneyiminden sonra, m\u00fckemmel performans ve iyi kalite elde etmek i\u00e7in makineyi geli\u015ftirmeye devam ediyoruz.<\/p><h2>\u0130\u015f kapsam\u0131m\u0131z<\/h2><ol><li><p class=\"translation-block\"><b><\/b><strong>\u00dcretim ve imalat makineleri.<\/strong> Makinelerin \u00fcreticisi ve tedarik\u00e7isiyiz, \u00e7ok profesyonel bir mekanik Ar-Ge ekibimiz var. Her y\u0131l, m\u00fc\u015fterilere daha geli\u015fmi\u015f makineler sunmaya \u00e7al\u0131\u015farak, makine yenileme ve ara\u015ft\u0131rma ve geli\u015ftirmeye \u00e7ok para yat\u0131r\u0131yoruz.<\/p><\/li><li><strong>Makine sat\u0131\u015f\u0131.<\/strong> \u015eu anda makinelerimiz d\u00fcnya \u00e7ap\u0131nda bir\u00e7ok \u00fclkeye sat\u0131ld\u0131 ve 80'den fazla \u00fclkeyle iyi i\u015fbirli\u011fi ili\u015fkileri kurduk. \u00d6rne\u011fin: Amerika Birle\u015fik Devletleri, Birle\u015fik Krall\u0131k, \u00d6zbekistan, Nijerya, Tunus, Hindistan, Pakistan, T\u00fcrkiye, Cezayir vb.<\/li><li><strong>Fabrika planlamas\u0131.<\/strong> Fabrikalar\u0131n tasarlanmas\u0131, fabrika alan\u0131n\u0131n hesaplanmas\u0131, fabrika kat planlar\u0131n\u0131n ve 3 boyutlu \u00e7izimlerin \u00e7izilmesi vb. konularda m\u00fc\u015fterilere yard\u0131mc\u0131 olabiliriz.<\/li><li><strong>\u0130\u015fe alma acenteleri.<\/strong> Bir\u00e7ok eski m\u00fc\u015fteri bizim acentemiz haline geldi, bize m\u00fc\u015fteri tavsiye etmekten onlar sorumlu ve biz de onlara kar\u015f\u0131l\u0131k gelen komisyonlar\u0131 \u00f6d\u00fcyoruz. Temsilci olma s\u00fcreci karma\u015f\u0131k de\u011fildir, e\u011fer b\u00f6yle bir niyetiniz varsa bunu sat\u0131\u015f y\u00f6neticimize iletebilirsiniz.<\/li><\/ol><h2>Misyonumuz<\/h2><p>Pazar ve m\u00fc\u015fterilerin ihtiya\u00e7lar\u0131 a\u00e7\u0131s\u0131ndan bak\u0131ld\u0131\u011f\u0131nda, i\u015fletmelerin ve \u00fcr\u00fcnlerinin iyi bir imaj olu\u015fturmas\u0131na, rekabet avantaj\u0131 yaratacak \u015fekilde pazar alan\u0131n\u0131 geni\u015fletmesine ve i\u015fletmelerin maddi olmayan varl\u0131klar\u0131n\u0131 geli\u015ftirmesine yard\u0131mc\u0131 oluyoruz.\u00a0M\u00fc\u015fterilere ileri teknoloji ve m\u00fckemmel kalitede makineler getirin.<\/p><p>Shuliy Machinery sizinle i\u015fbirli\u011fi yapmay\u0131 sab\u0131rs\u0131zl\u0131kla bekliyor!<\/p>\t\t\t\t\t\t\t\t<\/div> \t\t\t\t\t<\/div> \t\t<\/div> \t\t\t\t<div class=\"elementor-column elementor-col-33 elementor-top-column elementor-element elementor-element-5e260f5a\" data-id=\"5e260f5a\" data-element_type=\"column\" data-e-type=\"column\"> \t\t\t<div class=\"elementor-widget-wrap elementor-element-populated\"> \t\t\t\t\t\t<div class=\"elementor-element elementor-element-3af51e20 elementor-widget elementor-widget-image\" data-id=\"3af51e20\" data-element_type=\"widget\" data-e-type=\"widget\" data-widget_type=\"image.default\"> \t\t\t\t\t\t\t\t\t\t\t\t\t\t\t<img fetchpriority=\"high\" decoding=\"async\" width=\"720\" height=\"540\" src=\"https:\/\/hanger-machine.com\/wp-content\/uploads\/2019\/12\/company-building.jpg\" class=\"attachment-full size-full wp-image-318\" alt=\"\u015firket kurma\" srcset=\"https:\/\/hanger-machine.com\/wp-content\/uploads\/2019\/12\/company-building.jpg 720w, https:\/\/hanger-machine.com\/wp-content\/uploads\/2019\/12\/company-building-300x225.jpg 300w\" sizes=\"(max-width: 720px) 100vw, 720px\" \/>\t\t\t\t\t\t\t\t\t\t\t\t\t\t\t<\/div> \t\t\t\t<div class=\"elementor-element elementor-element-e9ae595 elementor-widget elementor-widget-image\" data-id=\"e9ae595\" data-element_type=\"widget\" data-e-type=\"widget\" data-widget_type=\"image.default\"> \t\t\t\t\t\t\t\t\t\t\t\t\t\t\t<img decoding=\"async\" width=\"1200\" height=\"500\" src=\"https:\/\/hanger-machine.com\/wp-content\/uploads\/2019\/12\/certificate.jpg\" class=\"attachment-full size-full wp-image-319\" alt=\"sertifika\" srcset=\"https:\/\/hanger-machine.com\/wp-content\/uploads\/2019\/12\/certificate.jpg 1200w, https:\/\/hanger-machine.com\/wp-content\/uploads\/2019\/12\/certificate-300x125.jpg 300w, https:\/\/hanger-machine.com\/wp-content\/uploads\/2019\/12\/certificate-768x320.jpg 768w\" sizes=\"(max-width: 1200px) 100vw, 1200px\" \/>\t\t\t\t\t\t\t\t\t\t\t\t\t\t\t<\/div> \t\t\t\t<div class=\"elementor-element elementor-element-cda1e3e elementor-widget elementor-widget-image\" data-id=\"cda1e3e\" data-element_type=\"widget\" data-e-type=\"widget\" data-widget_type=\"image.default\"> \t\t\t\t\t\t\t\t\t\t\t\t\t\t\t<img decoding=\"async\" width=\"2048\" height=\"1365\" src=\"https:\/\/hanger-machine.com\/wp-content\/uploads\/2019\/12\/shuliy-group-scaled.jpg\" class=\"attachment-full size-full wp-image-320\" alt=\"\u015euliy grubu\" srcset=\"https:\/\/hanger-machine.com\/wp-content\/uploads\/2019\/12\/shuliy-group-scaled.jpg 2048w, https:\/\/hanger-machine.com\/wp-content\/uploads\/2019\/12\/shuliy-group-300x200.jpg 300w, https:\/\/hanger-machine.com\/wp-content\/uploads\/2019\/12\/shuliy-group-1620x1080.jpg 1620w, https:\/\/hanger-machine.com\/wp-content\/uploads\/2019\/12\/shuliy-group-768x512.jpg 768w, https:\/\/hanger-machine.com\/wp-content\/uploads\/2019\/12\/shuliy-group-1536x1024.jpg 1536w\" sizes=\"(max-width: 2048px) 100vw, 2048px\" \/>\t\t\t\t\t\t\t\t\t\t\t\t\t\t\t<\/div> \t\t\t\t\t<\/div> \t\t<\/div> \t\t\t\t\t<\/div> \t\t<\/section> \t\t\t\t<section class=\"elementor-section elementor-top-section elementor-element elementor-element-3b0d1f38 elementor-section-full_width elementor-section-height-min-height elementor-section-items-stretch elementor-section-height-default\" data-id=\"3b0d1f38\" data-element_type=\"section\" data-e-type=\"section\" data-settings=\"{&quot;background_background&quot;:&quot;classic&quot;}\"> \t\t\t\t\t\t<div class=\"elementor-container elementor-column-gap-default\"> \t\t\t\t\t<div class=\"elementor-column elementor-col-100 elementor-top-column elementor-element elementor-element-4a27ea18\" data-id=\"4a27ea18\" data-element_type=\"column\" data-e-type=\"column\"> \t\t\t<div class=\"elementor-widget-wrap elementor-element-populated\"> \t\t\t\t\t\t<div class=\"elementor-element elementor-element-5de3513a elementor-widget elementor-widget-heading\" data-id=\"5de3513a\" data-element_type=\"widget\" data-e-type=\"widget\" data-widget_type=\"heading.default\"> \t\t\t\t\t<h2 class=\"elementor-heading-title elementor-size-default\">The <br>Blog'um.<\/h2>\t\t\t\t<\/div> \t\t\t\t<div class=\"elementor-element elementor-element-26173a1 elementor-widget-divider--view-line elementor-widget elementor-widget-divider\" data-id=\"26173a1\" data-element_type=\"widget\" data-e-type=\"widget\" data-widget_type=\"divider.default\"> \t\t\t\t\t\t\t<div class=\"elementor-divider\"> \t\t\t<span class=\"elementor-divider-separator\"> \t\t\t\t\t\t<\/span> \t\t<\/div> \t\t\t\t\t\t<\/div> \t\t\t\t<div class=\"elementor-element elementor-element-589eea38 elementor-posts--align-left elementor-grid-3 elementor-grid-tablet-2 elementor-grid-mobile-1 elementor-posts--thumbnail-top elementor-posts__hover-gradient elementor-widget elementor-widget-posts\" data-id=\"589eea38\" data-element_type=\"widget\" data-e-type=\"widget\" data-settings=\"{&quot;cards_row_gap&quot;:{&quot;unit&quot;:&quot;px&quot;,&quot;size&quot;:30,&quot;sizes&quot;:[]},&quot;cards_columns&quot;:&quot;3&quot;,&quot;cards_columns_tablet&quot;:&quot;2&quot;,&quot;cards_columns_mobile&quot;:&quot;1&quot;,&quot;cards_row_gap_tablet&quot;:{&quot;unit&quot;:&quot;px&quot;,&quot;size&quot;:&quot;&quot;,&quot;sizes&quot;:[]},&quot;cards_row_gap_mobile&quot;:{&quot;unit&quot;:&quot;px&quot;,&quot;size&quot;:&quot;&quot;,&quot;sizes&quot;:[]}}\" data-widget_type=\"posts.cards\"> \t\t\t\t<div class=\"elementor-widget-container\"> \t\t\t\t\t\t\t<div class=\"elementor-posts-container elementor-posts elementor-posts--skin-cards elementor-grid\" role=\"list\"> \t\t\t\t<article class=\"elementor-post elementor-grid-item post-1907 post type-post status-publish format-standard has-post-thumbnail hentry category-news tag-hanger tag-wire-hanger\" role=\"listitem\"> \t\t\t<div class=\"elementor-post__card\"> \t\t\t\t<a class=\"elementor-post__thumbnail__link\" href=\"https:\/\/hanger-machine.com\/tr\/hanger-forming-machine-for-wire-bending\/\" tabindex=\"-1\" ><div class=\"elementor-post__thumbnail\"><img loading=\"lazy\" decoding=\"async\" width=\"720\" height=\"540\" src=\"https:\/\/hanger-machine.com\/wp-content\/uploads\/2026\/04\/automatic-hanger-making-machine.webp\" class=\"attachment-medium size-medium wp-image-1918\" alt=\"otomatik ask\u0131 yapma makinesi\" srcset=\"https:\/\/hanger-machine.com\/wp-content\/uploads\/2026\/04\/automatic-hanger-making-machine.webp 720w, https:\/\/hanger-machine.com\/wp-content\/uploads\/2026\/04\/automatic-hanger-making-machine-16x12.webp 16w\" sizes=\"(max-width: 720px) 100vw, 720px\" \/><\/div><\/a> \t\t\t\t<div class=\"elementor-post__text\"> \t\t\t\t<h3 class=\"elementor-post__title\"> \t\t\t<a href=\"https:\/\/hanger-machine.com\/tr\/hanger-forming-machine-for-wire-bending\/\" > \t\t\t\tNeden Otomatik Ask\u0131 \u015eekillendirme Makinesi Manuel B\u00fckmeyi De\u011fi\u015ftiriyor?\t\t\t<\/a> \t\t<\/h3> \t\t\t\t<div class=\"elementor-post__excerpt\"> \t\t\t<p>Bu makale, otomatik ask\u0131 makinesinin neden manuel b\u00fckmeyi yerine ge\u00e7ti\u011fini a\u00e7\u0131kl\u0131yor ve tel b\u00fck\u00fcm i\u00e7in ask\u0131 \u015fekillendirme makinesinin temel avantajlar\u0131n\u0131 vurguluyor.<\/p> \t\t<\/div> \t\t \t\t<a class=\"elementor-post__read-more\" href=\"https:\/\/hanger-machine.com\/tr\/hanger-forming-machine-for-wire-bending\/\" aria-label=\"Read more about Why Automatic Hanger Forming Machine Replaces Manual Bending\uff1f\" tabindex=\"-1\" > \t\t\t\t\t<\/a>  \t\t\t\t<\/div> \t\t\t\t<div class=\"elementor-post__meta-data\"> \t\t\t\t\t<span class=\"elementor-post-date\"> \t\t\t20 Nisan, 2026\t\t<\/span> \t\t\t\t<\/div> \t\t\t\t\t<\/div> \t\t<\/article> \t\t\t\t<article class=\"elementor-post elementor-grid-item post-1895 post type-post status-publish format-standard has-post-thumbnail hentry category-news tag-clothes-hanger tag-hanger\" role=\"listitem\"> \t\t\t<div class=\"elementor-post__card\"> \t\t\t\t<a class=\"elementor-post__thumbnail__link\" href=\"https:\/\/hanger-machine.com\/tr\/hanger-production-machine-to-lebanon\/\" tabindex=\"-1\" ><div class=\"elementor-post__thumbnail\"><img loading=\"lazy\" decoding=\"async\" width=\"720\" height=\"540\" src=\"https:\/\/hanger-machine.com\/wp-content\/uploads\/2026\/04\/hanger-forming-machine-for-sale.webp\" class=\"attachment-medium size-medium wp-image-1903\" alt=\"sat\u0131l\u0131k ask\u0131 \u015fekillendirme makinesi\" srcset=\"https:\/\/hanger-machine.com\/wp-content\/uploads\/2026\/04\/hanger-forming-machine-for-sale.webp 720w, https:\/\/hanger-machine.com\/wp-content\/uploads\/2026\/04\/hanger-forming-machine-for-sale-16x12.webp 16w\" sizes=\"(max-width: 720px) 100vw, 720px\" \/><\/div><\/a> \t\t\t\t<div class=\"elementor-post__text\"> \t\t\t\t<h3 class=\"elementor-post__title\"> \t\t\t<a href=\"https:\/\/hanger-machine.com\/tr\/hanger-production-machine-to-lebanon\/\" > \t\t\t\tAsk\u0131 \u00dcretim Makinesi L\u00fcbnan'a Sevk Edildi\t\t\t<\/a> \t\t<\/h3> \t\t\t\t<div class=\"elementor-post__excerpt\"> \t\t\t<p>L\u00fcbnanl\u0131 bir ask\u0131 \u00fcreticisinin eskiyen ekipmanlar\u0131n yerine ge\u00e7mek \u00fczere sipari\u015f etti\u011fi ask\u0131 \u00fcretim makinemiz, \u00fcretildi, test edildi, paketlendi ve sat\u0131\u015f sonras\u0131 destek ile sevk edildi.<\/p> \t\t<\/div> \t\t \t\t<a class=\"elementor-post__read-more\" href=\"https:\/\/hanger-machine.com\/tr\/hanger-production-machine-to-lebanon\/\" aria-label=\"Read more about Hanger Production Machine Shipped to Lebanon\" tabindex=\"-1\" > \t\t\t\t\t<\/a>  \t\t\t\t<\/div> \t\t\t\t<div class=\"elementor-post__meta-data\"> \t\t\t\t\t<span class=\"elementor-post-date\"> \t\t\tNisan 9, 2026\t\t<\/span> \t\t\t\t<\/div> \t\t\t\t\t<\/div> \t\t<\/article> \t\t\t\t<article class=\"elementor-post elementor-grid-item post-512 post type-post status-publish format-standard has-post-thumbnail hentry category-shuliy-wire-hanger-machine tag-clothes-hanger tag-hanger tag-wire-hanger\" role=\"listitem\"> \t\t\t<div class=\"elementor-post__card\"> \t\t\t\t<a class=\"elementor-post__thumbnail__link\" href=\"https:\/\/hanger-machine.com\/tr\/high-speed-hanger-machine\/\" tabindex=\"-1\" ><div class=\"elementor-post__thumbnail\"><img loading=\"lazy\" decoding=\"async\" width=\"750\" height=\"606\" src=\"https:\/\/hanger-machine.com\/wp-content\/uploads\/2020\/07\/Shuliy-high-speed-hanger-machine-1.jpg\" class=\"attachment-medium size-medium wp-image-873\" alt=\"Shuliy y\u00fcksek h\u0131zl\u0131 ask\u0131 makinesi\" \/><\/div><\/a> \t\t\t\t<div class=\"elementor-post__text\"> \t\t\t\t<h3 class=\"elementor-post__title\"> \t\t\t<a href=\"https:\/\/hanger-machine.com\/tr\/high-speed-hanger-machine\/\" > \t\t\t\tY\u00dcKSEK HIZLI ASKI MAK\u0130NES\u0130\t\t\t<\/a> \t\t<\/h3> \t\t\t\t<div class=\"elementor-post__excerpt\"> \t\t\t<p>Ask\u0131 makinesi (tel elbise ask\u0131s\u0131 makinesi), teli h\u0131zl\u0131 bir \u015fekilde ask\u0131lara b\u00fckebilen profesyonel bir ekipmand\u0131r. Bu makine \u00e7e\u015fitli tipte ask\u0131lar yapabilir, \u00f6zg\u00fcrce se\u00e7im yapabilirsiniz.<\/p> \t\t<\/div> \t\t \t\t<a class=\"elementor-post__read-more\" href=\"https:\/\/hanger-machine.com\/tr\/high-speed-hanger-machine\/\" aria-label=\"Read more about HIGH-SPEED HANGER MACHINE\" tabindex=\"-1\" > \t\t\t\t\t<\/a>  \t\t\t\t<\/div> \t\t\t\t<div class=\"elementor-post__meta-data\"> \t\t\t\t\t<span class=\"elementor-post-date\"> \t\t\t2026 Nisan 7\t\t<\/span> \t\t\t\t<\/div> \t\t\t\t\t<\/div> \t\t<\/article> \t\t\t\t<\/div> \t\t \t\t\t\t\t\t<\/div> \t\t\t\t<\/div> \t\t\t\t\t<\/div> \t\t<\/div> \t\t\t\t\t<\/div> \t\t<\/section> \t\t\t\t<\/div>","protected":false},"excerpt":{"rendered":"<p>1 About Us Our story About Shuliy Shuliy Machinery Co., Ltd. was established in 2011 and is located in Zhengzhou, China with convenient transportation and beautiful scenery. After years of experience, we continue to improve the machine to achieve excellent performance and good quality. Our business scope Production and manufacturing machines. We are the manufacturer [&hellip;]<\/p>\n","protected":false},"author":1,"featured_media":0,"parent":0,"menu_order":0,"comment_status":"closed","ping_status":"closed","template":"","meta":{"footnotes":""},"class_list":["post-129","page","type-page","status-publish","hentry"],"_links":{"self":[{"href":"https:\/\/hanger-machine.com\/tr\/wp-json\/wp\/v2\/pages\/129","targetHints":{"allow":["GET"]}}],"collection":[{"href":"https:\/\/hanger-machine.com\/tr\/wp-json\/wp\/v2\/pages"}],"about":[{"href":"https:\/\/hanger-machine.com\/tr\/wp-json\/wp\/v2\/types\/page"}],"author":[{"embeddable":true,"href":"https:\/\/hanger-machine.com\/tr\/wp-json\/wp\/v2\/users\/1"}],"replies":[{"embeddable":true,"href":"https:\/\/hanger-machine.com\/tr\/wp-json\/wp\/v2\/comments?post=129"}],"version-history":[{"count":0,"href":"https:\/\/hanger-machine.com\/tr\/wp-json\/wp\/v2\/pages\/129\/revisions"}],"wp:attachment":[{"href":"https:\/\/hanger-machine.com\/tr\/wp-json\/wp\/v2\/media?parent=129"}],"curies":[{"name":"wp","href":"https:\/\/api.w.org\/{rel}","templated":true}]}}