{"id":2,"date":"2019-12-12T02:45:15","date_gmt":"2019-12-12T02:45:15","guid":{"rendered":"https:\/\/mealwormmachine.com\/?page_id=2"},"modified":"2024-07-22T11:34:34","modified_gmt":"2024-07-22T03:34:34","slug":"home-page","status":"publish","type":"page","link":"https:\/\/hanger-machine.com\/tr\/","title":{"rendered":"Ana sayfa"},"content":{"rendered":"<div data-elementor-type=\"wp-page\" data-elementor-id=\"2\" class=\"elementor elementor-2\" data-elementor-post-type=\"page\"> \t\t\t\t<div class=\"elementor-element elementor-element-8e3ce1b e-con-full e-flex e-con e-parent\" data-id=\"8e3ce1b\" data-element_type=\"container\" data-e-type=\"container\" data-settings=\"{&quot;background_background&quot;:&quot;classic&quot;}\"> \t\t\t\t<div class=\"elementor-element elementor-element-f593880 elementor-widget elementor-widget-heading\" data-id=\"f593880\" data-element_type=\"widget\" data-e-type=\"widget\" data-widget_type=\"heading.default\"> \t\t\t\t\t<h2 class=\"elementor-heading-title elementor-size-xxl\">\u00c7e\u015fitli tel ask\u0131 yapma makineleri <br>M\u00fc\u015fterilerin farkl\u0131 ihtiya\u00e7lar\u0131n\u0131 kar\u015f\u0131lay\u0131n<\/h2>\t\t\t\t<\/div> \t\t\t\t<\/div> \t\t<div class=\"elementor-element elementor-element-dfee823 e-flex e-con-boxed e-con e-parent\" data-id=\"dfee823\" data-element_type=\"container\" data-e-type=\"container\" data-settings=\"{&quot;background_background&quot;:&quot;classic&quot;}\"> \t\t\t\t\t<div class=\"e-con-inner\"> \t\t\t\t<div class=\"elementor-element elementor-element-3bb9a23 elementor-widget elementor-widget-heading\" data-id=\"3bb9a23\" data-element_type=\"widget\" data-e-type=\"widget\" data-widget_type=\"heading.default\"> \t\t\t\t\t<h3 class=\"elementor-heading-title elementor-size-default\">Ask\u0131 makinesi mi ar\u0131yorsunuz? <br>Ayr\u0131nt\u0131lar i\u00e7in bize ula\u015f\u0131n<\/h3>\t\t\t\t<\/div> \t\t\t\t<div class=\"elementor-element elementor-element-4d7f70a elementor-align-right elementor-mobile-align-center btn-getquote elementor-widget elementor-widget-button\" data-id=\"4d7f70a\" data-element_type=\"widget\" data-e-type=\"widget\" data-widget_type=\"button.default\"> \t\t\t\t\t\t\t\t\t\t<a class=\"elementor-button elementor-button-link elementor-size-lg\" href=\"#\"> \t\t\t\t\t\t<span class=\"elementor-button-content-wrapper\"> \t\t\t\t\t\t<span class=\"elementor-button-icon\"> \t\t\t\t<svg aria-hidden=\"true\" class=\"e-font-icon-svg e-fas-angle-double-right\" viewbox=\"0 0 448 512\" xmlns=\"http:\/\/www.w3.org\/2000\/svg\"><path d=\"M224.3 273l-136 136c-9.4 9.4-24.6 9.4-33.9 0l-22.6-22.6c-9.4-9.4-9.4-24.6 0-33.9l96.4-96.4-96.4-96.4c-9.4-9.4-9.4-24.6 0-33.9L54.3 103c9.4-9.4 24.6-9.4 33.9 0l136 136c9.5 9.4 9.5 24.6.1 34zm192-34l-136-136c-9.4-9.4-24.6-9.4-33.9 0l-22.6 22.6c-9.4 9.4-9.4 24.6 0 33.9l96.4 96.4-96.4 96.4c-9.4 9.4-9.4 24.6 0 33.9l22.6 22.6c9.4 9.4 24.6 9.4 33.9 0l136-136c9.4-9.2 9.4-24.4 0-33.8z\"><\/path><\/svg>\t\t\t<\/span> \t\t\t\t\t\t\t\t\t<span class=\"elementor-button-text\">Ayr\u0131nt\u0131lar\u0131 Al<\/span> \t\t\t\t\t<\/span> \t\t\t\t\t<\/a> \t\t\t\t\t\t\t\t<\/div> \t\t\t\t\t<\/div> \t\t\t\t<\/div> \t\t<div class=\"elementor-element elementor-element-b84bef7 e-flex e-con-boxed e-con e-parent\" data-id=\"b84bef7\" data-element_type=\"container\" data-e-type=\"container\"> \t\t\t\t\t<div class=\"e-con-inner\"> \t\t<div class=\"elementor-element elementor-element-edb7e6c e-con-full e-flex e-con e-child\" data-id=\"edb7e6c\" data-element_type=\"container\" data-e-type=\"container\"> \t\t\t\t<div class=\"elementor-element elementor-element-6150cc6 elementor-widget elementor-widget-heading\" data-id=\"6150cc6\" data-element_type=\"widget\" data-e-type=\"widget\" data-widget_type=\"heading.default\"> \t\t\t\t\t<h3 class=\"elementor-heading-title elementor-size-default\"><a href=\"https:\/\/hanger-machine.com\/tr\/wire-hanger-making-machine\/\">Ask\u0131 Yapma Makinesinin K\u0131sa Tan\u0131t\u0131m\u0131<\/a><\/h3>\t\t\t\t<\/div> \t\t\t\t<div class=\"elementor-element elementor-element-ee991cc elementor-widget-divider--view-line elementor-widget elementor-widget-divider\" data-id=\"ee991cc\" data-element_type=\"widget\" data-e-type=\"widget\" data-widget_type=\"divider.default\"> \t\t\t\t\t\t\t<div class=\"elementor-divider\"> \t\t\t<span class=\"elementor-divider-separator\"> \t\t\t\t\t\t<\/span> \t\t<\/div> \t\t\t\t\t\t<\/div> \t\t\t\t<div class=\"elementor-element elementor-element-2a52774 elementor-widget elementor-widget-text-editor\" data-id=\"2a52774\" data-element_type=\"widget\" data-e-type=\"widget\" data-widget_type=\"text-editor.default\"> \t\t\t\t\t\t\t\t\t<p>Ask\u0131 makinesi (tel elbise ask\u0131s\u0131 makinesi), teli h\u0131zl\u0131 bir \u015fekilde ask\u0131lara b\u00fckebilen profesyonel bir ekipmand\u0131r. Bu makine \u00e7e\u015fitli tipte ask\u0131lar yapabilir, \u00f6zg\u00fcrce se\u00e7im yapabilirsiniz.<\/p>\t\t\t\t\t\t\t\t<\/div> \t\t\t\t<div class=\"elementor-element elementor-element-43ebef0 elementor-align-left elementor-mobile-align-center elementor-widget elementor-widget-button\" data-id=\"43ebef0\" data-element_type=\"widget\" data-e-type=\"widget\" data-widget_type=\"button.default\"> \t\t\t\t\t\t\t\t\t\t<a class=\"elementor-button elementor-button-link elementor-size-md\" href=\"https:\/\/hanger-machine.com\/tr\/wire-hanger-making-machine\/\"> \t\t\t\t\t\t<span class=\"elementor-button-content-wrapper\"> \t\t\t\t\t\t<span class=\"elementor-button-icon\"> \t\t\t\t<svg aria-hidden=\"true\" class=\"e-font-icon-svg e-fas-angle-double-right\" viewbox=\"0 0 448 512\" xmlns=\"http:\/\/www.w3.org\/2000\/svg\"><path d=\"M224.3 273l-136 136c-9.4 9.4-24.6 9.4-33.9 0l-22.6-22.6c-9.4-9.4-9.4-24.6 0-33.9l96.4-96.4-96.4-96.4c-9.4-9.4-9.4-24.6 0-33.9L54.3 103c9.4-9.4 24.6-9.4 33.9 0l136 136c9.5 9.4 9.5 24.6.1 34zm192-34l-136-136c-9.4-9.4-24.6-9.4-33.9 0l-22.6 22.6c-9.4 9.4-9.4 24.6 0 33.9l96.4 96.4-96.4 96.4c-9.4 9.4-9.4 24.6 0 33.9l22.6 22.6c9.4 9.4 24.6 9.4 33.9 0l136-136c9.4-9.2 9.4-24.4 0-33.8z\"><\/path><\/svg>\t\t\t<\/span> \t\t\t\t\t\t\t\t\t<span class=\"elementor-button-text\">Devam\u0131n\u0131 oku<\/span> \t\t\t\t\t<\/span> \t\t\t\t\t<\/a> \t\t\t\t\t\t\t\t<\/div> \t\t\t\t<\/div> \t\t<div class=\"elementor-element elementor-element-6c42eb6 e-con-full e-flex e-con e-child\" data-id=\"6c42eb6\" data-element_type=\"container\" data-e-type=\"container\"> \t\t\t\t<div class=\"elementor-element elementor-element-0c0a73f elementor-widget elementor-widget-image\" data-id=\"0c0a73f\" data-element_type=\"widget\" data-e-type=\"widget\" data-widget_type=\"image.default\"> \t\t\t\t\t\t\t\t\t\t\t\t\t\t\t<img fetchpriority=\"high\" decoding=\"async\" width=\"720\" height=\"540\" src=\"https:\/\/hanger-machine.com\/wp-content\/uploads\/2019\/12\/cloth-hanger-making-machine-2.jpg\" class=\"attachment-full size-full wp-image-269\" alt=\"elbise ask\u0131s\u0131 yapma makinesi (2)\" srcset=\"https:\/\/hanger-machine.com\/wp-content\/uploads\/2019\/12\/cloth-hanger-making-machine-2.jpg 720w, https:\/\/hanger-machine.com\/wp-content\/uploads\/2019\/12\/cloth-hanger-making-machine-2-300x225.jpg 300w\" sizes=\"(max-width: 720px) 100vw, 720px\" \/>\t\t\t\t\t\t\t\t\t\t\t\t\t\t\t<\/div> \t\t\t\t<\/div> \t\t\t\t\t<\/div> \t\t\t\t<\/div> \t\t<div class=\"elementor-element elementor-element-9f0143f e-flex e-con-boxed e-con e-parent\" data-id=\"9f0143f\" data-element_type=\"container\" data-e-type=\"container\"> \t\t\t\t\t<div class=\"e-con-inner\"> \t\t<div class=\"elementor-element elementor-element-f57806c e-con-full e-flex e-con e-child\" data-id=\"f57806c\" data-element_type=\"container\" data-e-type=\"container\"> \t\t\t\t<div class=\"elementor-element elementor-element-7b43e82 elementor-widget elementor-widget-image\" data-id=\"7b43e82\" data-element_type=\"widget\" data-e-type=\"widget\" data-widget_type=\"image.default\"> \t\t\t\t\t\t\t\t\t\t\t\t\t\t\t<img decoding=\"async\" width=\"800\" height=\"531\" src=\"https:\/\/hanger-machine.com\/wp-content\/uploads\/2019\/12\/cloth-hangers.jpg\" class=\"attachment-large size-large wp-image-270\" alt=\"elbise ask\u0131lar\u0131\" srcset=\"https:\/\/hanger-machine.com\/wp-content\/uploads\/2019\/12\/cloth-hangers.jpg 800w, https:\/\/hanger-machine.com\/wp-content\/uploads\/2019\/12\/cloth-hangers-300x199.jpg 300w, https:\/\/hanger-machine.com\/wp-content\/uploads\/2019\/12\/cloth-hangers-768x510.jpg 768w\" sizes=\"(max-width: 800px) 100vw, 800px\" \/>\t\t\t\t\t\t\t\t\t\t\t\t\t\t\t<\/div> \t\t\t\t<\/div> \t\t<div class=\"elementor-element elementor-element-f58408f e-con-full e-flex e-con e-child\" data-id=\"f58408f\" data-element_type=\"container\" data-e-type=\"container\"> \t\t\t\t<div class=\"elementor-element elementor-element-36fdfd7 elementor-widget elementor-widget-heading\" data-id=\"36fdfd7\" data-element_type=\"widget\" data-e-type=\"widget\" data-widget_type=\"heading.default\"> \t\t\t\t\t<h3 class=\"elementor-heading-title elementor-size-default\"><a href=\"https:\/\/hanger-machine.com\/tr\/the-prospect-of-hanger-making-machine\/\">Ask\u0131 Yapma Makinesinin Beklentileri<\/a><\/h3>\t\t\t\t<\/div> \t\t\t\t<div class=\"elementor-element elementor-element-30019de elementor-widget-divider--view-line elementor-widget elementor-widget-divider\" data-id=\"30019de\" data-element_type=\"widget\" data-e-type=\"widget\" data-widget_type=\"divider.default\"> \t\t\t\t\t\t\t<div class=\"elementor-divider\"> \t\t\t<span class=\"elementor-divider-separator\"> \t\t\t\t\t\t<\/span> \t\t<\/div> \t\t\t\t\t\t<\/div> \t\t\t\t<div class=\"elementor-element elementor-element-29cefa5 elementor-widget elementor-widget-text-editor\" data-id=\"29cefa5\" data-element_type=\"widget\" data-e-type=\"widget\" data-widget_type=\"text-editor.default\"> \t\t\t\t\t\t\t\t\t<p>Son y\u0131llarda giyim sekt\u00f6r\u00fcn\u00fcn g\u00f6sterdi\u011fi refah sayesinde ask\u0131 imalat sekt\u00f6r\u00fcne parlak bir gelecek getirmi\u015ftir. \u0130ster elbise kurutma, ister saklama olsun, ask\u0131lara ihtiya\u00e7 duyulmaktad\u0131r, bu da ask\u0131lar\u0131n \u00fcretimi ve kullan\u0131m\u0131 i\u00e7in geni\u015f bir pazar\u0131 beraberinde getirmektedir.<\/p>\t\t\t\t\t\t\t\t<\/div> \t\t\t\t<div class=\"elementor-element elementor-element-89c9712 elementor-align-left elementor-mobile-align-center elementor-widget elementor-widget-button\" data-id=\"89c9712\" data-element_type=\"widget\" data-e-type=\"widget\" data-widget_type=\"button.default\"> \t\t\t\t\t\t\t\t\t\t<a class=\"elementor-button elementor-button-link elementor-size-md\" href=\"https:\/\/hanger-machine.com\/tr\/the-prospect-of-hanger-making-machine\/\"> \t\t\t\t\t\t<span class=\"elementor-button-content-wrapper\"> \t\t\t\t\t\t<span class=\"elementor-button-icon\"> \t\t\t\t<svg aria-hidden=\"true\" class=\"e-font-icon-svg e-fas-angle-double-right\" viewbox=\"0 0 448 512\" xmlns=\"http:\/\/www.w3.org\/2000\/svg\"><path d=\"M224.3 273l-136 136c-9.4 9.4-24.6 9.4-33.9 0l-22.6-22.6c-9.4-9.4-9.4-24.6 0-33.9l96.4-96.4-96.4-96.4c-9.4-9.4-9.4-24.6 0-33.9L54.3 103c9.4-9.4 24.6-9.4 33.9 0l136 136c9.5 9.4 9.5 24.6.1 34zm192-34l-136-136c-9.4-9.4-24.6-9.4-33.9 0l-22.6 22.6c-9.4 9.4-9.4 24.6 0 33.9l96.4 96.4-96.4 96.4c-9.4 9.4-9.4 24.6 0 33.9l22.6 22.6c9.4 9.4 24.6 9.4 33.9 0l136-136c9.4-9.2 9.4-24.4 0-33.8z\"><\/path><\/svg>\t\t\t<\/span> \t\t\t\t\t\t\t\t\t<span class=\"elementor-button-text\">Devam\u0131n\u0131 oku<\/span> \t\t\t\t\t<\/span> \t\t\t\t\t<\/a> \t\t\t\t\t\t\t\t<\/div> \t\t\t\t<\/div> \t\t\t\t\t<\/div> \t\t\t\t<\/div> \t\t<div class=\"elementor-element elementor-element-abe38d4 e-flex e-con-boxed e-con e-parent\" data-id=\"abe38d4\" data-element_type=\"container\" data-e-type=\"container\"> \t\t\t\t\t<div class=\"e-con-inner\"> \t\t<div class=\"elementor-element elementor-element-fbcee5a e-con-full e-flex e-con e-child\" data-id=\"fbcee5a\" data-element_type=\"container\" data-e-type=\"container\"> \t\t\t\t<div class=\"elementor-element elementor-element-b0a113c elementor-widget elementor-widget-heading\" data-id=\"b0a113c\" data-element_type=\"widget\" data-e-type=\"widget\" data-widget_type=\"heading.default\"> \t\t\t\t\t<h3 class=\"elementor-heading-title elementor-size-default\"><a href=\"https:\/\/hanger-machine.com\/tr\/about\/\">Neden Shuliy Machinery Co., Ltd.'yi Se\u00e7melisiniz?<\/a><\/h3>\t\t\t\t<\/div> \t\t\t\t<div class=\"elementor-element elementor-element-ae00f9c elementor-widget-divider--view-line elementor-widget elementor-widget-divider\" data-id=\"ae00f9c\" data-element_type=\"widget\" data-e-type=\"widget\" data-widget_type=\"divider.default\"> \t\t\t\t\t\t\t<div class=\"elementor-divider\"> \t\t\t<span class=\"elementor-divider-separator\"> \t\t\t\t\t\t<\/span> \t\t<\/div> \t\t\t\t\t\t<\/div> \t\t\t\t<div class=\"elementor-element elementor-element-b0ff9f5 elementor-widget elementor-widget-text-editor\" data-id=\"b0ff9f5\" data-element_type=\"widget\" data-e-type=\"widget\" data-widget_type=\"text-editor.default\"> \t\t\t\t\t\t\t\t\t<p>1. Profesyonel ekipman Ar-Ge ekibi.<br \/>2. M\u00fckemmel makine kalitesi.<br \/>3. Makul emtia fiyatlar\u0131.<br \/>4. D\u00fc\u015f\u00fcnceli sat\u0131\u015f sonras\u0131 servis.<\/p>\t\t\t\t\t\t\t\t<\/div> \t\t\t\t<div class=\"elementor-element elementor-element-b8f9bb4 elementor-align-left elementor-mobile-align-center elementor-widget elementor-widget-button\" data-id=\"b8f9bb4\" data-element_type=\"widget\" data-e-type=\"widget\" data-widget_type=\"button.default\"> \t\t\t\t\t\t\t\t\t\t<a class=\"elementor-button elementor-button-link elementor-size-md\" href=\"https:\/\/hanger-machine.com\/tr\/about\/\"> \t\t\t\t\t\t<span class=\"elementor-button-content-wrapper\"> \t\t\t\t\t\t<span class=\"elementor-button-icon\"> \t\t\t\t<svg aria-hidden=\"true\" class=\"e-font-icon-svg e-fas-angle-double-right\" viewbox=\"0 0 448 512\" xmlns=\"http:\/\/www.w3.org\/2000\/svg\"><path d=\"M224.3 273l-136 136c-9.4 9.4-24.6 9.4-33.9 0l-22.6-22.6c-9.4-9.4-9.4-24.6 0-33.9l96.4-96.4-96.4-96.4c-9.4-9.4-9.4-24.6 0-33.9L54.3 103c9.4-9.4 24.6-9.4 33.9 0l136 136c9.5 9.4 9.5 24.6.1 34zm192-34l-136-136c-9.4-9.4-24.6-9.4-33.9 0l-22.6 22.6c-9.4 9.4-9.4 24.6 0 33.9l96.4 96.4-96.4 96.4c-9.4 9.4-9.4 24.6 0 33.9l22.6 22.6c9.4 9.4 24.6 9.4 33.9 0l136-136c9.4-9.2 9.4-24.4 0-33.8z\"><\/path><\/svg>\t\t\t<\/span> \t\t\t\t\t\t\t\t\t<span class=\"elementor-button-text\">Shuliy \u015firketi hakk\u0131nda<\/span> \t\t\t\t\t<\/span> \t\t\t\t\t<\/a> \t\t\t\t\t\t\t\t<\/div> \t\t\t\t<\/div> \t\t<div class=\"elementor-element elementor-element-8f2e5ce e-con-full e-flex e-con e-child\" data-id=\"8f2e5ce\" data-element_type=\"container\" data-e-type=\"container\"> \t\t\t\t<div class=\"elementor-element elementor-element-c0b96a1 elementor-widget elementor-widget-image\" data-id=\"c0b96a1\" data-element_type=\"widget\" data-e-type=\"widget\" data-widget_type=\"image.default\"> \t\t\t\t\t\t\t\t\t\t\t\t\t\t\t<img decoding=\"async\" width=\"720\" height=\"540\" src=\"https:\/\/hanger-machine.com\/wp-content\/uploads\/2020\/01\/shuliy-machinery.jpg\" class=\"attachment-full size-full wp-image-480\" alt=\"Shuliy makineleri\" srcset=\"https:\/\/hanger-machine.com\/wp-content\/uploads\/2020\/01\/shuliy-machinery.jpg 720w, https:\/\/hanger-machine.com\/wp-content\/uploads\/2020\/01\/shuliy-machinery-300x225.jpg 300w\" sizes=\"(max-width: 720px) 100vw, 720px\" \/>\t\t\t\t\t\t\t\t\t\t\t\t\t\t\t<\/div> \t\t\t\t<\/div> \t\t\t\t\t<\/div> \t\t\t\t<\/div> \t\t<div class=\"elementor-element elementor-element-498f740 e-flex e-con-boxed e-con e-parent\" data-id=\"498f740\" data-element_type=\"container\" data-e-type=\"container\" data-settings=\"{&quot;background_background&quot;:&quot;gradient&quot;,&quot;shape_divider_bottom&quot;:&quot;arrow&quot;}\"> \t\t\t\t\t<div class=\"e-con-inner\"> \t\t\t\t<div class=\"elementor-shape elementor-shape-bottom\" aria-hidden=\"true\" data-negative=\"false\"> \t\t\t<svg xmlns=\"http:\/\/www.w3.org\/2000\/svg\" viewbox=\"0 0 700 10\" preserveaspectratio=\"none\"> \t<path class=\"elementor-shape-fill\" d=\"M350,10L340,0h20L350,10z\"\/> <\/svg>\t\t<\/div> \t\t\t\t<div class=\"elementor-element elementor-element-7250353 elementor-widget elementor-widget-heading\" data-id=\"7250353\" data-element_type=\"widget\" data-e-type=\"widget\" data-widget_type=\"heading.default\"> \t\t\t\t\t<h3 class=\"elementor-heading-title elementor-size-default\">En \u0130yi Ask\u0131 Makinas\u0131 \u00c7al\u0131\u015fmas\u0131 videosu<\/h3>\t\t\t\t<\/div> \t\t\t\t<div class=\"elementor-element elementor-element-65ef5b6 elementor-widget elementor-widget-video\" data-id=\"65ef5b6\" data-element_type=\"widget\" data-e-type=\"widget\" data-settings=\"{&quot;youtube_url&quot;:&quot;https:\\\/\\\/youtu.be\\\/NsF3KUSInD0&quot;,&quot;video_type&quot;:&quot;youtube&quot;,&quot;controls&quot;:&quot;yes&quot;}\" data-widget_type=\"video.default\"> \t\t\t\t\t\t\t<div class=\"elementor-wrapper elementor-open-inline\"> \t\t\t<div class=\"elementor-video\"><\/div>\t\t<\/div> \t\t\t\t\t\t<\/div> \t\t\t\t<div class=\"elementor-element elementor-element-f43d9bc elementor-testimonial--skin-default elementor-testimonial--layout-image_inline elementor-testimonial--align-center elementor-arrows-yes elementor-pagination-type-bullets elementor-widget elementor-widget-testimonial-carousel\" data-id=\"f43d9bc\" data-element_type=\"widget\" data-e-type=\"widget\" data-settings=\"{&quot;show_arrows&quot;:&quot;yes&quot;,&quot;pagination&quot;:&quot;bullets&quot;,&quot;speed&quot;:500,&quot;autoplay&quot;:&quot;yes&quot;,&quot;autoplay_speed&quot;:5000,&quot;loop&quot;:&quot;yes&quot;,&quot;pause_on_hover&quot;:&quot;yes&quot;,&quot;pause_on_interaction&quot;:&quot;yes&quot;,&quot;space_between&quot;:{&quot;unit&quot;:&quot;px&quot;,&quot;size&quot;:10,&quot;sizes&quot;:[]},&quot;space_between_tablet&quot;:{&quot;unit&quot;:&quot;px&quot;,&quot;size&quot;:10,&quot;sizes&quot;:[]},&quot;space_between_mobile&quot;:{&quot;unit&quot;:&quot;px&quot;,&quot;size&quot;:10,&quot;sizes&quot;:[]}}\" data-widget_type=\"testimonial-carousel.default\"> \t\t\t\t\t\t\t\t\t\t<div class=\"elementor-main-swiper swiper\" role=\"region\" aria-roledescription=\"carousel\" aria-label=\"Slaytlar\"> \t\t\t\t<div class=\"swiper-wrapper\"> \t\t\t\t\t\t\t\t\t\t\t<div class=\"swiper-slide\" role=\"group\" aria-roledescription=\"slide\"> \t\t\t\t\t\t\t\t\t<div class=\"elementor-testimonial\"> \t\t\t\t\t\t\t<div class=\"elementor-testimonial__content\"> \t\t\t\t\t<div class=\"elementor-testimonial__text\"> \t\t\t\t\t\tShuliy'in ask\u0131 makinesinin kullan\u0131lmas\u0131ndan bu yana i\u015f verimlili\u011fi b\u00fcy\u00fck \u00f6l\u00e7\u00fcde artt\u0131.\t\t\t\t\t<\/div> \t\t\t\t\t\t\t\t\t<\/div> \t\t\t\t\t\t<div class=\"elementor-testimonial__footer\"> \t\t\t\t\t\t\t\t\t<div class=\"elementor-testimonial__image\"> \t\t\t\t\t\t<img decoding=\"async\" src=\"https:\/\/hanger-machine.com\/wp-content\/uploads\/2019\/12\/groomsman3.jpg\" alt=\"John Doe\"> \t\t\t\t\t\t\t\t\t\t\t<\/div> \t\t\t\t\t\t\t\t<cite class=\"elementor-testimonial__cite\"><span class=\"elementor-testimonial__name\">John Doe<\/span><span class=\"elementor-testimonial__title\">Serbest meslek<\/span><\/cite>\t\t\t<\/div> \t\t<\/div> \t\t\t\t\t\t\t\t<\/div> \t\t\t\t\t\t\t\t\t\t\t<div class=\"swiper-slide\" role=\"group\" aria-roledescription=\"slide\"> \t\t\t\t\t\t\t\t\t<div class=\"elementor-testimonial\"> \t\t\t\t\t\t\t<div class=\"elementor-testimonial__content\"> \t\t\t\t\t<div class=\"elementor-testimonial__text\"> \t\t\t\t\t\tShuliy ile olan i\u015fbirli\u011fi \u00e7ok keyifli ve sat\u0131c\u0131lar\u0131 da olduk\u00e7a profesyonel.\t\t\t\t\t<\/div> \t\t\t\t\t\t\t\t\t<\/div> \t\t\t\t\t\t<div class=\"elementor-testimonial__footer\"> \t\t\t\t\t\t\t\t\t<div class=\"elementor-testimonial__image\"> \t\t\t\t\t\t<img decoding=\"async\" src=\"https:\/\/hanger-machine.com\/wp-content\/uploads\/2019\/12\/y10.png\" alt=\"Michael Nguyen\"> \t\t\t\t\t\t\t\t\t\t\t<\/div> \t\t\t\t\t\t\t\t<cite class=\"elementor-testimonial__cite\"><span class=\"elementor-testimonial__name\">Michael Nguyen<\/span><span class=\"elementor-testimonial__title\">t\u00fcccarlar<\/span><\/cite>\t\t\t<\/div> \t\t<\/div> \t\t\t\t\t\t\t\t<\/div> \t\t\t\t\t\t\t\t\t\t\t<div class=\"swiper-slide\" role=\"group\" aria-roledescription=\"slide\"> \t\t\t\t\t\t\t\t\t<div class=\"elementor-testimonial\"> \t\t\t\t\t\t\t<div class=\"elementor-testimonial__content\"> \t\t\t\t\t<div class=\"elementor-testimonial__text\"> \t\t\t\t\t\tShuliy'nin makinesiyle sorun yok, sorun yok, endi\u015fe yok!\t\t\t\t\t<\/div> \t\t\t\t\t\t\t\t\t<\/div> \t\t\t\t\t\t<div class=\"elementor-testimonial__footer\"> \t\t\t\t\t\t\t\t\t<div class=\"elementor-testimonial__image\"> \t\t\t\t\t\t<img decoding=\"async\" src=\"https:\/\/hanger-machine.com\/wp-content\/uploads\/2019\/12\/customer.jpg\" alt=\"\u0130brahim\"> \t\t\t\t\t\t\t\t\t\t\t<\/div> \t\t\t\t\t\t\t\t<cite class=\"elementor-testimonial__cite\"><span class=\"elementor-testimonial__name\">\u0130brahim<\/span><span class=\"elementor-testimonial__title\">CEO<\/span><\/cite>\t\t\t<\/div> \t\t<\/div> \t\t\t\t\t\t\t\t<\/div> \t\t\t\t\t\t\t\t\t<\/div> \t\t\t\t\t\t\t\t\t\t\t\t\t\t\t<div class=\"elementor-swiper-button elementor-swiper-button-prev\" role=\"button\" tabindex=\"0\" aria-label=\"\u00d6ncesi\"> \t\t\t\t\t\t\t<svg aria-hidden=\"true\" class=\"e-font-icon-svg e-eicon-chevron-left\" viewbox=\"0 0 1000 1000\" xmlns=\"http:\/\/www.w3.org\/2000\/svg\"><path d=\"M646 125C629 125 613 133 604 142L308 442C296 454 292 471 292 487 292 504 296 521 308 533L604 854C617 867 629 875 646 875 663 875 679 871 692 858 704 846 713 829 713 812 713 796 708 779 692 767L438 487 692 225C700 217 708 204 708 187 708 171 704 154 692 142 675 129 663 125 646 125Z\"><\/path><\/svg>\t\t\t\t\t\t<\/div> \t\t\t\t\t\t<div class=\"elementor-swiper-button elementor-swiper-button-next\" role=\"button\" tabindex=\"0\" aria-label=\"Sonraki\"> \t\t\t\t\t\t\t<svg aria-hidden=\"true\" class=\"e-font-icon-svg e-eicon-chevron-right\" viewbox=\"0 0 1000 1000\" xmlns=\"http:\/\/www.w3.org\/2000\/svg\"><path d=\"M696 533C708 521 713 504 713 487 713 471 708 454 696 446L400 146C388 133 375 125 354 125 338 125 325 129 313 142 300 154 292 171 292 187 292 204 296 221 308 233L563 492 304 771C292 783 288 800 288 817 288 833 296 850 308 863 321 871 338 875 354 875 371 875 388 867 400 854L696 533Z\"><\/path><\/svg>\t\t\t\t\t\t<\/div> \t\t\t\t\t\t\t\t\t\t\t\t\t\t\t\t<div class=\"swiper-pagination\"><\/div> \t\t\t\t\t\t\t\t\t\t\t\t<\/div> \t\t\t\t\t\t\t\t<\/div> \t\t\t\t\t<\/div> \t\t\t\t<\/div> \t\t<div class=\"elementor-element elementor-element-e5547ce e-con-full e-flex e-con e-parent\" data-id=\"e5547ce\" data-element_type=\"container\" data-e-type=\"container\" data-settings=\"{&quot;background_background&quot;:&quot;classic&quot;}\"> \t\t\t\t<div class=\"elementor-element elementor-element-35a0962 elementor-widget elementor-widget-heading\" data-id=\"35a0962\" data-element_type=\"widget\" data-e-type=\"widget\" data-widget_type=\"heading.default\"> \t\t\t\t\t<h3 class=\"elementor-heading-title elementor-size-default\">Para Kazanma Uzman\u0131 - Shuliy Ask\u0131 Yap\u0131m\u0131 Makineleri<\/h3>\t\t\t\t<\/div> \t\t\t\t<div class=\"elementor-element elementor-element-5d6319d elementor-align-right elementor-mobile-align-center btn-getquote elementor-widget elementor-widget-button\" data-id=\"5d6319d\" data-element_type=\"widget\" data-e-type=\"widget\" data-widget_type=\"button.default\"> \t\t\t\t\t\t\t\t\t\t<a class=\"elementor-button elementor-button-link elementor-size-lg\" href=\"#\"> \t\t\t\t\t\t<span class=\"elementor-button-content-wrapper\"> \t\t\t\t\t\t<span class=\"elementor-button-icon\"> \t\t\t\t<svg aria-hidden=\"true\" class=\"e-font-icon-svg e-fas-angle-double-right\" viewbox=\"0 0 448 512\" xmlns=\"http:\/\/www.w3.org\/2000\/svg\"><path d=\"M224.3 273l-136 136c-9.4 9.4-24.6 9.4-33.9 0l-22.6-22.6c-9.4-9.4-9.4-24.6 0-33.9l96.4-96.4-96.4-96.4c-9.4-9.4-9.4-24.6 0-33.9L54.3 103c9.4-9.4 24.6-9.4 33.9 0l136 136c9.5 9.4 9.5 24.6.1 34zm192-34l-136-136c-9.4-9.4-24.6-9.4-33.9 0l-22.6 22.6c-9.4 9.4-9.4 24.6 0 33.9l96.4 96.4-96.4 96.4c-9.4 9.4-9.4 24.6 0 33.9l22.6 22.6c9.4 9.4 24.6 9.4 33.9 0l136-136c9.4-9.2 9.4-24.4 0-33.8z\"><\/path><\/svg>\t\t\t<\/span> \t\t\t\t\t\t\t\t\t<span class=\"elementor-button-text\">B\u0130ZE ULA\u015eIN<\/span> \t\t\t\t\t<\/span> \t\t\t\t\t<\/a> \t\t\t\t\t\t\t\t<\/div> \t\t\t\t<\/div> \t\t\t\t<\/div>","protected":false},"excerpt":{"rendered":"<p>Various types of wire hanger making machines Meet the different needs of customers Are you looking for the hanger machine? Contact us for details Get Details Brief Introduction of Hanger Making Machine Hanger machine (wire clothes hanger machine) is a professional equipment that can quickly bend the wire into hangers. This machine can make various [&hellip;]<\/p>\n","protected":false},"author":1,"featured_media":0,"parent":0,"menu_order":0,"comment_status":"closed","ping_status":"open","template":"elementor_header_footer","meta":{"footnotes":""},"class_list":["post-2","page","type-page","status-publish","hentry"],"_links":{"self":[{"href":"https:\/\/hanger-machine.com\/tr\/wp-json\/wp\/v2\/pages\/2","targetHints":{"allow":["GET"]}}],"collection":[{"href":"https:\/\/hanger-machine.com\/tr\/wp-json\/wp\/v2\/pages"}],"about":[{"href":"https:\/\/hanger-machine.com\/tr\/wp-json\/wp\/v2\/types\/page"}],"author":[{"embeddable":true,"href":"https:\/\/hanger-machine.com\/tr\/wp-json\/wp\/v2\/users\/1"}],"replies":[{"embeddable":true,"href":"https:\/\/hanger-machine.com\/tr\/wp-json\/wp\/v2\/comments?post=2"}],"version-history":[{"count":0,"href":"https:\/\/hanger-machine.com\/tr\/wp-json\/wp\/v2\/pages\/2\/revisions"}],"wp:attachment":[{"href":"https:\/\/hanger-machine.com\/tr\/wp-json\/wp\/v2\/media?parent=2"}],"curies":[{"name":"wp","href":"https:\/\/api.w.org\/{rel}","templated":true}]}}